{"id":187994,"date":"2025-12-10T21:41:50","date_gmt":"2025-12-10T19:41:50","guid":{"rendered":"https:\/\/m50.lv\/product\/seik-100-lietas-ko-katrai-sievietei-dzives-laika-vajadzetu-izdarit\/"},"modified":"2026-01-19T17:28:52","modified_gmt":"2026-01-19T15:28:52","slug":"seik-100-lietas-ko-katrai-sievietei-dzives-laika-vajadzetu-izdarit","status":"publish","type":"product","link":"https:\/\/m50.lv\/lv\/product\/seik-100-lietas-ko-katrai-sievietei-dzives-laika-vajadzetu-izdarit\/","title":{"rendered":"SEIK 100 Lietas, ko katrai sievietei dz\u012bves laik\u0101 vajadz\u0113tu izdar\u012bt"},"content":{"rendered":"<p>IEGAUME\u0304 \u2013 ESI TA\u0304DA, KA\u0304DA VIENME\u0304R ESI VE\u0304LE\u0304JUSIES BU\u0304T!<br \/>\nIzm\u0113rs: 16 \u00d7 12 \u00d7 1.5 cm<\/p>\n","protected":false},"excerpt":{"rendered":"<p style=\"text-align: center;\">S\u030ci\u0304 gra\u0304mata ir cel\u0327vedis, pilns ar daz\u030ca\u0304da\u0304m iespe\u0304ja\u0304m, ko dzi\u0304ve mums pieda\u0304va\u0304 \u2013 gan traka\u0304m, piedzi\u0304vojumu pilna\u0304m, gan ta\u0304da\u0304m, kas pilnas sievis\u030ck\u0327i\u0304bas.<\/p>\n","protected":false},"featured_media":187897,"template":"","meta":{"_jet_sm_ready_style":"","_jet_sm_style":"","_jet_sm_controls_values":"","_jet_sm_fonts_collection":"","_jet_sm_fonts_links":""},"pwb-brand":[1266],"product_cat":[193,109,1195],"product_tag":[1579],"class_list":{"0":"post-187994","1":"product","2":"type-product","3":"status-publish","4":"has-post-thumbnail","6":"pwb-brand-seik-lv","7":"product_cat-davanas","8":"product_cat-gramatas","9":"product_cat-speles-un-kartis","10":"product_tag-davanas-mammai","12":"first","13":"instock","14":"taxable","15":"shipping-taxable","16":"purchasable","17":"product-type-simple"},"raw_content":{"name":"SEIK 100 Lietas, ko katrai sievietei dz\u012bves laik\u0101 vajadz\u0113tu izdar\u012bt","description":"<p>IEGAUME\u0304 \u2013 ESI TA\u0304DA, KA\u0304DA VIENME\u0304R ESI VE\u0304LE\u0304JUSIES BU\u0304T!<br \/>\r\nIzm\u0113rs: 16 \u00d7 12 \u00d7 1.5 cm<\/p>\r\n","short_description":"<p style=\"text-align: center;\">S\u030ci\u0304 gra\u0304mata ir cel\u0327vedis, pilns ar daz\u030ca\u0304da\u0304m iespe\u0304ja\u0304m, ko dzi\u0304ve mums pieda\u0304va\u0304 \u2013 gan traka\u0304m, piedzi\u0304vojumu pilna\u0304m, gan ta\u0304da\u0304m, kas pilnas sievis\u030ck\u0327i\u0304bas.<\/p>","status":"publish","sku":"seik-9789949731008","original":187791},"wpml":{"translation_type":1,"has_translations":true,"original":187791,"duplicates":[],"translations":{"lv":187994,"en":187791}},"brands":[{"id":1266,"name":"SEIK","slug":"seik-lv"}],"_links":{"self":[{"href":"https:\/\/m50.lv\/lv\/wp-json\/wp\/v2\/product\/187994","targetHints":{"allow":["GET"]}}],"collection":[{"href":"https:\/\/m50.lv\/lv\/wp-json\/wp\/v2\/product"}],"about":[{"href":"https:\/\/m50.lv\/lv\/wp-json\/wp\/v2\/types\/product"}],"version-history":[{"count":0,"href":"https:\/\/m50.lv\/lv\/wp-json\/wp\/v2\/product\/187994\/revisions"}],"wp:featuredmedia":[{"embeddable":true,"href":"https:\/\/m50.lv\/lv\/wp-json\/wp\/v2\/media\/187897"}],"wp:attachment":[{"href":"https:\/\/m50.lv\/lv\/wp-json\/wp\/v2\/media?parent=187994"}],"wp:term":[{"taxonomy":"pwb-brand","embeddable":true,"href":"https:\/\/m50.lv\/lv\/wp-json\/wp\/v2\/pwb-brand?post=187994"},{"taxonomy":"product_cat","embeddable":true,"href":"https:\/\/m50.lv\/lv\/wp-json\/wp\/v2\/product_cat?post=187994"},{"taxonomy":"product_tag","embeddable":true,"href":"https:\/\/m50.lv\/lv\/wp-json\/wp\/v2\/product_tag?post=187994"}],"curies":[{"name":"wp","href":"https:\/\/api.w.org\/{rel}","templated":true}]}}