{"id":187997,"date":"2025-12-10T21:36:43","date_gmt":"2025-12-10T19:36:43","guid":{"rendered":"https:\/\/m50.lv\/product\/seik-100-lietas-kas-katram-paritim-butu-jaizdara\/"},"modified":"2025-12-10T21:36:43","modified_gmt":"2025-12-10T19:36:43","slug":"seik-100-lietas-kas-katram-paritim-butu-jaizdara","status":"publish","type":"product","link":"https:\/\/m50.lv\/lv\/product\/seik-100-lietas-kas-katram-paritim-butu-jaizdara\/","title":{"rendered":"SEIK | 100 Lietas, kas katram p\u0101r\u012btim b\u016btu j\u0101izdara"},"content":{"rendered":"<p style=\"text-align: left;\">NU TAD AIZIET, PARA\u0304DIET CITIEM, KA KOPA\u0304 ESAT SAPN\u0327U KOMANDA!<\/p>\n<p style=\"text-align: left;\">Izm\u0113rs: 16 \u00d7 12 \u00d7 1.5 cm<\/p>\n","protected":false},"excerpt":{"rendered":"<p style=\"text-align: center;\">Tikko iemi\u0304le\u0304jus\u030cies vai kopa\u0304 jau gadiem, ju\u0304s esat laimi\u0304gi kopa\u0304? Lieliski! Tagad ju\u0304s varat viens otram un visai pasaulei to piera\u0304di\u0304t. Ja varat izdari\u0304t 100 s\u030ca\u0304ja\u0304 gra\u0304mata\u0304 publice\u0304tos uzdevumus, pirmka\u0304rt, bu\u0304sit kopa\u0304 piedzi\u0304vojus\u030ci paties\u030ca\u0304m daudz, otrka\u0304rt, bu\u0304sit piera\u0304di\u0304jus\u030ci ne tikai sev, bet ari\u0304 citiem, ka esat lieliska komanda. Ne maza\u0304k svari\u0304gi \u2013 pildot uzdevumus bu\u0304siet pa\u0304rsme\u0304jus\u030cies un kopa\u0304 piedzi\u0304vojus\u030ci neaizmirstamus mirkl\u0327us.<\/p>\n","protected":false},"featured_media":187909,"template":"","meta":{"_jet_sm_ready_style":"","_jet_sm_style":"","_jet_sm_controls_values":"","_jet_sm_fonts_collection":"","_jet_sm_fonts_links":""},"pwb-brand":[1266],"product_cat":[193,109,1195],"product_tag":[],"class_list":{"0":"post-187997","1":"product","2":"type-product","3":"status-publish","4":"has-post-thumbnail","6":"pwb-brand-seik-lv","7":"product_cat-davanas","8":"product_cat-gramatas","9":"product_cat-speles-un-kartis","11":"first","12":"instock","13":"taxable","14":"shipping-taxable","15":"purchasable","16":"product-type-simple"},"raw_content":{"name":"SEIK | 100 Lietas, kas katram p\u0101r\u012btim b\u016btu j\u0101izdara","description":"<p style=\"text-align: left;\">NU TAD AIZIET, PARA\u0304DIET CITIEM, KA KOPA\u0304 ESAT SAPN\u0327U KOMANDA!<\/p>\r\n<p style=\"text-align: left;\">Izm\u0113rs: 16 \u00d7 12 \u00d7 1.5 cm<\/p>\r\n","short_description":"<p style=\"text-align: center;\">Tikko iemi\u0304le\u0304jus\u030cies vai kopa\u0304 jau gadiem, ju\u0304s esat laimi\u0304gi kopa\u0304? Lieliski! Tagad ju\u0304s varat viens otram un visai pasaulei to piera\u0304di\u0304t. Ja varat izdari\u0304t 100 s\u030ca\u0304ja\u0304 gra\u0304mata\u0304 publice\u0304tos uzdevumus, pirmka\u0304rt, bu\u0304sit kopa\u0304 piedzi\u0304vojus\u030ci paties\u030ca\u0304m daudz, otrka\u0304rt, bu\u0304sit piera\u0304di\u0304jus\u030ci ne tikai sev, bet ari\u0304 citiem, ka esat lieliska komanda. Ne maza\u0304k svari\u0304gi \u2013 pildot uzdevumus bu\u0304siet pa\u0304rsme\u0304jus\u030cies un kopa\u0304 piedzi\u0304vojus\u030ci neaizmirstamus mirkl\u0327us.<\/p>","status":"publish","sku":"seik-9789949731022","original":187787},"wpml":{"translation_type":1,"has_translations":true,"original":187787,"duplicates":[],"translations":{"lv":187997,"en":187787}},"brands":[{"id":1266,"name":"SEIK","slug":"seik-lv"}],"_links":{"self":[{"href":"https:\/\/m50.lv\/lv\/wp-json\/wp\/v2\/product\/187997","targetHints":{"allow":["GET"]}}],"collection":[{"href":"https:\/\/m50.lv\/lv\/wp-json\/wp\/v2\/product"}],"about":[{"href":"https:\/\/m50.lv\/lv\/wp-json\/wp\/v2\/types\/product"}],"version-history":[{"count":0,"href":"https:\/\/m50.lv\/lv\/wp-json\/wp\/v2\/product\/187997\/revisions"}],"wp:featuredmedia":[{"embeddable":true,"href":"https:\/\/m50.lv\/lv\/wp-json\/wp\/v2\/media\/187909"}],"wp:attachment":[{"href":"https:\/\/m50.lv\/lv\/wp-json\/wp\/v2\/media?parent=187997"}],"wp:term":[{"taxonomy":"pwb-brand","embeddable":true,"href":"https:\/\/m50.lv\/lv\/wp-json\/wp\/v2\/pwb-brand?post=187997"},{"taxonomy":"product_cat","embeddable":true,"href":"https:\/\/m50.lv\/lv\/wp-json\/wp\/v2\/product_cat?post=187997"},{"taxonomy":"product_tag","embeddable":true,"href":"https:\/\/m50.lv\/lv\/wp-json\/wp\/v2\/product_tag?post=187997"}],"curies":[{"name":"wp","href":"https:\/\/api.w.org\/{rel}","templated":true}]}}