{"id":187998,"date":"2025-12-10T21:56:01","date_gmt":"2025-12-10T19:56:01","guid":{"rendered":"https:\/\/m50.lv\/product\/issp-planotajs-2026-gadam\/"},"modified":"2025-12-22T13:28:36","modified_gmt":"2025-12-22T11:28:36","slug":"issp-planotajs-2026-gadam","status":"publish","type":"product","link":"https:\/\/m50.lv\/lv\/product\/issp-planotajs-2026-gadam\/","title":{"rendered":"ISSP Pl\u0101not\u0101js 2026. gadam"},"content":{"rendered":"<p style=\"text-align: left;\">IEK\u0160\u0100 ATRAD\u012aSI:<br \/>\n&#8211; 12 m\u0113ne\u0161u atv\u0113rumus ar \u012bpa\u0161u att\u0113lu izlasi;<br \/>\n&#8211; 53 ned\u0113\u013cu atv\u0113rumus ar vietu pierakstiem, gada kalend\u0101rus, starptautiskus sv\u0113tkus, v\u0101rda dienas;<br \/>\n&#8211; 88 lapaspu\u0161u kladi person\u012bg\u0101m piez\u012bm\u0113m;<br \/>\n&#8211; 35 \u012bpa\u0161i atlas\u012bti att\u0113li no latvie\u0161u un \u0101rzemju autoriem.<\/p>\n<p style=\"text-align: left;\">Izm\u0113rs: 13&#215;18 cm<br \/>\nLapas: 240<br \/>\nValoda: Ang\u013cu<\/p>\n","protected":false},"excerpt":{"rendered":"<p style=\"text-align: center;\">ISSP pl\u0101not\u0101js ir \u0113rts, funkcion\u0101ls un est\u0113tisks dizaina priek\u0161mets, kas apvieno ikned\u0113\u013cas pl\u0101not\u0101ja, \u017eurn\u0101la un piez\u012bmju gr\u0101mati\u0146as funkcijas. Tas ir izdots jau vair\u0101k k\u0101 10 gadus un ir k\u013cuvis par iecien\u012btu un uzticamu ikdienas kompanjonu tiem, kas pl\u0101no savas dienas un domas ar pierakstu pal\u012bdz\u012bbu. 2026. gada izdevumu rot\u0101 35 \u012bpa\u0161i atlas\u012btas fotogr\u0101fijas no 27 latvijas un starptautiskiem autoriem.<\/p>\n","protected":false},"featured_media":187974,"template":"","meta":{"_jet_sm_ready_style":"","_jet_sm_style":"","_jet_sm_controls_values":"","_jet_sm_fonts_collection":"","_jet_sm_fonts_links":""},"pwb-brand":[1290],"product_cat":[193,779],"product_tag":[1558],"class_list":{"0":"post-187998","1":"product","2":"type-product","3":"status-publish","4":"has-post-thumbnail","6":"pwb-brand-issp-lv","7":"product_cat-davanas","8":"product_cat-planotaji","9":"product_tag-kalendari-un-planotaji","11":"first","12":"instock","13":"sale","14":"taxable","15":"shipping-taxable","16":"purchasable","17":"product-type-simple"},"raw_content":{"name":"ISSP Pl\u0101not\u0101js 2026. gadam","description":"<p style=\"text-align: left;\">IEK\u0160\u0100 ATRAD\u012aSI:\r\n- 12 m\u0113ne\u0161u atv\u0113rumus ar \u012bpa\u0161u att\u0113lu izlasi;\r\n- 53 ned\u0113\u013cu atv\u0113rumus ar vietu pierakstiem, gada kalend\u0101rus, starptautiskus sv\u0113tkus, v\u0101rda dienas;\r\n- 88 lapaspu\u0161u kladi person\u012bg\u0101m piez\u012bm\u0113m;\r\n- 35 \u012bpa\u0161i atlas\u012bti att\u0113li no latvie\u0161u un \u0101rzemju autoriem.<\/p>\r\n<p style=\"text-align: left;\">Izm\u0113rs: 13x18 cm\r\nLapas: 240\r\nValoda: Ang\u013cu<\/p>","short_description":"<p style=\"text-align: center;\">ISSP pl\u0101not\u0101js ir \u0113rts, funkcion\u0101ls un est\u0113tisks dizaina priek\u0161mets, kas apvieno ikned\u0113\u013cas pl\u0101not\u0101ja, \u017eurn\u0101la un piez\u012bmju gr\u0101mati\u0146as funkcijas. Tas ir izdots jau vair\u0101k k\u0101 10 gadus un ir k\u013cuvis par iecien\u012btu un uzticamu ikdienas kompanjonu tiem, kas pl\u0101no savas dienas un domas ar pierakstu pal\u012bdz\u012bbu. 2026. gada izdevumu rot\u0101 35 \u012bpa\u0161i atlas\u012btas fotogr\u0101fijas no 27 latvijas un starptautiskiem autoriem.<\/p>","status":"publish","sku":"issp-2026","original":187956},"wpml":{"translation_type":1,"has_translations":true,"original":187956,"duplicates":[],"translations":{"lv":187998,"en":187956}},"brands":[{"id":1290,"name":"ISSP","slug":"issp-lv"}],"_links":{"self":[{"href":"https:\/\/m50.lv\/lv\/wp-json\/wp\/v2\/product\/187998","targetHints":{"allow":["GET"]}}],"collection":[{"href":"https:\/\/m50.lv\/lv\/wp-json\/wp\/v2\/product"}],"about":[{"href":"https:\/\/m50.lv\/lv\/wp-json\/wp\/v2\/types\/product"}],"version-history":[{"count":0,"href":"https:\/\/m50.lv\/lv\/wp-json\/wp\/v2\/product\/187998\/revisions"}],"wp:featuredmedia":[{"embeddable":true,"href":"https:\/\/m50.lv\/lv\/wp-json\/wp\/v2\/media\/187974"}],"wp:attachment":[{"href":"https:\/\/m50.lv\/lv\/wp-json\/wp\/v2\/media?parent=187998"}],"wp:term":[{"taxonomy":"pwb-brand","embeddable":true,"href":"https:\/\/m50.lv\/lv\/wp-json\/wp\/v2\/pwb-brand?post=187998"},{"taxonomy":"product_cat","embeddable":true,"href":"https:\/\/m50.lv\/lv\/wp-json\/wp\/v2\/product_cat?post=187998"},{"taxonomy":"product_tag","embeddable":true,"href":"https:\/\/m50.lv\/lv\/wp-json\/wp\/v2\/product_tag?post=187998"}],"curies":[{"name":"wp","href":"https:\/\/api.w.org\/{rel}","templated":true}]}}