{"id":188233,"date":"2025-12-18T20:49:48","date_gmt":"2025-12-18T18:49:48","guid":{"rendered":"https:\/\/m50.lv\/product\/filmas-straume-metala-kruze-ar-karabini\/"},"modified":"2026-02-04T12:10:24","modified_gmt":"2026-02-04T10:10:24","slug":"filmas-straume-metala-kruze-ar-karabini","status":"publish","type":"product","link":"https:\/\/m50.lv\/lv\/product\/filmas-straume-metala-kruze-ar-karabini\/","title":{"rendered":"Filmas STRAUME met\u0101la kr\u016bze ar karab\u012bni"},"content":{"rendered":"<p style=\"text-align: left;\">\u0160\u012b kr\u016bze, uz kuras sas\u0113du\u0161ies visi filmas &#8220;Straume&#8221; draugi, Tev atg\u0101din\u0101s, cik svar\u012bgi ir sekot saviem sap\u0146iem un doties dz\u012bv\u0113 -\u2014 t\u0101 ir praktiska, iztur\u012bga un lieliski piem\u0113rota l\u012bdzi\u0146em\u0161anai dab\u0101 vai ikdienas gait\u0101s! Oskara un Golden Globe balvu sa\u0146em\u0161ana par lab\u0101ko anim\u0101cijas filmu 2024.gad\u0101, ir sasniegums, kas ierindo Latviju starp pasaules lab\u0101kajiem anim\u0101cijas veidot\u0101jiem. Un ne velti \u2014 Straume \/ Flow ir vizu\u0101li satrieco\u0161s un v\u0113st\u012bjuma zi\u0146\u0101 sp\u0113c\u012bgs \u0161edevrs, kas apvieno ma\u0123isku atmosf\u0113ru ar dzi\u013cu, p\u0101rdomas rosino\u0161u st\u0101stu. Vair\u0101k par filmu un t\u0101s tap\u0161anas st\u0101stu lasi \u0161eit \u2013 m\u016bsu bloga ierakst\u0101.<br \/>\n\u00a9 FLOW\u2122 2024, Dream Well Studio, Sacrebleu Productions, Take Five. Visas ties\u012bbas aizsarg\u0101tas.<\/p>\n","protected":false},"excerpt":{"rendered":"<p style=\"text-align: center;\">Ginta Zilbalo\u017ea anim\u0101cijas filmai \u201cStraume \/ Flow\u201d rad\u012bt\u0101 met\u0101la kr\u016bze ar karab\u012bnes rokturi un visiem filmas varo\u0146iem, ir lieliska d\u0101vana ikvienam, kam pat\u012bk piedz\u012bvojumi, anim\u0101cija un m\u0101ksla.<br \/>\nKr\u016bzes tilpums: 220ml, tai ir dubult\u0101s sieni\u0146as &#8211; nekars\u012bs rokas, un dz\u0113riens ilg\u0101k saglab\u0101sies silts!<br \/>\nNoder\u012bgs un stil\u012bgs aksesu\u0101rs \u012bsteniem filmas cien\u012bt\u0101jiem! \ud83c\udf3f\ud83d\udc3e<\/p>\n<p style=\"text-align: center;\">Ofici\u0101lais suven\u012brs 2025. gada Zelta Globusa un Oskara balvu ieguvu\u0161ajai lab\u0101kajai anim\u0101cijas filmai.<\/p>\n","protected":false},"featured_media":188197,"template":"","meta":{"_jet_sm_ready_style":"","_jet_sm_style":"","_jet_sm_controls_values":"","_jet_sm_fonts_collection":"","_jet_sm_fonts_links":""},"pwb-brand":[1458],"product_cat":[193],"product_tag":[1547,1485,1502],"class_list":{"0":"post-188233","1":"product","2":"type-product","3":"status-publish","4":"has-post-thumbnail","6":"pwb-brand-filma-straume","7":"product_cat-davanas","8":"product_tag-straume-berniem","9":"product_tag-straume","10":"product_tag-straume-lv","12":"first","13":"instock","14":"taxable","15":"shipping-taxable","16":"purchasable","17":"product-type-simple"},"raw_content":{"name":"Filmas STRAUME met\u0101la kr\u016bze ar karab\u012bni","description":"<p style=\"text-align: left;\">\u0160\u012b kr\u016bze, uz kuras sas\u0113du\u0161ies visi filmas \"Straume\" draugi, Tev atg\u0101din\u0101s, cik svar\u012bgi ir sekot saviem sap\u0146iem un doties dz\u012bv\u0113 -\u2014 t\u0101 ir praktiska, iztur\u012bga un lieliski piem\u0113rota l\u012bdzi\u0146em\u0161anai dab\u0101 vai ikdienas gait\u0101s! Oskara un Golden Globe balvu sa\u0146em\u0161ana par lab\u0101ko anim\u0101cijas filmu 2024.gad\u0101, ir sasniegums, kas ierindo Latviju starp pasaules lab\u0101kajiem anim\u0101cijas veidot\u0101jiem. Un ne velti \u2014 Straume \/ Flow ir vizu\u0101li satrieco\u0161s un v\u0113st\u012bjuma zi\u0146\u0101 sp\u0113c\u012bgs \u0161edevrs, kas apvieno ma\u0123isku atmosf\u0113ru ar dzi\u013cu, p\u0101rdomas rosino\u0161u st\u0101stu. Vair\u0101k par filmu un t\u0101s tap\u0161anas st\u0101stu lasi \u0161eit \u2013 m\u016bsu bloga ierakst\u0101.\r\n\u00a9 FLOW\u2122 2024, Dream Well Studio, Sacrebleu Productions, Take Five. Visas ties\u012bbas aizsarg\u0101tas.<\/p>","short_description":"<p style=\"text-align: center;\">Ginta Zilbalo\u017ea anim\u0101cijas filmai \u201cStraume \/ Flow\u201d rad\u012bt\u0101 met\u0101la kr\u016bze ar karab\u012bnes rokturi un visiem filmas varo\u0146iem, ir lieliska d\u0101vana ikvienam, kam pat\u012bk piedz\u012bvojumi, anim\u0101cija un m\u0101ksla.\r\nKr\u016bzes tilpums: 220ml, tai ir dubult\u0101s sieni\u0146as - nekars\u012bs rokas, un dz\u0113riens ilg\u0101k saglab\u0101sies silts!\r\nNoder\u012bgs un stil\u012bgs aksesu\u0101rs \u012bsteniem filmas cien\u012bt\u0101jiem! \ud83c\udf3f\ud83d\udc3e<\/p>\r\n<p style=\"text-align: center;\">Ofici\u0101lais suven\u012brs 2025. gada Zelta Globusa un Oskara balvu ieguvu\u0161ajai lab\u0101kajai anim\u0101cijas filmai.<\/p>","status":"publish","sku":"flow-mug","original":188195},"wpml":{"translation_type":1,"has_translations":true,"original":188195,"duplicates":[],"translations":{"lv":188233,"en":188195}},"brands":[{"id":1458,"name":"Filma Straume","slug":"filma-straume"}],"_links":{"self":[{"href":"https:\/\/m50.lv\/lv\/wp-json\/wp\/v2\/product\/188233","targetHints":{"allow":["GET"]}}],"collection":[{"href":"https:\/\/m50.lv\/lv\/wp-json\/wp\/v2\/product"}],"about":[{"href":"https:\/\/m50.lv\/lv\/wp-json\/wp\/v2\/types\/product"}],"version-history":[{"count":0,"href":"https:\/\/m50.lv\/lv\/wp-json\/wp\/v2\/product\/188233\/revisions"}],"wp:featuredmedia":[{"embeddable":true,"href":"https:\/\/m50.lv\/lv\/wp-json\/wp\/v2\/media\/188197"}],"wp:attachment":[{"href":"https:\/\/m50.lv\/lv\/wp-json\/wp\/v2\/media?parent=188233"}],"wp:term":[{"taxonomy":"pwb-brand","embeddable":true,"href":"https:\/\/m50.lv\/lv\/wp-json\/wp\/v2\/pwb-brand?post=188233"},{"taxonomy":"product_cat","embeddable":true,"href":"https:\/\/m50.lv\/lv\/wp-json\/wp\/v2\/product_cat?post=188233"},{"taxonomy":"product_tag","embeddable":true,"href":"https:\/\/m50.lv\/lv\/wp-json\/wp\/v2\/product_tag?post=188233"}],"curies":[{"name":"wp","href":"https:\/\/api.w.org\/{rel}","templated":true}]}}