{"id":189045,"date":"2026-02-13T20:40:54","date_gmt":"2026-02-13T18:40:54","guid":{"rendered":"https:\/\/m50.lv\/product\/m50-unisex-t-krekls-milums-balts\/"},"modified":"2026-03-07T10:49:03","modified_gmt":"2026-03-07T08:49:03","slug":"m50-unisex-t-krekls-milums-balts","status":"publish","type":"product","link":"https:\/\/m50.lv\/lv\/product\/m50-unisex-t-krekls-milums-balts\/","title":{"rendered":"M50  Unisex T-krekls \u201cM\u012a\u013bUMS\u201d | Balts"},"content":{"rendered":"<p style=\"text-align: left;\">Kas Tev ir M\u012b\u013cums? K\u0101ds konkr\u0113ts cilv\u0113ks, vai attieksme pret dz\u012bvi?<\/p>\n<p style=\"text-align: left;\">\u0160is T-krekls ra\u017eots no augstas kvalit\u0101tes 100% organiskas un PETA sertific\u0113tas kokvilnas. M\u012bksts un \u0113rts klasiska unisex mode\u013ca T krekls \u2013 to uzvelkot, ap\u0146ems maiga un pat\u012bkama saj\u016bta. Sarkans iz\u0161uvums uz pienbalta kr\u0101sas krekla. Rakst\u012bts b\u0113rna rokrakst\u0101.<\/p>\n<p style=\"text-align: left;\">Ieteicams mazg\u0101t 30C gr\u0101du temperat\u016br\u0101, izgrie\u017eot iek\u0161pusi uz \u0101ru. Auduma bl\u012bvums: 180 G\/M\u00b2<\/p>\n","protected":false},"excerpt":{"rendered":"<p style=\"text-align: center;\">Tas ir k\u0101 apsk\u0101viens, kas silda sirdi. M\u012b\u013cumu var saskat\u012bt k\u0101 otr\u0101 cilv\u0113k\u0101, t\u0101 mums visapk\u0101rt. M\u012b\u013cums izgl\u0101bs pasauli.<\/p>\n","protected":false},"featured_media":188630,"template":"","meta":{"_jet_sm_ready_style":"","_jet_sm_style":"","_jet_sm_controls_values":"","_jet_sm_fonts_collection":"","_jet_sm_fonts_links":""},"pwb-brand":[1249],"product_cat":[102,105,107],"product_tag":[1200,1563,845,1436],"class_list":["post-189045","product","type-product","status-publish","has-post-thumbnail","pwb-brand-m50-lv","product_cat-apgerbs","product_cat-sievietem","product_cat-t-krekli-sievietem","product_tag-m50-t-krekli","product_tag-man-t-shirt","product_tag-t-krekli","product_tag-t-shirt-lv","first","instock","taxable","shipping-taxable","purchasable","product-type-variable"],"raw_content":{"name":"M50  Unisex T-krekls \u201cM\u012a\u013bUMS\u201d | Balts","description":"<p style=\"text-align: left;\">Kas Tev ir M\u012b\u013cums? K\u0101ds konkr\u0113ts cilv\u0113ks, vai attieksme pret dz\u012bvi?<\/p>\r\n<p style=\"text-align: left;\">\u0160is T-krekls ra\u017eots no augstas kvalit\u0101tes 100% organiskas un PETA sertific\u0113tas kokvilnas. M\u012bksts un \u0113rts klasiska unisex mode\u013ca T krekls \u2013 to uzvelkot, ap\u0146ems maiga un pat\u012bkama saj\u016bta. Sarkans iz\u0161uvums uz pienbalta kr\u0101sas krekla. Rakst\u012bts b\u0113rna rokrakst\u0101.<\/p>\r\n<p style=\"text-align: left;\">Ieteicams mazg\u0101t 30C gr\u0101du temperat\u016br\u0101, izgrie\u017eot iek\u0161pusi uz \u0101ru. Auduma bl\u012bvums: 180 G\/M\u00b2<\/p>","short_description":"<p style=\"text-align: center;\">Tas ir k\u0101 apsk\u0101viens, kas silda sirdi. M\u012b\u013cumu var saskat\u012bt k\u0101 otr\u0101 cilv\u0113k\u0101, t\u0101 mums visapk\u0101rt. M\u012b\u013cums izgl\u0101bs pasauli.<\/p>","status":"publish","sku":"M50-Tshirt-M\u012a\u013bUMS-Off-White","original":189037},"wpml":{"translation_type":1,"has_translations":true,"original":189037,"duplicates":[],"translations":{"lv":189045,"en":189037}},"brands":[{"id":1249,"name":"M50","slug":"m50-lv"}],"_links":{"self":[{"href":"https:\/\/m50.lv\/lv\/wp-json\/wp\/v2\/product\/189045","targetHints":{"allow":["GET"]}}],"collection":[{"href":"https:\/\/m50.lv\/lv\/wp-json\/wp\/v2\/product"}],"about":[{"href":"https:\/\/m50.lv\/lv\/wp-json\/wp\/v2\/types\/product"}],"version-history":[{"count":0,"href":"https:\/\/m50.lv\/lv\/wp-json\/wp\/v2\/product\/189045\/revisions"}],"wp:featuredmedia":[{"embeddable":true,"href":"https:\/\/m50.lv\/lv\/wp-json\/wp\/v2\/media\/188630"}],"wp:attachment":[{"href":"https:\/\/m50.lv\/lv\/wp-json\/wp\/v2\/media?parent=189045"}],"wp:term":[{"taxonomy":"pwb-brand","embeddable":true,"href":"https:\/\/m50.lv\/lv\/wp-json\/wp\/v2\/pwb-brand?post=189045"},{"taxonomy":"product_cat","embeddable":true,"href":"https:\/\/m50.lv\/lv\/wp-json\/wp\/v2\/product_cat?post=189045"},{"taxonomy":"product_tag","embeddable":true,"href":"https:\/\/m50.lv\/lv\/wp-json\/wp\/v2\/product_tag?post=189045"}],"curies":[{"name":"wp","href":"https:\/\/api.w.org\/{rel}","templated":true}]}}