{"id":189333,"date":"2026-03-18T19:43:24","date_gmt":"2026-03-18T17:43:24","guid":{"rendered":"https:\/\/m50.lv\/product\/filma-nospiedumi-auduma-soma-sito-mani-nervi-netur\/"},"modified":"2026-03-23T14:05:33","modified_gmt":"2026-03-23T12:05:33","slug":"filma-nospiedumi-auduma-soma-sito-mani-nervi-netur","status":"publish","type":"product","link":"https:\/\/m50.lv\/lv\/product\/filma-nospiedumi-auduma-soma-sito-mani-nervi-netur\/","title":{"rendered":"Filma &#8220;Nospiedumi&#8221; auduma soma | \u0160ito mani nervi Netur"},"content":{"rendered":"<p style=\"text-align: left;\">Dizains: Art\u016brs Me\u013c\u0146iks.<\/p>\n<p style=\"text-align: left;\">Apraksts:<br \/>\nIztur\u012bga, stingra audekla soma (80% p\u0101rstr\u0101d\u0101ta kokvilna, 20% p\u0101rstr\u0101d\u0101ts poliesters)<\/p>\n<p style=\"text-align: left;\">Druk\u0101ts R\u012bg\u0101, Latvij\u0101<\/p>\n","protected":false},"excerpt":{"rendered":"<p style=\"text-align: center;\">Ironiski un tr\u0101p\u012bgi teksti no Alises Zari\u0146as filmas &#8220;Nospiedumi&#8221;, kuras centr\u0101 ir attiec\u012bbas starp paaudz\u0113m un m\u016bsu kolekt\u012bv\u0101s traumas, uz kur\u0101m \u0161is kino darbs vedina paskat\u012bties ar vieglumu un humoru. Galven\u0101s varones L\u012bvas (atveido Ieva Segli\u0146a) dz\u012bv\u0113 p\u0113k\u0161\u0146i atgrie\u017eas t\u0113vs \u2013 nerealiz\u0113jies m\u0101kslinieks, kur\u0161 p\u0101rliecino\u0161i realiz\u0113jies k\u0101 alkoholi\u0137is. L\u012bvas pa\u0161apzi\u0146a, romantisk\u0101s attiec\u012bbas un dv\u0113seles miers tiek stipri satricin\u0101ti. Lai ar\u012b k\u0101 L\u012bva to nev\u0113l\u0113tos atz\u012bt, ne visas traumas dzied\u0113 laiks. Da\u017eas paliek ar mums neatkar\u012bgi no t\u0101, cik \u013coti m\u0113s v\u0113l\u0113tos piedot, pie\u0146emt vai vismaz k\u013c\u016bt pietiekami ciniski, lai var\u0113tu par t\u0101m pasmieties.<\/p>\n","protected":false},"featured_media":189324,"template":"","meta":{"_jet_sm_ready_style":"","_jet_sm_style":"","_jet_sm_controls_values":"","_jet_sm_fonts_collection":"","_jet_sm_fonts_links":""},"pwb-brand":[1567],"product_cat":[205,193,108,583],"product_tag":[1569],"class_list":{"0":"post-189333","1":"product","2":"type-product","3":"status-publish","4":"has-post-thumbnail","6":"pwb-brand-m50-x-nospiedumi","7":"product_cat-auduma-maisini","8":"product_cat-davanas","9":"product_cat-maksla","10":"product_cat-uncategorized-lv","11":"product_tag-nospiedumi","13":"first","14":"instock","15":"taxable","16":"shipping-taxable","17":"purchasable","18":"product-type-simple"},"raw_content":{"name":"Filma \"Nospiedumi\" auduma soma | \u0160ito mani nervi Netur","description":"<p style=\"text-align: left;\">Dizains: Art\u016brs Me\u013c\u0146iks.<\/p>\r\n<p style=\"text-align: left;\">Apraksts:\r\nIztur\u012bga, stingra audekla soma (80% p\u0101rstr\u0101d\u0101ta kokvilna, 20% p\u0101rstr\u0101d\u0101ts poliesters)<\/p>\r\n<p style=\"text-align: left;\">Druk\u0101ts R\u012bg\u0101, Latvij\u0101<\/p>","short_description":"<p style=\"text-align: center;\">Ironiski un tr\u0101p\u012bgi teksti no Alises Zari\u0146as filmas \"Nospiedumi\", kuras centr\u0101 ir attiec\u012bbas starp paaudz\u0113m un m\u016bsu kolekt\u012bv\u0101s traumas, uz kur\u0101m \u0161is kino darbs vedina paskat\u012bties ar vieglumu un humoru. Galven\u0101s varones L\u012bvas (atveido Ieva Segli\u0146a) dz\u012bv\u0113 p\u0113k\u0161\u0146i atgrie\u017eas t\u0113vs \u2013 nerealiz\u0113jies m\u0101kslinieks, kur\u0161 p\u0101rliecino\u0161i realiz\u0113jies k\u0101 alkoholi\u0137is. L\u012bvas pa\u0161apzi\u0146a, romantisk\u0101s attiec\u012bbas un dv\u0113seles miers tiek stipri satricin\u0101ti. Lai ar\u012b k\u0101 L\u012bva to nev\u0113l\u0113tos atz\u012bt, ne visas traumas dzied\u0113 laiks. Da\u017eas paliek ar mums neatkar\u012bgi no t\u0101, cik \u013coti m\u0113s v\u0113l\u0113tos piedot, pie\u0146emt vai vismaz k\u013c\u016bt pietiekami ciniski, lai var\u0113tu par t\u0101m pasmieties.<\/p>","status":"publish","sku":"1000443","original":189286},"wpml":{"translation_type":1,"has_translations":true,"original":189286,"duplicates":[],"translations":{"lv":189333,"en":189286}},"brands":[{"id":1567,"name":"M50 x Nospiedumi","slug":"m50-x-nospiedumi"}],"_links":{"self":[{"href":"https:\/\/m50.lv\/lv\/wp-json\/wp\/v2\/product\/189333","targetHints":{"allow":["GET"]}}],"collection":[{"href":"https:\/\/m50.lv\/lv\/wp-json\/wp\/v2\/product"}],"about":[{"href":"https:\/\/m50.lv\/lv\/wp-json\/wp\/v2\/types\/product"}],"version-history":[{"count":1,"href":"https:\/\/m50.lv\/lv\/wp-json\/wp\/v2\/product\/189333\/revisions"}],"predecessor-version":[{"id":189358,"href":"https:\/\/m50.lv\/lv\/wp-json\/wp\/v2\/product\/189333\/revisions\/189358"}],"wp:featuredmedia":[{"embeddable":true,"href":"https:\/\/m50.lv\/lv\/wp-json\/wp\/v2\/media\/189324"}],"wp:attachment":[{"href":"https:\/\/m50.lv\/lv\/wp-json\/wp\/v2\/media?parent=189333"}],"wp:term":[{"taxonomy":"pwb-brand","embeddable":true,"href":"https:\/\/m50.lv\/lv\/wp-json\/wp\/v2\/pwb-brand?post=189333"},{"taxonomy":"product_cat","embeddable":true,"href":"https:\/\/m50.lv\/lv\/wp-json\/wp\/v2\/product_cat?post=189333"},{"taxonomy":"product_tag","embeddable":true,"href":"https:\/\/m50.lv\/lv\/wp-json\/wp\/v2\/product_tag?post=189333"}],"curies":[{"name":"wp","href":"https:\/\/api.w.org\/{rel}","templated":true}]}}