{"id":189757,"date":"2026-04-28T18:21:09","date_gmt":"2026-04-28T16:21:09","guid":{"rendered":"https:\/\/m50.lv\/product\/rains-rolltop-rucksack-mugursoma-w3-amp\/"},"modified":"2026-04-28T18:21:09","modified_gmt":"2026-04-28T16:21:09","slug":"rains-rolltop-rucksack-mugursoma-w3-amp","status":"publish","type":"product","link":"https:\/\/m50.lv\/lv\/product\/rains-rolltop-rucksack-mugursoma-w3-amp\/","title":{"rendered":"RAINS Rolltop Rucksack mugursoma W3 | Amp"},"content":{"rendered":"<p style=\"text-align: left;\">Materi\u0101ls: 100% poliesters<br \/>\nP\u0101rkl\u0101jums: 100% PU (poliuret\u0101ns)<br \/>\n\u016adensiztur\u012bba: W3 \u2013 aizsardz\u012bba pret m\u0113renu ikdienas lietu<br \/>\nAizdare: sarull\u0113jama aug\u0161da\u013ca, karab\u012bne<br \/>\nIzm\u0113ri: A 48 x P 32 x D 11 cm<br \/>\nTilpums: 19 L<br \/>\nSvars: 0,78 kg<\/p>\n<ul>\n<li style=\"text-align: left;\">Sarull\u0113jama aug\u0161da\u013cas atv\u0113r\u0161ana ar spiedpogu fiks\u0101ciju un karab\u012bnes aizdari<\/li>\n<li style=\"text-align: left;\">Viens galvenais nodal\u012bjums<\/li>\n<li style=\"text-align: left;\">Priek\u0161\u0113j\u0101 kabata ar p\u0101rkl\u0101tu r\u0101v\u0113jsl\u0113dz\u0113ju<\/li>\n<li style=\"text-align: left;\">S\u0101nu kabata ar piek\u013cuvi, piem\u0113rota l\u012bdz 16&#8243; portat\u012bvajam datoram<\/li>\n<li style=\"text-align: left;\">Polster\u0113ta, elpojo\u0161a air-mesh muguras da\u013ca<\/li>\n<li style=\"text-align: left;\">Regul\u0113jamas, polster\u0113tas plecu siksnas<\/li>\n<li style=\"text-align: left;\">N\u0113s\u0101\u0161anas rokturis no iztur\u012bgas lentes (webbing)<\/li>\n<li style=\"text-align: left;\">Regul\u0113jama kr\u016b\u0161u siksna<\/li>\n<\/ul>\n","protected":false},"excerpt":{"rendered":"<p style=\"text-align: center;\">Rolltop tipa mugursoma ir uzticams pils\u0113tas aksesu\u0101rs, kas lieliski piem\u0113rots ikdienas p\u0101rvieto\u0161an\u0101s vajadz\u012bb\u0101m gan ar velosip\u0113du, gan k\u0101j\u0101m. To raksturo sarull\u0113jama aug\u0161da\u013cas aizdare un rite\u0146brauk\u0161anai piel\u0101gotas funkcijas.<\/p>\n","protected":false},"featured_media":189671,"template":"","meta":{"_jet_sm_ready_style":"","_jet_sm_style":"","_jet_sm_controls_values":"","_jet_sm_fonts_collection":"","_jet_sm_fonts_links":""},"pwb-brand":[1252],"product_cat":[101,195],"product_tag":[],"class_list":{"0":"post-189757","1":"product","2":"type-product","3":"status-publish","4":"has-post-thumbnail","6":"pwb-brand-rains-lv","7":"product_cat-aksesuari","8":"product_cat-somas","10":"first","11":"instock","12":"taxable","13":"shipping-taxable","14":"purchasable","15":"product-type-simple"},"raw_content":{"name":"RAINS Rolltop Rucksack mugursoma W3 | Amp","description":"<p style=\"text-align: left;\">Materi\u0101ls: 100% poliesters\r\nP\u0101rkl\u0101jums: 100% PU (poliuret\u0101ns)\r\n\u016adensiztur\u012bba: W3 \u2013 aizsardz\u012bba pret m\u0113renu ikdienas lietu\r\nAizdare: sarull\u0113jama aug\u0161da\u013ca, karab\u012bne\r\nIzm\u0113ri: A 48 x P 32 x D 11 cm\r\nTilpums: 19 L\r\nSvars: 0,78 kg<\/p>\r\n\r\n<ul>\r\n \t<li style=\"text-align: left;\">Sarull\u0113jama aug\u0161da\u013cas atv\u0113r\u0161ana ar spiedpogu fiks\u0101ciju un karab\u012bnes aizdari<\/li>\r\n \t<li style=\"text-align: left;\">Viens galvenais nodal\u012bjums<\/li>\r\n \t<li style=\"text-align: left;\">Priek\u0161\u0113j\u0101 kabata ar p\u0101rkl\u0101tu r\u0101v\u0113jsl\u0113dz\u0113ju<\/li>\r\n \t<li style=\"text-align: left;\">S\u0101nu kabata ar piek\u013cuvi, piem\u0113rota l\u012bdz 16\" portat\u012bvajam datoram<\/li>\r\n \t<li style=\"text-align: left;\">Polster\u0113ta, elpojo\u0161a air-mesh muguras da\u013ca<\/li>\r\n \t<li style=\"text-align: left;\">Regul\u0113jamas, polster\u0113tas plecu siksnas<\/li>\r\n \t<li style=\"text-align: left;\">N\u0113s\u0101\u0161anas rokturis no iztur\u012bgas lentes (webbing)<\/li>\r\n \t<li style=\"text-align: left;\">Regul\u0113jama kr\u016b\u0161u siksna<\/li>\r\n<\/ul>","short_description":"<p style=\"text-align: center;\">Rolltop tipa mugursoma ir uzticams pils\u0113tas aksesu\u0101rs, kas lieliski piem\u0113rots ikdienas p\u0101rvieto\u0161an\u0101s vajadz\u012bb\u0101m gan ar velosip\u0113du, gan k\u0101j\u0101m. To raksturo sarull\u0113jama aug\u0161da\u013cas aizdare un rite\u0146brauk\u0161anai piel\u0101gotas funkcijas.<\/p>","status":"publish","sku":"rains-13320-amp","original":189676},"wpml":{"translation_type":1,"has_translations":true,"original":189676,"duplicates":[],"translations":{"lv":189757,"en":189676}},"brands":[{"id":1252,"name":"Rains","slug":"rains-lv"}],"_links":{"self":[{"href":"https:\/\/m50.lv\/lv\/wp-json\/wp\/v2\/product\/189757","targetHints":{"allow":["GET"]}}],"collection":[{"href":"https:\/\/m50.lv\/lv\/wp-json\/wp\/v2\/product"}],"about":[{"href":"https:\/\/m50.lv\/lv\/wp-json\/wp\/v2\/types\/product"}],"version-history":[{"count":0,"href":"https:\/\/m50.lv\/lv\/wp-json\/wp\/v2\/product\/189757\/revisions"}],"wp:featuredmedia":[{"embeddable":true,"href":"https:\/\/m50.lv\/lv\/wp-json\/wp\/v2\/media\/189671"}],"wp:attachment":[{"href":"https:\/\/m50.lv\/lv\/wp-json\/wp\/v2\/media?parent=189757"}],"wp:term":[{"taxonomy":"pwb-brand","embeddable":true,"href":"https:\/\/m50.lv\/lv\/wp-json\/wp\/v2\/pwb-brand?post=189757"},{"taxonomy":"product_cat","embeddable":true,"href":"https:\/\/m50.lv\/lv\/wp-json\/wp\/v2\/product_cat?post=189757"},{"taxonomy":"product_tag","embeddable":true,"href":"https:\/\/m50.lv\/lv\/wp-json\/wp\/v2\/product_tag?post=189757"}],"curies":[{"name":"wp","href":"https:\/\/api.w.org\/{rel}","templated":true}]}}