{"id":189758,"date":"2026-04-28T18:22:50","date_gmt":"2026-04-28T16:22:50","guid":{"rendered":"https:\/\/m50.lv\/product\/rains-texel-cargo-mugursoma-w3-melna\/"},"modified":"2026-04-28T18:22:50","modified_gmt":"2026-04-28T16:22:50","slug":"rains-texel-cargo-mugursoma-w3-melna","status":"publish","type":"product","link":"https:\/\/m50.lv\/lv\/product\/rains-texel-cargo-mugursoma-w3-melna\/","title":{"rendered":"RAINS Texel Cargo mugursoma W3 | Melna"},"content":{"rendered":"<p style=\"text-align: left;\">Materi\u0101ls: 100% PES (poliesters)<br \/>\nP\u0101rkl\u0101jums: 100% PU (poliuret\u0101ns)<br \/>\n\u016adens kolonnas spiediens: 8000 mm<br \/>\n\u016adensiztur\u012bbas l\u012bmenis: W3 \u2013 aizsardz\u012bba pret m\u0113renu ikdienas lietu<br \/>\nAizdare: r\u0101v\u0113jsl\u0113dz\u0113js<br \/>\nIzm\u0113ri: A 45 x P 28,5 x D 13 cm<br \/>\nTilpums: 14 L<br \/>\nSvars: 1,00 kg<\/p>\n<ul>\n<li style=\"text-align: left;\">P\u0101rkl\u0101ts r\u0101v\u0113jsl\u0113dz\u0113js<\/li>\n<li style=\"text-align: left;\">Viens galvenais nodal\u012bjums ar pel\u0113ku oderi<\/li>\n<li style=\"text-align: left;\">Polster\u0113ta kabata, piem\u0113rota l\u012bdz 16&#8243; portat\u012bvajam datoram<\/li>\n<li style=\"text-align: left;\">Divas priek\u0161\u0113j\u0101s kabatas ar r\u0101v\u0113jsl\u0113dz\u0113jiem<\/li>\n<li style=\"text-align: left;\">Divas s\u0101nu kompresijas siksnas ar spr\u0101dz\u0113m<\/li>\n<li style=\"text-align: left;\">N\u0113s\u0101\u0161anas rokturis no iztur\u012bgas lentes (webbing)<\/li>\n<li style=\"text-align: left;\">Regul\u0113jamas, polster\u0113tas plecu siksnas<\/li>\n<li style=\"text-align: left;\">Regul\u0113jama kr\u016b\u0161u siksna<\/li>\n<li style=\"text-align: left;\">Polster\u0113ta, elpojo\u0161a sieta (mesh) muguras da\u013ca<\/li>\n<li style=\"text-align: left;\">Aizmugur\u0113 integr\u0113ta lente stiprin\u0101\u0161anai pie ce\u013cojumu kofera roktura (trolley slip)<\/li>\n<\/ul>\n","protected":false},"excerpt":{"rendered":"<p style=\"text-align: center;\">Mugursoma, kas rad\u012bta kust\u012bbai &#8211; ide\u0101ls sabiedrotais ce\u013cojumiem un ikdienas gait\u0101m.<\/p>\n","protected":false},"featured_media":189698,"template":"","meta":{"_jet_sm_ready_style":"","_jet_sm_style":"","_jet_sm_controls_values":"","_jet_sm_fonts_collection":"","_jet_sm_fonts_links":""},"pwb-brand":[1252],"product_cat":[101,195],"product_tag":[],"class_list":{"0":"post-189758","1":"product","2":"type-product","3":"status-publish","4":"has-post-thumbnail","6":"pwb-brand-rains-lv","7":"product_cat-aksesuari","8":"product_cat-somas","10":"first","11":"instock","12":"taxable","13":"shipping-taxable","14":"purchasable","15":"product-type-simple"},"raw_content":{"name":"RAINS Texel Cargo mugursoma W3 | Melna","description":"<p style=\"text-align: left;\">Materi\u0101ls: 100% PES (poliesters)\r\nP\u0101rkl\u0101jums: 100% PU (poliuret\u0101ns)\r\n\u016adens kolonnas spiediens: 8000 mm\r\n\u016adensiztur\u012bbas l\u012bmenis: W3 \u2013 aizsardz\u012bba pret m\u0113renu ikdienas lietu\r\nAizdare: r\u0101v\u0113jsl\u0113dz\u0113js\r\nIzm\u0113ri: A 45 x P 28,5 x D 13 cm\r\nTilpums: 14 L\r\nSvars: 1,00 kg<\/p>\r\n\r\n<ul>\r\n \t<li style=\"text-align: left;\">P\u0101rkl\u0101ts r\u0101v\u0113jsl\u0113dz\u0113js<\/li>\r\n \t<li style=\"text-align: left;\">Viens galvenais nodal\u012bjums ar pel\u0113ku oderi<\/li>\r\n \t<li style=\"text-align: left;\">Polster\u0113ta kabata, piem\u0113rota l\u012bdz 16\" portat\u012bvajam datoram<\/li>\r\n \t<li style=\"text-align: left;\">Divas priek\u0161\u0113j\u0101s kabatas ar r\u0101v\u0113jsl\u0113dz\u0113jiem<\/li>\r\n \t<li style=\"text-align: left;\">Divas s\u0101nu kompresijas siksnas ar spr\u0101dz\u0113m<\/li>\r\n \t<li style=\"text-align: left;\">N\u0113s\u0101\u0161anas rokturis no iztur\u012bgas lentes (webbing)<\/li>\r\n \t<li style=\"text-align: left;\">Regul\u0113jamas, polster\u0113tas plecu siksnas<\/li>\r\n \t<li style=\"text-align: left;\">Regul\u0113jama kr\u016b\u0161u siksna<\/li>\r\n \t<li style=\"text-align: left;\">Polster\u0113ta, elpojo\u0161a sieta (mesh) muguras da\u013ca<\/li>\r\n \t<li style=\"text-align: left;\">Aizmugur\u0113 integr\u0113ta lente stiprin\u0101\u0161anai pie ce\u013cojumu kofera roktura (trolley slip)<\/li>\r\n<\/ul>","short_description":"<p style=\"text-align: center;\">Mugursoma, kas rad\u012bta kust\u012bbai - ide\u0101ls sabiedrotais ce\u013cojumiem un ikdienas gait\u0101m.<\/p>","status":"publish","sku":"rains-14000-black","original":189679},"wpml":{"translation_type":1,"has_translations":true,"original":189679,"duplicates":[],"translations":{"lv":189758,"en":189679}},"brands":[{"id":1252,"name":"Rains","slug":"rains-lv"}],"_links":{"self":[{"href":"https:\/\/m50.lv\/lv\/wp-json\/wp\/v2\/product\/189758","targetHints":{"allow":["GET"]}}],"collection":[{"href":"https:\/\/m50.lv\/lv\/wp-json\/wp\/v2\/product"}],"about":[{"href":"https:\/\/m50.lv\/lv\/wp-json\/wp\/v2\/types\/product"}],"version-history":[{"count":1,"href":"https:\/\/m50.lv\/lv\/wp-json\/wp\/v2\/product\/189758\/revisions"}],"predecessor-version":[{"id":189769,"href":"https:\/\/m50.lv\/lv\/wp-json\/wp\/v2\/product\/189758\/revisions\/189769"}],"wp:featuredmedia":[{"embeddable":true,"href":"https:\/\/m50.lv\/lv\/wp-json\/wp\/v2\/media\/189698"}],"wp:attachment":[{"href":"https:\/\/m50.lv\/lv\/wp-json\/wp\/v2\/media?parent=189758"}],"wp:term":[{"taxonomy":"pwb-brand","embeddable":true,"href":"https:\/\/m50.lv\/lv\/wp-json\/wp\/v2\/pwb-brand?post=189758"},{"taxonomy":"product_cat","embeddable":true,"href":"https:\/\/m50.lv\/lv\/wp-json\/wp\/v2\/product_cat?post=189758"},{"taxonomy":"product_tag","embeddable":true,"href":"https:\/\/m50.lv\/lv\/wp-json\/wp\/v2\/product_tag?post=189758"}],"curies":[{"name":"wp","href":"https:\/\/api.w.org\/{rel}","templated":true}]}}