{"id":189760,"date":"2026-04-28T18:24:46","date_gmt":"2026-04-28T16:24:46","guid":{"rendered":"https:\/\/m50.lv\/product\/rains-trail-mountaineer-rolltop-mugursoma-liela-well\/"},"modified":"2026-04-28T18:24:46","modified_gmt":"2026-04-28T16:24:46","slug":"rains-trail-mountaineer-rolltop-mugursoma-liela-well","status":"publish","type":"product","link":"https:\/\/m50.lv\/lv\/product\/rains-trail-mountaineer-rolltop-mugursoma-liela-well\/","title":{"rendered":"RAINS Trail Mountaineer Rolltop mugursoma Liela | Well"},"content":{"rendered":"<p style=\"text-align: left;\">Materi\u0101ls: 100% PES (poliesters)<br \/>\nP\u0101rkl\u0101jums: 100% PU (poliuret\u0101ns)<br \/>\n\u016adens kolonnas spiediens: 8000 mm<br \/>\n\u016adensiztur\u012bbas l\u012bmenis: W3 \u2013 aizsardz\u012bba pret m\u0113renu ikdienas lietu<br \/>\nAizdare: sarull\u0113jama aug\u0161da\u013ca ar spr\u0101dzi<br \/>\nIzm\u0113ri: A 77 x P 36 x D 18 cm<br \/>\nTilpums: 51 L<br \/>\nSvars: 1,46 kg<\/p>\n<ul>\n<li style=\"text-align: left;\">\u016adensdro\u0161\u0101s somas iedvesmota sarull\u0113jama aizdare ar klip\u0161a fiks\u0101ciju<\/li>\n<li style=\"text-align: left;\">Divas s\u0101nu sieta (mesh) kabatas<\/li>\n<li style=\"text-align: left;\">S\u0101nu kompresijas siksnas<\/li>\n<li style=\"text-align: left;\">Priek\u0161pus\u0113 stiprin\u0101ta elast\u012bga gumijas aukla papildu mant\u0101m<\/li>\n<li style=\"text-align: left;\">\u0100tr\u0101s piek\u013cuves priek\u0161\u0113j\u0101 kabata ar r\u0101v\u0113jsl\u0113dz\u0113ju<\/li>\n<li style=\"text-align: left;\">Polster\u0113ta kabata, piem\u0113rota l\u012bdz 16&#8243; portat\u012bvajam datoram<\/li>\n<li style=\"text-align: left;\">Divas iek\u0161\u0113j\u0101s ieliekam\u0101s kabatas oder\u0113<\/li>\n<li style=\"text-align: left;\">Iek\u0161\u0113j\u0101 kabata ar r\u0101v\u0113jsl\u0113dz\u0113ju<\/li>\n<li style=\"text-align: left;\">Atsevi\u0161\u0137s apak\u0161\u0113jais nodal\u012bjums ar r\u0101v\u0113jsl\u0113dz\u0113ju<\/li>\n<li style=\"text-align: left;\">No\u0146emama jostas siksna papildu komfortam<\/li>\n<li style=\"text-align: left;\">Polster\u0113tas, regul\u0113jamas plecu siksnas ar kr\u016b\u0161u siksnu<\/li>\n<li style=\"text-align: left;\">Polster\u0113ta, elpojo\u0161a sieta (mesh) muguras da\u013ca<\/li>\n<\/ul>\n","protected":false},"excerpt":{"rendered":"<p style=\"text-align: center;\">Dizain\u0113ta piedz\u012bvojumiem. Rad\u012bta, lai tiktu gal\u0101 ar ikdienas izaicin\u0101jumiem.<\/p>\n<p style=\"text-align: center;\">Trail Mountaineer Rolltop Large ir ietilp\u012bga mugursoma, kas paredz\u0113ta akt\u012bvai p\u0101rvieto\u0161anai pils\u0113t\u0101, izbraucieniem dab\u0101 un ce\u013cojumiem, kad nepiecie\u0161ams vair\u0101k vietas. \u016adensdro\u0161\u0101s somas iedvesmot\u0101 sarull\u0113jam\u0101 aizdare pal\u012bdz pasarg\u0101t saturu un \u013cauj elast\u012bgi piel\u0101got tilpumu.<\/p>\n","protected":false},"featured_media":189730,"template":"","meta":{"_jet_sm_ready_style":"","_jet_sm_style":"","_jet_sm_controls_values":"","_jet_sm_fonts_collection":"","_jet_sm_fonts_links":""},"pwb-brand":[1252],"product_cat":[101,195],"product_tag":[],"class_list":{"0":"post-189760","1":"product","2":"type-product","3":"status-publish","4":"has-post-thumbnail","6":"pwb-brand-rains-lv","7":"product_cat-aksesuari","8":"product_cat-somas","10":"first","11":"instock","12":"taxable","13":"shipping-taxable","14":"purchasable","15":"product-type-simple"},"raw_content":{"name":"RAINS Trail Mountaineer Rolltop mugursoma Liela | Well","description":"<p style=\"text-align: left;\">Materi\u0101ls: 100% PES (poliesters)\r\nP\u0101rkl\u0101jums: 100% PU (poliuret\u0101ns)\r\n\u016adens kolonnas spiediens: 8000 mm\r\n\u016adensiztur\u012bbas l\u012bmenis: W3 \u2013 aizsardz\u012bba pret m\u0113renu ikdienas lietu\r\nAizdare: sarull\u0113jama aug\u0161da\u013ca ar spr\u0101dzi\r\nIzm\u0113ri: A 77 x P 36 x D 18 cm\r\nTilpums: 51 L\r\nSvars: 1,46 kg<\/p>\r\n\r\n<ul>\r\n \t<li style=\"text-align: left;\">\u016adensdro\u0161\u0101s somas iedvesmota sarull\u0113jama aizdare ar klip\u0161a fiks\u0101ciju<\/li>\r\n \t<li style=\"text-align: left;\">Divas s\u0101nu sieta (mesh) kabatas<\/li>\r\n \t<li style=\"text-align: left;\">S\u0101nu kompresijas siksnas<\/li>\r\n \t<li style=\"text-align: left;\">Priek\u0161pus\u0113 stiprin\u0101ta elast\u012bga gumijas aukla papildu mant\u0101m<\/li>\r\n \t<li style=\"text-align: left;\">\u0100tr\u0101s piek\u013cuves priek\u0161\u0113j\u0101 kabata ar r\u0101v\u0113jsl\u0113dz\u0113ju<\/li>\r\n \t<li style=\"text-align: left;\">Polster\u0113ta kabata, piem\u0113rota l\u012bdz 16\" portat\u012bvajam datoram<\/li>\r\n \t<li style=\"text-align: left;\">Divas iek\u0161\u0113j\u0101s ieliekam\u0101s kabatas oder\u0113<\/li>\r\n \t<li style=\"text-align: left;\">Iek\u0161\u0113j\u0101 kabata ar r\u0101v\u0113jsl\u0113dz\u0113ju<\/li>\r\n \t<li style=\"text-align: left;\">Atsevi\u0161\u0137s apak\u0161\u0113jais nodal\u012bjums ar r\u0101v\u0113jsl\u0113dz\u0113ju<\/li>\r\n \t<li style=\"text-align: left;\">No\u0146emama jostas siksna papildu komfortam<\/li>\r\n \t<li style=\"text-align: left;\">Polster\u0113tas, regul\u0113jamas plecu siksnas ar kr\u016b\u0161u siksnu<\/li>\r\n \t<li style=\"text-align: left;\">Polster\u0113ta, elpojo\u0161a sieta (mesh) muguras da\u013ca<\/li>\r\n<\/ul>","short_description":"<p style=\"text-align: center;\">Dizain\u0113ta piedz\u012bvojumiem. Rad\u012bta, lai tiktu gal\u0101 ar ikdienas izaicin\u0101jumiem.<\/p>\r\n<p style=\"text-align: center;\">Trail Mountaineer Rolltop Large ir ietilp\u012bga mugursoma, kas paredz\u0113ta akt\u012bvai p\u0101rvieto\u0161anai pils\u0113t\u0101, izbraucieniem dab\u0101 un ce\u013cojumiem, kad nepiecie\u0161ams vair\u0101k vietas. \u016adensdro\u0161\u0101s somas iedvesmot\u0101 sarull\u0113jam\u0101 aizdare pal\u012bdz pasarg\u0101t saturu un \u013cauj elast\u012bgi piel\u0101got tilpumu.<\/p>","status":"publish","sku":"rains-16290-well","original":189680},"wpml":{"translation_type":1,"has_translations":true,"original":189680,"duplicates":[],"translations":{"lv":189760,"en":189680}},"brands":[{"id":1252,"name":"Rains","slug":"rains-lv"}],"_links":{"self":[{"href":"https:\/\/m50.lv\/lv\/wp-json\/wp\/v2\/product\/189760","targetHints":{"allow":["GET"]}}],"collection":[{"href":"https:\/\/m50.lv\/lv\/wp-json\/wp\/v2\/product"}],"about":[{"href":"https:\/\/m50.lv\/lv\/wp-json\/wp\/v2\/types\/product"}],"version-history":[{"count":0,"href":"https:\/\/m50.lv\/lv\/wp-json\/wp\/v2\/product\/189760\/revisions"}],"wp:featuredmedia":[{"embeddable":true,"href":"https:\/\/m50.lv\/lv\/wp-json\/wp\/v2\/media\/189730"}],"wp:attachment":[{"href":"https:\/\/m50.lv\/lv\/wp-json\/wp\/v2\/media?parent=189760"}],"wp:term":[{"taxonomy":"pwb-brand","embeddable":true,"href":"https:\/\/m50.lv\/lv\/wp-json\/wp\/v2\/pwb-brand?post=189760"},{"taxonomy":"product_cat","embeddable":true,"href":"https:\/\/m50.lv\/lv\/wp-json\/wp\/v2\/product_cat?post=189760"},{"taxonomy":"product_tag","embeddable":true,"href":"https:\/\/m50.lv\/lv\/wp-json\/wp\/v2\/product_tag?post=189760"}],"curies":[{"name":"wp","href":"https:\/\/api.w.org\/{rel}","templated":true}]}}