{"id":189761,"date":"2026-04-28T18:25:56","date_gmt":"2026-04-28T16:25:56","guid":{"rendered":"https:\/\/m50.lv\/product\/rains-2-way-tote-mugursoma-liela-w3-ochre\/"},"modified":"2026-04-28T18:25:56","modified_gmt":"2026-04-28T16:25:56","slug":"rains-2-way-tote-mugursoma-liela-w3-ochre","status":"publish","type":"product","link":"https:\/\/m50.lv\/lv\/product\/rains-2-way-tote-mugursoma-liela-w3-ochre\/","title":{"rendered":"RAINS 2 Way Tote mugursoma Liela W3 | Ochre"},"content":{"rendered":"<p style=\"text-align: left;\">: Materi\u0101ls: 100% PES (poliesters)<br \/>\nP\u0101rkl\u0101jums: 100% PU (poliuret\u0101ns)<br \/>\n\u016adens kolonnas spiediens: 8000 mm<br \/>\n\u016adensiztur\u012bbas l\u012bmenis: W3 &#8211; aizsardz\u012bba pret m\u0113renu ikdienas lietu<br \/>\nAizdare: r\u0101v\u0113jsl\u0113dz\u0113js<br \/>\nIzm\u0113ri: A 47 x P 35 x D 18 cm<br \/>\nTilpums: 29 L<br \/>\nSvars: 1,22 kg<\/p>\n<ul>\n<li>Salok\u0101ma aug\u0161da\u013ca ar spiedpogu fiks\u0101ciju uz rokturiem<\/li>\n<li>R\u0101v\u0113jsl\u0113dz\u0113js ab\u0101s aug\u0161da\u013cas pus\u0113s \u0113rtai piek\u013cuvei saturam<\/li>\n<li>Liels galvenais nodal\u012bjums<\/li>\n<li>Iek\u0161\u0113j\u0101 polster\u0113ta kabata, piem\u0113rota l\u012bdz 16&#8243; portat\u012bvajam datoram<\/li>\n<li>Divas iek\u0161\u0113j\u0101s maz\u0101s kabatas<\/li>\n<li>Iek\u0161\u0113j\u0101 kabata ar r\u0101v\u0113jsl\u0113dz\u0113ju<\/li>\n<li>Divas s\u0101nu kabatas<\/li>\n<li>Regul\u0113jamas, polster\u0113tas plecu siksnas<\/li>\n<li>Aust\u0101s (webbing) plecu siksnas<\/li>\n<li>TPU aug\u0161\u0113jie rokturi<\/li>\n<li>Polster\u0113ta, elpojo\u0161a sieta (mesh) muguras da\u013ca<\/li>\n<li>Aizmugur\u0113 integr\u0113ta lente stiprin\u0101\u0161anai pie ce\u013cojumu kofera roktura (trolley slip)<\/li>\n<\/ul>\n","protected":false},"excerpt":{"rendered":"<p style=\"text-align: center;\">2 Way Tote Backpack Large ir ietilp\u012bga, izteiksm\u012bga dizaina soma, kas pied\u0101v\u0101 vair\u0101kus n\u0113s\u0101\u0161anas veidus un vietu l\u012bdz 16&#8243; ier\u012bc\u0113m. To var n\u0113s\u0101t k\u0101 mugursomu ar \u0113rt\u0101m, polster\u0113t\u0101m plecu siksn\u0101m, p\u0101r plecu vai p\u0101rsl\u0113gt uz tote (rokassomas) re\u017e\u012bmu, izmantojot aug\u0161\u0113jos rokturus. Izgatavota no Rains rakstur\u012bg\u0101 PU auduma &#8211; iztur\u012bga, \u016bdensnecaurlaid\u012bga un pat\u012bkama piesk\u0101rienam.<\/p>\n","protected":false},"featured_media":189710,"template":"","meta":{"_jet_sm_ready_style":"","_jet_sm_style":"","_jet_sm_controls_values":"","_jet_sm_fonts_collection":"","_jet_sm_fonts_links":""},"pwb-brand":[1252],"product_cat":[101,195],"product_tag":[],"class_list":{"0":"post-189761","1":"product","2":"type-product","3":"status-publish","4":"has-post-thumbnail","6":"pwb-brand-rains-lv","7":"product_cat-aksesuari","8":"product_cat-somas","10":"first","11":"instock","12":"taxable","13":"shipping-taxable","14":"purchasable","15":"product-type-simple"},"raw_content":{"name":"RAINS 2 Way Tote mugursoma Liela W3 | Ochre","description":"<p style=\"text-align: left;\">: Materi\u0101ls: 100% PES (poliesters)\r\nP\u0101rkl\u0101jums: 100% PU (poliuret\u0101ns)\r\n\u016adens kolonnas spiediens: 8000 mm\r\n\u016adensiztur\u012bbas l\u012bmenis: W3 - aizsardz\u012bba pret m\u0113renu ikdienas lietu\r\nAizdare: r\u0101v\u0113jsl\u0113dz\u0113js\r\nIzm\u0113ri: A 47 x P 35 x D 18 cm\r\nTilpums: 29 L\r\nSvars: 1,22 kg<\/p>\r\n\r\n<ul>\r\n \t<li>Salok\u0101ma aug\u0161da\u013ca ar spiedpogu fiks\u0101ciju uz rokturiem<\/li>\r\n \t<li>R\u0101v\u0113jsl\u0113dz\u0113js ab\u0101s aug\u0161da\u013cas pus\u0113s \u0113rtai piek\u013cuvei saturam<\/li>\r\n \t<li>Liels galvenais nodal\u012bjums<\/li>\r\n \t<li>Iek\u0161\u0113j\u0101 polster\u0113ta kabata, piem\u0113rota l\u012bdz 16\" portat\u012bvajam datoram<\/li>\r\n \t<li>Divas iek\u0161\u0113j\u0101s maz\u0101s kabatas<\/li>\r\n \t<li>Iek\u0161\u0113j\u0101 kabata ar r\u0101v\u0113jsl\u0113dz\u0113ju<\/li>\r\n \t<li>Divas s\u0101nu kabatas<\/li>\r\n \t<li>Regul\u0113jamas, polster\u0113tas plecu siksnas<\/li>\r\n \t<li>Aust\u0101s (webbing) plecu siksnas<\/li>\r\n \t<li>TPU aug\u0161\u0113jie rokturi<\/li>\r\n \t<li>Polster\u0113ta, elpojo\u0161a sieta (mesh) muguras da\u013ca<\/li>\r\n \t<li>Aizmugur\u0113 integr\u0113ta lente stiprin\u0101\u0161anai pie ce\u013cojumu kofera roktura (trolley slip)<\/li>\r\n<\/ul>","short_description":"<p style=\"text-align: center;\">2 Way Tote Backpack Large ir ietilp\u012bga, izteiksm\u012bga dizaina soma, kas pied\u0101v\u0101 vair\u0101kus n\u0113s\u0101\u0161anas veidus un vietu l\u012bdz 16\" ier\u012bc\u0113m. To var n\u0113s\u0101t k\u0101 mugursomu ar \u0113rt\u0101m, polster\u0113t\u0101m plecu siksn\u0101m, p\u0101r plecu vai p\u0101rsl\u0113gt uz tote (rokassomas) re\u017e\u012bmu, izmantojot aug\u0161\u0113jos rokturus. Izgatavota no Rains rakstur\u012bg\u0101 PU auduma - iztur\u012bga, \u016bdensnecaurlaid\u012bga un pat\u012bkama piesk\u0101rienam.<\/p>","status":"publish","sku":"rains-16560-ochre","original":189683},"wpml":{"translation_type":1,"has_translations":true,"original":189683,"duplicates":[],"translations":{"lv":189761,"en":189683}},"brands":[{"id":1252,"name":"Rains","slug":"rains-lv"}],"_links":{"self":[{"href":"https:\/\/m50.lv\/lv\/wp-json\/wp\/v2\/product\/189761","targetHints":{"allow":["GET"]}}],"collection":[{"href":"https:\/\/m50.lv\/lv\/wp-json\/wp\/v2\/product"}],"about":[{"href":"https:\/\/m50.lv\/lv\/wp-json\/wp\/v2\/types\/product"}],"version-history":[{"count":0,"href":"https:\/\/m50.lv\/lv\/wp-json\/wp\/v2\/product\/189761\/revisions"}],"wp:featuredmedia":[{"embeddable":true,"href":"https:\/\/m50.lv\/lv\/wp-json\/wp\/v2\/media\/189710"}],"wp:attachment":[{"href":"https:\/\/m50.lv\/lv\/wp-json\/wp\/v2\/media?parent=189761"}],"wp:term":[{"taxonomy":"pwb-brand","embeddable":true,"href":"https:\/\/m50.lv\/lv\/wp-json\/wp\/v2\/pwb-brand?post=189761"},{"taxonomy":"product_cat","embeddable":true,"href":"https:\/\/m50.lv\/lv\/wp-json\/wp\/v2\/product_cat?post=189761"},{"taxonomy":"product_tag","embeddable":true,"href":"https:\/\/m50.lv\/lv\/wp-json\/wp\/v2\/product_tag?post=189761"}],"curies":[{"name":"wp","href":"https:\/\/api.w.org\/{rel}","templated":true}]}}