{"id":189787,"date":"2026-04-28T18:47:53","date_gmt":"2026-04-28T16:47:53","guid":{"rendered":"https:\/\/m50.lv\/product\/metala-kruze-balta-mamma\/"},"modified":"2026-04-28T18:47:53","modified_gmt":"2026-04-28T16:47:53","slug":"metala-kruze-balta-mamma","status":"publish","type":"product","link":"https:\/\/m50.lv\/lv\/product\/metala-kruze-balta-mamma\/","title":{"rendered":"Met\u0101la Kr\u016bze Balta | MAMMA"},"content":{"rendered":"","protected":false},"excerpt":{"rendered":"<p style=\"text-align: center;\">Met\u0101la kr\u016bze ar karab\u012bni piedz\u012bvojumiem dab\u0101 vai nesteidz\u012bgiem r\u012btiem m\u0101j\u0101s. Piem\u0113rota Tavai iecien\u012btajai kafijai vai t\u0113jai, lai kur ar\u012b Tu to baud\u012btu.<\/p>\n","protected":false},"featured_media":189821,"template":"","meta":{"_jet_sm_ready_style":"","_jet_sm_style":"","_jet_sm_controls_values":"","_jet_sm_fonts_collection":"","_jet_sm_fonts_links":""},"pwb-brand":[1249],"product_cat":[583],"product_tag":[],"class_list":{"0":"post-189787","1":"product","2":"type-product","3":"status-publish","4":"has-post-thumbnail","6":"pwb-brand-m50-lv","7":"product_cat-uncategorized-lv","9":"first","10":"outofstock","11":"taxable","12":"shipping-taxable","13":"purchasable","14":"product-type-simple"},"raw_content":{"name":"Met\u0101la Kr\u016bze Balta | MAMMA","description":"","short_description":"<p style=\"text-align: center;\">Met\u0101la kr\u016bze ar karab\u012bni piedz\u012bvojumiem dab\u0101 vai nesteidz\u012bgiem r\u012btiem m\u0101j\u0101s. Piem\u0113rota Tavai iecien\u012btajai kafijai vai t\u0113jai, lai kur ar\u012b Tu to baud\u012btu.<\/p>","status":"publish","sku":"1004420","original":189771},"wpml":{"translation_type":1,"has_translations":true,"original":189771,"duplicates":[],"translations":{"lv":189787,"en":189771}},"brands":[{"id":1249,"name":"M50","slug":"m50-lv"}],"_links":{"self":[{"href":"https:\/\/m50.lv\/lv\/wp-json\/wp\/v2\/product\/189787","targetHints":{"allow":["GET"]}}],"collection":[{"href":"https:\/\/m50.lv\/lv\/wp-json\/wp\/v2\/product"}],"about":[{"href":"https:\/\/m50.lv\/lv\/wp-json\/wp\/v2\/types\/product"}],"version-history":[{"count":0,"href":"https:\/\/m50.lv\/lv\/wp-json\/wp\/v2\/product\/189787\/revisions"}],"wp:featuredmedia":[{"embeddable":true,"href":"https:\/\/m50.lv\/lv\/wp-json\/wp\/v2\/media\/189821"}],"wp:attachment":[{"href":"https:\/\/m50.lv\/lv\/wp-json\/wp\/v2\/media?parent=189787"}],"wp:term":[{"taxonomy":"pwb-brand","embeddable":true,"href":"https:\/\/m50.lv\/lv\/wp-json\/wp\/v2\/pwb-brand?post=189787"},{"taxonomy":"product_cat","embeddable":true,"href":"https:\/\/m50.lv\/lv\/wp-json\/wp\/v2\/product_cat?post=189787"},{"taxonomy":"product_tag","embeddable":true,"href":"https:\/\/m50.lv\/lv\/wp-json\/wp\/v2\/product_tag?post=189787"}],"curies":[{"name":"wp","href":"https:\/\/api.w.org\/{rel}","templated":true}]}}