{"id":189789,"date":"2026-04-28T18:47:55","date_gmt":"2026-04-28T16:47:55","guid":{"rendered":"https:\/\/m50.lv\/product\/metala-kruze-ar-karabini-parak-tuvu\/"},"modified":"2026-04-28T18:47:55","modified_gmt":"2026-04-28T16:47:55","slug":"metala-kruze-ar-karabini-parak-tuvu","status":"publish","type":"product","link":"https:\/\/m50.lv\/lv\/product\/metala-kruze-ar-karabini-parak-tuvu\/","title":{"rendered":"Met\u0101la Kr\u016bze ar karab\u012bni | P\u0100R\u0100K TUVU"},"content":{"rendered":"","protected":false},"excerpt":{"rendered":"<p style=\"text-align: center;\">Met\u0101la kr\u016bze ar karab\u012bni piedz\u012bvojumiem dab\u0101 vai nesteidz\u012bgiem r\u012btiem m\u0101j\u0101s. Piem\u0113rota Tavai iecien\u012btajai kafijai vai t\u0113jai, lai kur ar\u012b Tu to baud\u012btu.<\/p>\n","protected":false},"featured_media":189825,"template":"","meta":{"_jet_sm_ready_style":"","_jet_sm_style":"","_jet_sm_controls_values":"","_jet_sm_fonts_collection":"","_jet_sm_fonts_links":""},"pwb-brand":[1249],"product_cat":[193,1004,583],"product_tag":[],"class_list":{"0":"post-189789","1":"product","2":"type-product","3":"status-publish","4":"has-post-thumbnail","6":"pwb-brand-m50-lv","7":"product_cat-davanas","8":"product_cat-kruzes","9":"product_cat-uncategorized-lv","11":"first","12":"outofstock","13":"taxable","14":"shipping-taxable","15":"purchasable","16":"product-type-simple"},"raw_content":{"name":"Met\u0101la Kr\u016bze ar karab\u012bni | P\u0100R\u0100K TUVU","description":"","short_description":"<p style=\"text-align: center;\">Met\u0101la kr\u016bze ar karab\u012bni piedz\u012bvojumiem dab\u0101 vai nesteidz\u012bgiem r\u012btiem m\u0101j\u0101s. Piem\u0113rota Tavai iecien\u012btajai kafijai vai t\u0113jai, lai kur ar\u012b Tu to baud\u012btu.<\/p>","status":"publish","sku":"1004422","original":189773},"wpml":{"translation_type":1,"has_translations":true,"original":189773,"duplicates":[],"translations":{"lv":189789,"en":189773}},"brands":[{"id":1249,"name":"M50","slug":"m50-lv"}],"_links":{"self":[{"href":"https:\/\/m50.lv\/lv\/wp-json\/wp\/v2\/product\/189789","targetHints":{"allow":["GET"]}}],"collection":[{"href":"https:\/\/m50.lv\/lv\/wp-json\/wp\/v2\/product"}],"about":[{"href":"https:\/\/m50.lv\/lv\/wp-json\/wp\/v2\/types\/product"}],"version-history":[{"count":0,"href":"https:\/\/m50.lv\/lv\/wp-json\/wp\/v2\/product\/189789\/revisions"}],"wp:featuredmedia":[{"embeddable":true,"href":"https:\/\/m50.lv\/lv\/wp-json\/wp\/v2\/media\/189825"}],"wp:attachment":[{"href":"https:\/\/m50.lv\/lv\/wp-json\/wp\/v2\/media?parent=189789"}],"wp:term":[{"taxonomy":"pwb-brand","embeddable":true,"href":"https:\/\/m50.lv\/lv\/wp-json\/wp\/v2\/pwb-brand?post=189789"},{"taxonomy":"product_cat","embeddable":true,"href":"https:\/\/m50.lv\/lv\/wp-json\/wp\/v2\/product_cat?post=189789"},{"taxonomy":"product_tag","embeddable":true,"href":"https:\/\/m50.lv\/lv\/wp-json\/wp\/v2\/product_tag?post=189789"}],"curies":[{"name":"wp","href":"https:\/\/api.w.org\/{rel}","templated":true}]}}