{"id":189790,"date":"2026-04-28T18:47:57","date_gmt":"2026-04-28T16:47:57","guid":{"rendered":"https:\/\/m50.lv\/product\/metala-kruze-melna-absolut-idiot\/"},"modified":"2026-04-28T18:47:57","modified_gmt":"2026-04-28T16:47:57","slug":"metala-kruze-melna-absolut-idiot","status":"publish","type":"product","link":"https:\/\/m50.lv\/lv\/product\/metala-kruze-melna-absolut-idiot\/","title":{"rendered":"Met\u0101la Kr\u016bze Melna | ABSOLUT IDIOT"},"content":{"rendered":"","protected":false},"excerpt":{"rendered":"<p style=\"text-align: center;\">Met\u0101la kr\u016bze ar karab\u012bni piedz\u012bvojumiem dab\u0101 vai nesteidz\u012bgiem r\u012btiem m\u0101j\u0101s. Piem\u0113rota Tavai iecien\u012btajai kafijai vai t\u0113jai, lai kur ar\u012b Tu to baud\u012btu.<\/p>\n","protected":false},"featured_media":189811,"template":"","meta":{"_jet_sm_ready_style":"","_jet_sm_style":"","_jet_sm_controls_values":"","_jet_sm_fonts_collection":"","_jet_sm_fonts_links":""},"pwb-brand":[1249],"product_cat":[193,1004,583],"product_tag":[],"class_list":{"0":"post-189790","1":"product","2":"type-product","3":"status-publish","4":"has-post-thumbnail","6":"pwb-brand-m50-lv","7":"product_cat-davanas","8":"product_cat-kruzes","9":"product_cat-uncategorized-lv","11":"first","12":"outofstock","13":"taxable","14":"shipping-taxable","15":"purchasable","16":"product-type-simple"},"raw_content":{"name":"Met\u0101la Kr\u016bze Melna | ABSOLUT IDIOT","description":"","short_description":"<p style=\"text-align: center;\">Met\u0101la kr\u016bze ar karab\u012bni piedz\u012bvojumiem dab\u0101 vai nesteidz\u012bgiem r\u012btiem m\u0101j\u0101s. Piem\u0113rota Tavai iecien\u012btajai kafijai vai t\u0113jai, lai kur ar\u012b Tu to baud\u012btu.<\/p>","status":"publish","sku":"1004423","original":189774},"wpml":{"translation_type":1,"has_translations":true,"original":189774,"duplicates":[],"translations":{"lv":189790,"en":189774}},"brands":[{"id":1249,"name":"M50","slug":"m50-lv"}],"_links":{"self":[{"href":"https:\/\/m50.lv\/lv\/wp-json\/wp\/v2\/product\/189790","targetHints":{"allow":["GET"]}}],"collection":[{"href":"https:\/\/m50.lv\/lv\/wp-json\/wp\/v2\/product"}],"about":[{"href":"https:\/\/m50.lv\/lv\/wp-json\/wp\/v2\/types\/product"}],"version-history":[{"count":0,"href":"https:\/\/m50.lv\/lv\/wp-json\/wp\/v2\/product\/189790\/revisions"}],"wp:featuredmedia":[{"embeddable":true,"href":"https:\/\/m50.lv\/lv\/wp-json\/wp\/v2\/media\/189811"}],"wp:attachment":[{"href":"https:\/\/m50.lv\/lv\/wp-json\/wp\/v2\/media?parent=189790"}],"wp:term":[{"taxonomy":"pwb-brand","embeddable":true,"href":"https:\/\/m50.lv\/lv\/wp-json\/wp\/v2\/pwb-brand?post=189790"},{"taxonomy":"product_cat","embeddable":true,"href":"https:\/\/m50.lv\/lv\/wp-json\/wp\/v2\/product_cat?post=189790"},{"taxonomy":"product_tag","embeddable":true,"href":"https:\/\/m50.lv\/lv\/wp-json\/wp\/v2\/product_tag?post=189790"}],"curies":[{"name":"wp","href":"https:\/\/api.w.org\/{rel}","templated":true}]}}