{"id":19198,"date":"2019-09-30T13:56:33","date_gmt":"2019-09-30T11:56:33","guid":{"rendered":"http:\/\/woo.m50.lv\/product\/24bottles-clima-pudele-tivoli-850ml\/"},"modified":"2026-05-09T18:35:37","modified_gmt":"2026-05-09T16:35:37","slug":"24bottles-clima-pudele-tivoli-850ml","status":"publish","type":"product","link":"https:\/\/m50.lv\/lv\/product\/24bottles-clima-pudele-tivoli-850ml\/","title":{"rendered":"24Bottles Clima Pudele Tivoli 850ml"},"content":{"rendered":"<p style=\"text-align: left;\"><em>Tivoli<\/em> <em>Clima<\/em> pudele ir It\u0101lijas \u0161edevru sajaukums: ainava, m\u0101ksla un v\u0113sture vienuviet rada burv\u012bgu est\u0113tisku grafiku ar unik\u0101lu pievilc\u012bbu.<\/p>\n<p style=\"text-align: left;\">Sat\u012bna apdare virsmai pie\u0161\u0137ir gludu, z\u012bdainu un maigu piesk\u0101rienu, savuk\u0101rt pusmat\u0113tais p\u0101rkl\u0101jums pastiprina pat\u012bkamo taustes saj\u016btu.<\/p>\n<p style=\"text-align: left;\"><em>Clima Bottle<\/em> ner\u016bs\u0113jo\u0161\u0101 t\u0113rauda pudele 24 stundas uztur\u0113s tavu dz\u0113rienu aukstu 12 stundas &#8211; karstu.<\/p>\n<h5 style=\"text-align: left;\">\u012apa\u0161\u012bbas:<\/h5>\n<ul style=\"text-align: left;\">\n<li>Sp\u012bd\u012bga\u00a0 apdare<\/li>\n<li>18\/8 p\u0101rtikas kvalit\u0101tes ner\u016bs\u0113jo\u0161ais t\u0113rauds<\/li>\n<li>Uztur \u0161\u0137idrumus karstus l\u012bdz 12 stund\u0101m un aukstus l\u012bdz 24 stund\u0101m<\/li>\n<li>100% bez BPA, nesatur toks\u012bnus<\/li>\n<li>Piem\u0113rots sk\u0101biem un g\u0101z\u0113tiem dz\u0113rieniem<\/li>\n<li>Saglab\u0101 un nepie\u0161\u0137ir arom\u0101tu<\/li>\n<li>Nesv\u012bsto\u0161s, nekondens\u0113jas<\/li>\n<li>Ner\u016bs\u0113jo\u0161\u0101 t\u0113rauda v\u0101ks ar herm\u0113tisku silikona bl\u012bv\u0113jumu<\/li>\n<li>Plats kakli\u0146\u0161 ledus piepild\u012b\u0161anai un \u0113rtai t\u012br\u012b\u0161anai<\/li>\n<li>Lidostas dro\u0161\u012bbai draudz\u012bga<\/li>\n<li>Ieteicams mazg\u0101t ar rok\u0101m<\/li>\n<\/ul>\n<p style=\"text-align: left;\">Tilpums 850 ml \u2013 Diameters \u00f8 8.4 cm \u2013 Kakli\u0146\u0161 \u00f8 3.3 cm \u2013 Augstums 25 cm \u2013 Svars 360 g<\/p>\n","protected":false},"excerpt":{"rendered":"<p style=\"text-align: center;\"><em>Clima Bottle<\/em> ner\u016bs\u0113jo\u0161\u0101 t\u0113rauda pudele 24 stundas uztur\u0113s tavu dz\u0113rienu aukstu 12 stundas &#8211; karstu.<\/p>\n","protected":false},"featured_media":16466,"template":"","meta":{"_jet_sm_ready_style":"","_jet_sm_style":"","_jet_sm_controls_values":"","_jet_sm_fonts_collection":"","_jet_sm_fonts_links":""},"pwb-brand":[1251],"product_cat":[202,708,193,238],"product_tag":[],"class_list":["post-19198","product","type-product","status-publish","has-post-thumbnail","pwb-brand-24bottles-lv","product_cat-24bottles-lv","product_cat-clima","product_cat-davanas","product_cat-zerowaste-lv","first","instock","taxable","shipping-taxable","purchasable","product-type-simple"],"raw_content":{"name":"24Bottles Clima Pudele Tivoli 850ml","description":"<p style=\"text-align: left;\"><em>Tivoli<\/em> <em>Clima<\/em> pudele ir It\u0101lijas \u0161edevru sajaukums: ainava, m\u0101ksla un v\u0113sture vienuviet rada burv\u012bgu est\u0113tisku grafiku ar unik\u0101lu pievilc\u012bbu.<\/p>\r\n<p style=\"text-align: left;\">Sat\u012bna apdare virsmai pie\u0161\u0137ir gludu, z\u012bdainu un maigu piesk\u0101rienu, savuk\u0101rt pusmat\u0113tais p\u0101rkl\u0101jums pastiprina pat\u012bkamo taustes saj\u016btu.<\/p>\r\n<p style=\"text-align: left;\"><em>Clima Bottle<\/em> ner\u016bs\u0113jo\u0161\u0101 t\u0113rauda pudele 24 stundas uztur\u0113s tavu dz\u0113rienu aukstu 12 stundas - karstu.<\/p>\r\n\r\n<h5 style=\"text-align: left;\">\u012apa\u0161\u012bbas:<\/h5>\r\n<ul style=\"text-align: left;\">\r\n \t<li>Sp\u012bd\u012bga\u00a0 apdare<\/li>\r\n \t<li>18\/8 p\u0101rtikas kvalit\u0101tes ner\u016bs\u0113jo\u0161ais t\u0113rauds<\/li>\r\n \t<li>Uztur \u0161\u0137idrumus karstus l\u012bdz 12 stund\u0101m un aukstus l\u012bdz 24 stund\u0101m<\/li>\r\n \t<li>100% bez BPA, nesatur toks\u012bnus<\/li>\r\n \t<li>Piem\u0113rots sk\u0101biem un g\u0101z\u0113tiem dz\u0113rieniem<\/li>\r\n \t<li>Saglab\u0101 un nepie\u0161\u0137ir arom\u0101tu<\/li>\r\n \t<li>Nesv\u012bsto\u0161s, nekondens\u0113jas<\/li>\r\n \t<li>Ner\u016bs\u0113jo\u0161\u0101 t\u0113rauda v\u0101ks ar herm\u0113tisku silikona bl\u012bv\u0113jumu<\/li>\r\n \t<li>Plats kakli\u0146\u0161 ledus piepild\u012b\u0161anai un \u0113rtai t\u012br\u012b\u0161anai<\/li>\r\n \t<li>Lidostas dro\u0161\u012bbai draudz\u012bga<\/li>\r\n \t<li>Ieteicams mazg\u0101t ar rok\u0101m<\/li>\r\n<\/ul>\r\n<p style=\"text-align: left;\">Tilpums 850 ml \u2013 Diameters \u00f8 8.4 cm \u2013 Kakli\u0146\u0161 \u00f8 3.3 cm \u2013 Augstums 25 cm \u2013 Svars 360 g<\/p>","short_description":"<p style=\"text-align: center;\"><em>Clima Bottle<\/em> ner\u016bs\u0113jo\u0161\u0101 t\u0113rauda pudele 24 stundas uztur\u0113s tavu dz\u0113rienu aukstu 12 stundas - karstu.<\/p>","status":"publish","sku":"clima-tivoli-850","original":16462},"wpml":{"translation_type":1,"has_translations":true,"original":16462,"duplicates":[],"translations":{"lv":19198,"en":16462}},"brands":[{"id":1251,"name":"24Bottles","slug":"24bottles-lv"}],"_links":{"self":[{"href":"https:\/\/m50.lv\/lv\/wp-json\/wp\/v2\/product\/19198","targetHints":{"allow":["GET"]}}],"collection":[{"href":"https:\/\/m50.lv\/lv\/wp-json\/wp\/v2\/product"}],"about":[{"href":"https:\/\/m50.lv\/lv\/wp-json\/wp\/v2\/types\/product"}],"version-history":[{"count":0,"href":"https:\/\/m50.lv\/lv\/wp-json\/wp\/v2\/product\/19198\/revisions"}],"wp:featuredmedia":[{"embeddable":true,"href":"https:\/\/m50.lv\/lv\/wp-json\/wp\/v2\/media\/16466"}],"wp:attachment":[{"href":"https:\/\/m50.lv\/lv\/wp-json\/wp\/v2\/media?parent=19198"}],"wp:term":[{"taxonomy":"pwb-brand","embeddable":true,"href":"https:\/\/m50.lv\/lv\/wp-json\/wp\/v2\/pwb-brand?post=19198"},{"taxonomy":"product_cat","embeddable":true,"href":"https:\/\/m50.lv\/lv\/wp-json\/wp\/v2\/product_cat?post=19198"},{"taxonomy":"product_tag","embeddable":true,"href":"https:\/\/m50.lv\/lv\/wp-json\/wp\/v2\/product_tag?post=19198"}],"curies":[{"name":"wp","href":"https:\/\/api.w.org\/{rel}","templated":true}]}}