{"id":66063,"date":"2020-02-04T13:23:36","date_gmt":"2020-02-04T10:23:36","guid":{"rendered":"https:\/\/m50.lv\/shop\/rains-transparent-hooded-coat-foggy-black\/"},"modified":"2023-03-23T09:06:48","modified_gmt":"2023-03-23T07:06:48","slug":"rains-transparent-hooded-coat-foggy-black","status":"publish","type":"product","link":"https:\/\/m50.lv\/lv\/product\/rains-transparent-hooded-coat-foggy-black\/","title":{"rendered":"Rains Transparent Hooded Coat Foggy Black"},"content":{"rendered":"<p><span style=\"font-weight: 400;\">M\u0113telis ar taisnu siluetu, lielas kabatas ar spiedpogu aizdari un ventil\u0101ciju.\u00a0<\/span><\/p>\n<p><span style=\"font-weight: 400;\">Stilu pilnveido Rains rakstur\u012bg\u0101 savelkam\u0101 kapuce ar nagu. \u0160\u012b unisex lietus jaka izce\u013cas ar savu klasisko siluetu, nosta\u013c\u0123ijas piesk\u0101rienu un cauri laikiem dz\u012bvojo\u0161o dizainu.<\/span><\/p>\n<ul>\n<li style=\"font-weight: 400;\"><span style=\"font-weight: 400;\">taisns, klasisks siluets<\/span><\/li>\n<li style=\"font-weight: 400;\"><span style=\"font-weight: 400;\">modele ir 178 cm gara un n\u0113s\u0113 XS\/S izm\u0113ru<\/span><\/li>\n<li style=\"font-weight: 400;\"><span style=\"font-weight: 400;\">100% TPU<\/span><\/li>\n<li style=\"font-weight: 400;\"><span style=\"font-weight: 400;\">Dublti kabatas p\u0101rloki<\/span><\/li>\n<li style=\"font-weight: 400;\"><span style=\"font-weight: 400;\">Priek\u0161da\u013cas atda\u013ca ar spiedpog\u0101m<\/span><\/li>\n<li style=\"font-weight: 400;\"><span style=\"font-weight: 400;\">Regul\u0113jamas aproces<\/span><\/li>\n<li style=\"font-weight: 400;\"><span style=\"font-weight: 400;\">Savelkama kapuce<\/span><\/li>\n<li style=\"font-weight: 400;\"><span style=\"font-weight: 400;\">Ventil\u0101cija padus\u0113s<\/span><\/li>\n<li style=\"font-weight: 400;\"><span style=\"font-weight: 400;\">Metin\u0101tas v\u012bles<\/span><\/li>\n<\/ul>\n","protected":false},"excerpt":{"rendered":"<p style=\"text-align: center;\"><span style=\"font-weight: 400;\">M\u0113telis ar taisnu siluetu, lielas kabatas ar spiedpogu aizdari un ventil\u0101ciju.\u00a0<\/span><\/p>\n<p style=\"text-align: center;\"><span style=\"font-weight: 400;\">Stilu pilnveido Rains rakstur\u012bg\u0101 savelkam\u0101 kapuce ar nagu. \u0160\u012b unisex lietus jaka izce\u013cas ar savu klasisko siluetu, nosta\u013c\u0123ijas piesk\u0101rienu un cauri laikiem dz\u012bvojo\u0161o dizainu.<\/span><\/p>\n","protected":false},"featured_media":66041,"template":"","meta":{"_jet_sm_ready_style":"","_jet_sm_style":"","_jet_sm_controls_values":"","_jet_sm_fonts_collection":"","_jet_sm_fonts_links":""},"pwb-brand":[1252],"product_cat":[102,105],"product_tag":[],"class_list":{"0":"post-66063","1":"product","2":"type-product","3":"status-publish","4":"has-post-thumbnail","6":"pwb-brand-rains-lv","7":"product_cat-apgerbs","8":"product_cat-sievietem","10":"first","11":"outofstock","12":"taxable","13":"shipping-taxable","14":"product-type-variable"},"raw_content":{"name":"Rains Transparent Hooded Coat Foggy Black","description":"<span style=\"font-weight: 400;\">M\u0113telis ar taisnu siluetu, lielas kabatas ar spiedpogu aizdari un ventil\u0101ciju.\u00a0<\/span>\r\n\r\n<span style=\"font-weight: 400;\">Stilu pilnveido Rains rakstur\u012bg\u0101 savelkam\u0101 kapuce ar nagu. \u0160\u012b unisex lietus jaka izce\u013cas ar savu klasisko siluetu, nosta\u013c\u0123ijas piesk\u0101rienu un cauri laikiem dz\u012bvojo\u0161o dizainu.<\/span>\r\n<ul>\r\n \t<li style=\"font-weight: 400;\"><span style=\"font-weight: 400;\">taisns, klasisks siluets<\/span><\/li>\r\n \t<li style=\"font-weight: 400;\"><span style=\"font-weight: 400;\">modele ir 178 cm gara un n\u0113s\u0113 XS\/S izm\u0113ru<\/span><\/li>\r\n \t<li style=\"font-weight: 400;\"><span style=\"font-weight: 400;\">100% TPU<\/span><\/li>\r\n \t<li style=\"font-weight: 400;\"><span style=\"font-weight: 400;\">Dublti kabatas p\u0101rloki<\/span><\/li>\r\n \t<li style=\"font-weight: 400;\"><span style=\"font-weight: 400;\">Priek\u0161da\u013cas atda\u013ca ar spiedpog\u0101m<\/span><\/li>\r\n \t<li style=\"font-weight: 400;\"><span style=\"font-weight: 400;\">Regul\u0113jamas aproces<\/span><\/li>\r\n \t<li style=\"font-weight: 400;\"><span style=\"font-weight: 400;\">Savelkama kapuce<\/span><\/li>\r\n \t<li style=\"font-weight: 400;\"><span style=\"font-weight: 400;\">Ventil\u0101cija padus\u0113s<\/span><\/li>\r\n \t<li style=\"font-weight: 400;\"><span style=\"font-weight: 400;\">Metin\u0101tas v\u012bles<\/span><\/li>\r\n<\/ul>","short_description":"<p style=\"text-align: center;\"><span style=\"font-weight: 400;\">M\u0113telis ar taisnu siluetu, lielas kabatas ar spiedpogu aizdari un ventil\u0101ciju.\u00a0<\/span><\/p>\r\n<p style=\"text-align: center;\"><span style=\"font-weight: 400;\">Stilu pilnveido Rains rakstur\u012bg\u0101 savelkam\u0101 kapuce ar nagu. \u0160\u012b unisex lietus jaka izce\u013cas ar savu klasisko siluetu, nosta\u013c\u0123ijas piesk\u0101rienu un cauri laikiem dz\u012bvojo\u0161o dizainu.<\/span><\/p>","status":"publish","sku":"rains-trsp-fb","original":66063},"wpml":{"translation_type":0,"has_translations":false,"original":66063,"duplicates":[],"translations":{"lv":66063,"en":null}},"brands":[{"id":1252,"name":"Rains","slug":"rains-lv"}],"_links":{"self":[{"href":"https:\/\/m50.lv\/lv\/wp-json\/wp\/v2\/product\/66063","targetHints":{"allow":["GET"]}}],"collection":[{"href":"https:\/\/m50.lv\/lv\/wp-json\/wp\/v2\/product"}],"about":[{"href":"https:\/\/m50.lv\/lv\/wp-json\/wp\/v2\/types\/product"}],"version-history":[{"count":0,"href":"https:\/\/m50.lv\/lv\/wp-json\/wp\/v2\/product\/66063\/revisions"}],"wp:featuredmedia":[{"embeddable":true,"href":"https:\/\/m50.lv\/lv\/wp-json\/wp\/v2\/media\/66041"}],"wp:attachment":[{"href":"https:\/\/m50.lv\/lv\/wp-json\/wp\/v2\/media?parent=66063"}],"wp:term":[{"taxonomy":"pwb-brand","embeddable":true,"href":"https:\/\/m50.lv\/lv\/wp-json\/wp\/v2\/pwb-brand?post=66063"},{"taxonomy":"product_cat","embeddable":true,"href":"https:\/\/m50.lv\/lv\/wp-json\/wp\/v2\/product_cat?post=66063"},{"taxonomy":"product_tag","embeddable":true,"href":"https:\/\/m50.lv\/lv\/wp-json\/wp\/v2\/product_tag?post=66063"}],"curies":[{"name":"wp","href":"https:\/\/api.w.org\/{rel}","templated":true}]}}