{"id":67332,"date":"2020-02-18T15:21:47","date_gmt":"2020-02-18T13:21:47","guid":{"rendered":"https:\/\/m50.lv\/shop\/unicorn-valley-piespraude-bla\/"},"modified":"2022-05-30T18:44:07","modified_gmt":"2022-05-30T15:44:07","slug":"unicorn-valley-piespraude-bla","status":"publish","type":"product","link":"https:\/\/m50.lv\/lv\/product\/unicorn-valley-piespraude-bla\/","title":{"rendered":"Unicorn Valley Piespraude &#8220;Bla&#8221;"},"content":{"rendered":"<p style=\"text-align: center;\">Emalj\u0113ta piespraude ar dzeltenu p\u012bli, kas saka ko rupju. Drosm\u012bgajiem, aspr\u0101\u0161iem un stil\u012bgajiem. Miera iel\u0101 \u0161\u012b ir TOP piespraude &#8211; viena meitene reiz t\u0101du uzd\u0101vin\u0101ja m\u0101s\u012bcai, kas str\u0101d\u0101 Eiropas Centr\u0101laj\u0101 bank\u0101.<\/p>\n<p style=\"text-align: center;\">Schastiazdorovia (\u0421\u0447\u0430\u0441\u0442\u044c\u044f \u0417\u0434\u043e\u0440\u043e\u0432\u044c\u044f)<\/p>\n","protected":false},"excerpt":{"rendered":"<p style=\"text-align: center;\">Emalj\u0113ta piespraude ar dzeltenu p\u012bli, kas saka ko rupju. Drosm\u012bgajiem, aspr\u0101\u0161iem un stil\u012bgajiem. Miera iel\u0101 \u0161\u012b ir TOP piespraude &#8211; viena meitene reiz t\u0101du uzd\u0101vin\u0101ja m\u0101s\u012bcai, kas str\u0101d\u0101 Eiropas Centr\u0101laj\u0101 bank\u0101.<\/p>\n<p style=\"text-align: center;\">Schastiazdorovia (\u0421\u0447\u0430\u0441\u0442\u044c\u044f \u0417\u0434\u043e\u0440\u043e\u0432\u044c\u044f)<\/p>\n","protected":false},"featured_media":66968,"template":"","meta":{"_jet_sm_ready_style":"","_jet_sm_style":"","_jet_sm_controls_values":"","_jet_sm_fonts_collection":"","_jet_sm_fonts_links":""},"pwb-brand":[1256],"product_cat":[101,193,204],"product_tag":[1396],"class_list":{"0":"post-67332","1":"product","2":"type-product","3":"status-publish","4":"has-post-thumbnail","6":"pwb-brand-schastia-zdorovia-lv","7":"product_cat-aksesuari","8":"product_cat-davanas","9":"product_cat-piespraudes","10":"product_tag-zem20-lv","12":"first","13":"outofstock","14":"taxable","15":"shipping-taxable","16":"purchasable","17":"product-type-simple"},"raw_content":{"name":"Unicorn Valley Piespraude \"Bla\"","description":"<p style=\"text-align: center;\">Emalj\u0113ta piespraude ar dzeltenu p\u012bli, kas saka ko rupju. Drosm\u012bgajiem, aspr\u0101\u0161iem un stil\u012bgajiem. Miera iel\u0101 \u0161\u012b ir TOP piespraude - viena meitene reiz t\u0101du uzd\u0101vin\u0101ja m\u0101s\u012bcai, kas str\u0101d\u0101 Eiropas Centr\u0101laj\u0101 bank\u0101.<\/p>\r\n<p style=\"text-align: center;\">Schastiazdorovia (\u0421\u0447\u0430\u0441\u0442\u044c\u044f \u0417\u0434\u043e\u0440\u043e\u0432\u044c\u044f)<\/p>","short_description":"<p style=\"text-align: center;\">Emalj\u0113ta piespraude ar dzeltenu p\u012bli, kas saka ko rupju. Drosm\u012bgajiem, aspr\u0101\u0161iem un stil\u012bgajiem. Miera iel\u0101 \u0161\u012b ir TOP piespraude - viena meitene reiz t\u0101du uzd\u0101vin\u0101ja m\u0101s\u012bcai, kas str\u0101d\u0101 Eiropas Centr\u0101laj\u0101 bank\u0101.<\/p>\r\n<p style=\"text-align: center;\">Schastiazdorovia (\u0421\u0447\u0430\u0441\u0442\u044c\u044f \u0417\u0434\u043e\u0440\u043e\u0432\u044c\u044f)<\/p>","status":"publish","sku":"unicornvalley-bla","original":66959},"wpml":{"translation_type":1,"has_translations":true,"original":66959,"duplicates":[],"translations":{"lv":67332,"en":66959}},"brands":[{"id":1256,"name":"Schastia Zdorovia","slug":"schastia-zdorovia-lv"}],"_links":{"self":[{"href":"https:\/\/m50.lv\/lv\/wp-json\/wp\/v2\/product\/67332","targetHints":{"allow":["GET"]}}],"collection":[{"href":"https:\/\/m50.lv\/lv\/wp-json\/wp\/v2\/product"}],"about":[{"href":"https:\/\/m50.lv\/lv\/wp-json\/wp\/v2\/types\/product"}],"version-history":[{"count":0,"href":"https:\/\/m50.lv\/lv\/wp-json\/wp\/v2\/product\/67332\/revisions"}],"wp:featuredmedia":[{"embeddable":true,"href":"https:\/\/m50.lv\/lv\/wp-json\/wp\/v2\/media\/66968"}],"wp:attachment":[{"href":"https:\/\/m50.lv\/lv\/wp-json\/wp\/v2\/media?parent=67332"}],"wp:term":[{"taxonomy":"pwb-brand","embeddable":true,"href":"https:\/\/m50.lv\/lv\/wp-json\/wp\/v2\/pwb-brand?post=67332"},{"taxonomy":"product_cat","embeddable":true,"href":"https:\/\/m50.lv\/lv\/wp-json\/wp\/v2\/product_cat?post=67332"},{"taxonomy":"product_tag","embeddable":true,"href":"https:\/\/m50.lv\/lv\/wp-json\/wp\/v2\/product_tag?post=67332"}],"curies":[{"name":"wp","href":"https:\/\/api.w.org\/{rel}","templated":true}]}}