{"id":67473,"date":"2020-02-14T13:34:08","date_gmt":"2020-02-14T11:34:08","guid":{"rendered":"https:\/\/m50.lv\/shop\/krista-miltina-unisex-dzemperis-just-dill-with-it-melns\/"},"modified":"2026-03-24T20:07:36","modified_gmt":"2026-03-24T18:07:36","slug":"krista-bitmete-unisex-dzemperis-just-dill-with-it-melns","status":"publish","type":"product","link":"https:\/\/m50.lv\/lv\/product\/krista-bitmete-unisex-dzemperis-just-dill-with-it-melns\/","title":{"rendered":"KRISTA BITMETE Unisex D\u017eemperis &#8220;Just Dill With It&#8221; Melns"},"content":{"rendered":"<p style=\"text-align: center;\">K\u0101 latvie\u0161i saka, Ej Dill\u0113s! Un m\u0113s ejam, jo pat\u012bk un for\u0161i. Kristas Bitmetes kokvilnas d\u017eemperis &#8220;Just Dill With It&#8221;. Unisex.<\/p>\n","protected":false},"excerpt":{"rendered":"<p style=\"text-align: center;\">K\u0101 latvie\u0161i saka, Ej Dill\u0113s! Un m\u0113s ejam, jo pat\u012bk un for\u0161i. Kristas Bitmetes kokvilnas d\u017eemperis &#8220;Just Dill With It&#8221;. Unisex.<\/p>\n","protected":false},"featured_media":68431,"template":"","meta":{"_jet_sm_ready_style":"","_jet_sm_style":"","_jet_sm_controls_values":"","_jet_sm_fonts_collection":"","_jet_sm_fonts_links":""},"pwb-brand":[1255],"product_cat":[102,193,199,201,550,105,103,240],"product_tag":[],"class_list":{"0":"post-67473","1":"product","2":"type-product","3":"status-publish","4":"has-post-thumbnail","6":"pwb-brand-krista-bitmete-lv","7":"product_cat-apgerbs","8":"product_cat-davanas","9":"product_cat-dzemperi","10":"product_cat-dzemperi-lv","11":"product_cat-latviski","12":"product_cat-sievietem","13":"product_cat-viriesiem","14":"product_cat-ziemai","16":"first","17":"instock","18":"taxable","19":"shipping-taxable","20":"purchasable","21":"product-type-variable"},"raw_content":{"name":"KRISTA BITMETE Unisex D\u017eemperis \"Just Dill With It\" Melns","description":"<p style=\"text-align: center;\">K\u0101 latvie\u0161i saka, Ej Dill\u0113s! Un m\u0113s ejam, jo pat\u012bk un for\u0161i. Kristas Bitmetes kokvilnas d\u017eemperis \"Just Dill With It\". Unisex.<\/p>","short_description":"<p style=\"text-align: center;\">K\u0101 latvie\u0161i saka, Ej Dill\u0113s! Un m\u0113s ejam, jo pat\u012bk un for\u0161i. Kristas Bitmetes kokvilnas d\u017eemperis \"Just Dill With It\". Unisex.<\/p>","status":"publish","sku":"Bitmete-sw-dill","original":66224},"wpml":{"translation_type":1,"has_translations":true,"original":66224,"duplicates":[],"translations":{"lv":67473,"en":66224}},"brands":[{"id":1255,"name":"KRISTA BITMETE","slug":"krista-bitmete-lv"}],"_links":{"self":[{"href":"https:\/\/m50.lv\/lv\/wp-json\/wp\/v2\/product\/67473","targetHints":{"allow":["GET"]}}],"collection":[{"href":"https:\/\/m50.lv\/lv\/wp-json\/wp\/v2\/product"}],"about":[{"href":"https:\/\/m50.lv\/lv\/wp-json\/wp\/v2\/types\/product"}],"version-history":[{"count":0,"href":"https:\/\/m50.lv\/lv\/wp-json\/wp\/v2\/product\/67473\/revisions"}],"wp:featuredmedia":[{"embeddable":true,"href":"https:\/\/m50.lv\/lv\/wp-json\/wp\/v2\/media\/68431"}],"wp:attachment":[{"href":"https:\/\/m50.lv\/lv\/wp-json\/wp\/v2\/media?parent=67473"}],"wp:term":[{"taxonomy":"pwb-brand","embeddable":true,"href":"https:\/\/m50.lv\/lv\/wp-json\/wp\/v2\/pwb-brand?post=67473"},{"taxonomy":"product_cat","embeddable":true,"href":"https:\/\/m50.lv\/lv\/wp-json\/wp\/v2\/product_cat?post=67473"},{"taxonomy":"product_tag","embeddable":true,"href":"https:\/\/m50.lv\/lv\/wp-json\/wp\/v2\/product_tag?post=67473"}],"curies":[{"name":"wp","href":"https:\/\/api.w.org\/{rel}","templated":true}]}}