{"id":68476,"date":"2020-02-25T15:53:47","date_gmt":"2020-02-25T13:53:47","guid":{"rendered":"https:\/\/m50.lv\/shop\/24bottles-pudeles-rokturis-melns\/"},"modified":"2026-05-09T18:35:38","modified_gmt":"2026-05-09T16:35:38","slug":"24bottles-pudeles-rokturis-melns","status":"publish","type":"product","link":"https:\/\/m50.lv\/lv\/product\/24bottles-pudeles-rokturis-melns\/","title":{"rendered":"24Bottles Pudeles Rokturis Melns"},"content":{"rendered":"<p style=\"text-align: left;\">Pude\u013cu rokturis ir 24Bottles noder\u012bg\u0101kais aksesu\u0101rs &#8211; \u0113rt\u0101kais un stil\u012bg\u0101kais risin\u0101jums pude\u013cu p\u0101rvieto\u0161anai ikdien\u0101.<\/p>\n<p style=\"text-align: left;\">Pateicoties \u0101rk\u0101rt\u012bgai elast\u012bbai, pude\u013cu stiprin\u0101jums nekad nedeform\u0113jas un neplais\u0101 neatkar\u012bgi no loc\u012b\u0161anas veida. Aplieciet to ap 24Bottles kaklu, lai to stingri tur\u0113tu un n\u0113s\u0101tu \u016bdens pudeli stil\u012bgi &#8211; piestiprin\u0101tu pie somas vai bik\u0161u cilpas.<\/p>\n<ul>\n<li style=\"text-align: left;\">100% silikons<\/li>\n<li style=\"text-align: left;\">Nedeform\u0113j\u0101s<\/li>\n<li style=\"text-align: left;\">Dro\u0161s un iztur\u012bgs<\/li>\n<li style=\"text-align: left;\">Paredz\u0113ts 24Bottles Clima un Urban pudel\u0113m<\/li>\n<\/ul>\n","protected":false},"excerpt":{"rendered":"<p style=\"text-align: center;\">Pude\u013cu rokturis ir 24Bottles noder\u012bg\u0101kais aksesu\u0101rs &#8211; \u0113rt\u0101kais un stil\u012bg\u0101kais risin\u0101jums pude\u013cu p\u0101rvieto\u0161anai ikdien\u0101.<\/p>\n","protected":false},"featured_media":68203,"template":"","meta":{"_jet_sm_ready_style":"","_jet_sm_style":"","_jet_sm_controls_values":"","_jet_sm_fonts_collection":"","_jet_sm_fonts_links":""},"pwb-brand":[1251],"product_cat":[202,193,707,238],"product_tag":[1474],"class_list":["post-68476","product","type-product","status-publish","has-post-thumbnail","pwb-brand-24bottles-lv","product_cat-24bottles-lv","product_cat-davanas","product_cat-aksesuari-lv","product_cat-zerowaste-lv","product_tag-gifts-under-20e","first","instock","taxable","shipping-taxable","purchasable","product-type-simple"],"raw_content":{"name":"24Bottles Pudeles Rokturis Melns","description":"<p style=\"text-align: left;\">Pude\u013cu rokturis ir 24Bottles noder\u012bg\u0101kais aksesu\u0101rs - \u0113rt\u0101kais un stil\u012bg\u0101kais risin\u0101jums pude\u013cu p\u0101rvieto\u0161anai ikdien\u0101.<\/p>\r\n<p style=\"text-align: left;\">Pateicoties \u0101rk\u0101rt\u012bgai elast\u012bbai, pude\u013cu stiprin\u0101jums nekad nedeform\u0113jas un neplais\u0101 neatkar\u012bgi no loc\u012b\u0161anas veida. Aplieciet to ap 24Bottles kaklu, lai to stingri tur\u0113tu un n\u0113s\u0101tu \u016bdens pudeli stil\u012bgi - piestiprin\u0101tu pie somas vai bik\u0161u cilpas.<\/p>\r\n\r\n<ul>\r\n \t<li style=\"text-align: left;\">100% silikons<\/li>\r\n \t<li style=\"text-align: left;\">Nedeform\u0113j\u0101s<\/li>\r\n \t<li style=\"text-align: left;\">Dro\u0161s un iztur\u012bgs<\/li>\r\n \t<li style=\"text-align: left;\">Paredz\u0113ts 24Bottles Clima un Urban pudel\u0113m<\/li>\r\n<\/ul>","short_description":"<p style=\"text-align: center;\">Pude\u013cu rokturis ir 24Bottles noder\u012bg\u0101kais aksesu\u0101rs - \u0113rt\u0101kais un stil\u012bg\u0101kais risin\u0101jums pude\u013cu p\u0101rvieto\u0161anai ikdien\u0101.<\/p>","status":"publish","sku":"bottle-tie-black","original":67898},"wpml":{"translation_type":1,"has_translations":true,"original":67898,"duplicates":[],"translations":{"lv":68476,"en":67898}},"brands":[{"id":1251,"name":"24Bottles","slug":"24bottles-lv"}],"_links":{"self":[{"href":"https:\/\/m50.lv\/lv\/wp-json\/wp\/v2\/product\/68476","targetHints":{"allow":["GET"]}}],"collection":[{"href":"https:\/\/m50.lv\/lv\/wp-json\/wp\/v2\/product"}],"about":[{"href":"https:\/\/m50.lv\/lv\/wp-json\/wp\/v2\/types\/product"}],"version-history":[{"count":0,"href":"https:\/\/m50.lv\/lv\/wp-json\/wp\/v2\/product\/68476\/revisions"}],"wp:featuredmedia":[{"embeddable":true,"href":"https:\/\/m50.lv\/lv\/wp-json\/wp\/v2\/media\/68203"}],"wp:attachment":[{"href":"https:\/\/m50.lv\/lv\/wp-json\/wp\/v2\/media?parent=68476"}],"wp:term":[{"taxonomy":"pwb-brand","embeddable":true,"href":"https:\/\/m50.lv\/lv\/wp-json\/wp\/v2\/pwb-brand?post=68476"},{"taxonomy":"product_cat","embeddable":true,"href":"https:\/\/m50.lv\/lv\/wp-json\/wp\/v2\/product_cat?post=68476"},{"taxonomy":"product_tag","embeddable":true,"href":"https:\/\/m50.lv\/lv\/wp-json\/wp\/v2\/product_tag?post=68476"}],"curies":[{"name":"wp","href":"https:\/\/api.w.org\/{rel}","templated":true}]}}