{"id":72532,"date":"2020-03-04T15:48:40","date_gmt":"2020-03-04T13:48:40","guid":{"rendered":"https:\/\/m50.lv\/shop\/unicorn-valley-zekes-ar-pili-zalas\/"},"modified":"2025-12-22T22:58:31","modified_gmt":"2025-12-22T20:58:31","slug":"unicorn-valley-zekes-ar-pili-zalas","status":"publish","type":"product","link":"https:\/\/m50.lv\/lv\/product\/unicorn-valley-zekes-ar-pili-zalas\/","title":{"rendered":"Schastia Zdorovia Ze\u0137es ar P\u012bli Za\u013cas"},"content":{"rendered":"<p style=\"text-align: center;\">Unicorn Valley ze\u0137es ar iem\u012b\u013coto p\u012bli, kas saka ko rupju. Der\u0113s un patiks tiem, kas saprot humorus, jokas un krieve\u0146us. Patiks ar\u012b tiem, kas n\u0113s\u0101 ze\u0137es. Patiks ar\u012b tiem, kas nesaprot krievu valodu. Patiks ar\u012b tiem, kas saprot krievu un citas valodas.<\/p>\n","protected":false},"excerpt":{"rendered":"<p style=\"text-align: center;\">Unicorn Valley ze\u0137es ar iem\u012b\u013coto p\u012bli, kas saka ko rupju. Der\u0113s un patiks tiem, kas saprot humorus, jokas un krieve\u0146us. Patiks ar\u012b tiem, kas n\u0113s\u0101 ze\u0137es. Patiks ar\u012b tiem, kas nesaprot krievu valodu. Patiks ar\u012b tiem, kas saprot krievu un citas valodas.<\/p>\n","protected":false},"featured_media":72261,"template":"","meta":{"_jet_sm_ready_style":"","_jet_sm_style":"","_jet_sm_controls_values":"","_jet_sm_fonts_collection":"","_jet_sm_fonts_links":""},"pwb-brand":[1256],"product_cat":[101,193,567],"product_tag":[1474],"class_list":{"0":"post-72532","1":"product","2":"type-product","3":"status-publish","4":"has-post-thumbnail","6":"pwb-brand-schastia-zdorovia-lv","7":"product_cat-aksesuari","8":"product_cat-davanas","9":"product_cat-zekes","10":"product_tag-gifts-under-20e","12":"first","13":"instock","14":"taxable","15":"shipping-taxable","16":"purchasable","17":"product-type-variable"},"raw_content":{"name":"Schastia Zdorovia Ze\u0137es ar P\u012bli Za\u013cas","description":"<p style=\"text-align: center;\">Unicorn Valley ze\u0137es ar iem\u012b\u013coto p\u012bli, kas saka ko rupju. Der\u0113s un patiks tiem, kas saprot humorus, jokas un krieve\u0146us. Patiks ar\u012b tiem, kas n\u0113s\u0101 ze\u0137es. Patiks ar\u012b tiem, kas nesaprot krievu valodu. Patiks ar\u012b tiem, kas saprot krievu un citas valodas.<\/p>","short_description":"<p style=\"text-align: center;\">Unicorn Valley ze\u0137es ar iem\u012b\u013coto p\u012bli, kas saka ko rupju. Der\u0113s un patiks tiem, kas saprot humorus, jokas un krieve\u0146us. Patiks ar\u012b tiem, kas n\u0113s\u0101 ze\u0137es. Patiks ar\u012b tiem, kas nesaprot krievu valodu. Patiks ar\u012b tiem, kas saprot krievu un citas valodas.<\/p>","status":"publish","sku":"uv-duck-green","original":71085},"wpml":{"translation_type":1,"has_translations":true,"original":71085,"duplicates":[],"translations":{"lv":72532,"en":71085}},"brands":[{"id":1256,"name":"Schastia Zdorovia","slug":"schastia-zdorovia-lv"}],"_links":{"self":[{"href":"https:\/\/m50.lv\/lv\/wp-json\/wp\/v2\/product\/72532","targetHints":{"allow":["GET"]}}],"collection":[{"href":"https:\/\/m50.lv\/lv\/wp-json\/wp\/v2\/product"}],"about":[{"href":"https:\/\/m50.lv\/lv\/wp-json\/wp\/v2\/types\/product"}],"version-history":[{"count":0,"href":"https:\/\/m50.lv\/lv\/wp-json\/wp\/v2\/product\/72532\/revisions"}],"wp:featuredmedia":[{"embeddable":true,"href":"https:\/\/m50.lv\/lv\/wp-json\/wp\/v2\/media\/72261"}],"wp:attachment":[{"href":"https:\/\/m50.lv\/lv\/wp-json\/wp\/v2\/media?parent=72532"}],"wp:term":[{"taxonomy":"pwb-brand","embeddable":true,"href":"https:\/\/m50.lv\/lv\/wp-json\/wp\/v2\/pwb-brand?post=72532"},{"taxonomy":"product_cat","embeddable":true,"href":"https:\/\/m50.lv\/lv\/wp-json\/wp\/v2\/product_cat?post=72532"},{"taxonomy":"product_tag","embeddable":true,"href":"https:\/\/m50.lv\/lv\/wp-json\/wp\/v2\/product_tag?post=72532"}],"curies":[{"name":"wp","href":"https:\/\/api.w.org\/{rel}","templated":true}]}}