{"id":76470,"date":"2023-06-19T20:48:59","date_gmt":"2023-06-19T18:48:59","guid":{"rendered":"https:\/\/m50.lv\/shop\/m50-unisex-t-krekls-iebiezinats-piens-vintage-balts\/"},"modified":"2026-02-23T14:43:25","modified_gmt":"2026-02-23T12:43:25","slug":"m50-unisex-t-krekls-iebiezinats-piens-vintage-balts","status":"publish","type":"product","link":"https:\/\/m50.lv\/lv\/product\/m50-unisex-t-krekls-iebiezinats-piens-vintage-balts\/","title":{"rendered":"Vaira V\u012bksne x M50 Unisex T-krekls &#8220;Iebiezin\u0101ts Piens&#8221; Vintage Balts"},"content":{"rendered":"<p style=\"text-align: left;\">Gribas kaut ko saldu? \u0160is krekls rad\u012bts tev! B\u0113rn\u012bbas gar\u0161as kondens\u0113t\u0101 piena bund\u017ea pa visu tavu v\u0113deru. Gardumi\u0146\u0161!<\/p>\n<ul style=\"text-align: left;\">\n<li style=\"text-align: left;\">Roku darbs, sietspiede<\/li>\n<li style=\"text-align: left;\">100% organiska, m\u012bksta un pat\u012bkama kokvilna<\/li>\n<li style=\"text-align: left;\">180 GSM<\/li>\n<li style=\"text-align: left;\">Ar\u012b veg\u0101ni \u0161o kreklu atz\u012bst par labu esam! (T\u0101p\u0113c, ka super\u012bgs sast\u0101vs un visas dz\u012bv\u0101s rad\u012bbi\u0146as dz\u012bvas).<\/li>\n<li>Ra\u017eots ES, iespiests R\u012bg\u0101<\/li>\n<\/ul>\n<p style=\"text-align: left;\">#m\u0113nesisradot<br \/>\n#paliecm\u0101j\u0101s<\/p>\n<p><img decoding=\"async\" class=\"wp-image-89984 alignleft\" src=\"https:\/\/m50.lv\/wp-content\/uploads\/2020\/03\/vairaviksne-organiska-kokvilna.png\" alt=\"Vaira V\u012bksne\" width=\"109\" height=\"109\" srcset=\"https:\/\/m50.lv\/wp-content\/uploads\/2020\/03\/vairaviksne-organiska-kokvilna.png 286w, https:\/\/m50.lv\/wp-content\/uploads\/2020\/03\/vairaviksne-organiska-kokvilna-150x150.png 150w, https:\/\/m50.lv\/wp-content\/uploads\/2020\/03\/vairaviksne-organiska-kokvilna-100x100.png 100w\" sizes=\"(max-width: 109px) 100vw, 109px\" \/><\/p>\n","protected":false},"excerpt":{"rendered":"<p style=\"text-align: center;\">Gribas kaut ko saldu? \u0160is krekls rad\u012bts tev! B\u0113rn\u012bbas gar\u0161as kondens\u0113t\u0101 piena bund\u017ea pa visu tavu v\u0113deru. Gardumi\u0146\u0161!<\/p>\n<p><img decoding=\"async\" class=\"wp-image-89984 aligncenter\" src=\"https:\/\/m50.lv\/wp-content\/uploads\/2020\/03\/vairaviksne-organiska-kokvilna.png\" alt=\"Vaira V\u012bksne\" width=\"88\" height=\"88\" srcset=\"https:\/\/m50.lv\/wp-content\/uploads\/2020\/03\/vairaviksne-organiska-kokvilna.png 286w, https:\/\/m50.lv\/wp-content\/uploads\/2020\/03\/vairaviksne-organiska-kokvilna-150x150.png 150w, https:\/\/m50.lv\/wp-content\/uploads\/2020\/03\/vairaviksne-organiska-kokvilna-100x100.png 100w\" sizes=\"(max-width: 88px) 100vw, 88px\" \/><\/p>\n","protected":false},"featured_media":99239,"template":"","meta":{"_jet_sm_ready_style":"","_jet_sm_style":"","_jet_sm_controls_values":"","_jet_sm_fonts_collection":"","_jet_sm_fonts_links":""},"pwb-brand":[1261],"product_cat":[1433,102,193,550,105,107,104,103],"product_tag":[1368,1562],"class_list":{"0":"post-76470","1":"product","2":"type-product","3":"status-publish","4":"has-post-thumbnail","6":"pwb-brand-vaira-viksne-lv","7":"product_cat-19janv11febr-20-lv","8":"product_cat-apgerbs","9":"product_cat-davanas","10":"product_cat-latviski","11":"product_cat-sievietem","12":"product_cat-t-krekli-sievietem","13":"product_cat-t-krekli","14":"product_cat-viriesiem","15":"product_tag-tevu-diena","16":"product_tag-valentindienas-davanas","18":"first","19":"instock","20":"taxable","21":"shipping-taxable","22":"purchasable","23":"product-type-variable"},"raw_content":{"name":"Vaira V\u012bksne x M50 Unisex T-krekls \"Iebiezin\u0101ts Piens\" Vintage Balts","description":"<p style=\"text-align: left;\">Gribas kaut ko saldu? \u0160is krekls rad\u012bts tev! B\u0113rn\u012bbas gar\u0161as kondens\u0113t\u0101 piena bund\u017ea pa visu tavu v\u0113deru. Gardumi\u0146\u0161!<\/p>\r\n\r\n<ul style=\"text-align: left;\">\r\n \t<li style=\"text-align: left;\">Roku darbs, sietspiede<\/li>\r\n \t<li style=\"text-align: left;\">100% organiska, m\u012bksta un pat\u012bkama kokvilna<\/li>\r\n \t<li style=\"text-align: left;\">180 GSM<\/li>\r\n \t<li style=\"text-align: left;\">Ar\u012b veg\u0101ni \u0161o kreklu atz\u012bst par labu esam! (T\u0101p\u0113c, ka super\u012bgs sast\u0101vs un visas dz\u012bv\u0101s rad\u012bbi\u0146as dz\u012bvas).<\/li>\r\n \t<li>Ra\u017eots ES, iespiests R\u012bg\u0101<\/li>\r\n<\/ul>\r\n<p style=\"text-align: left;\">#m\u0113nesisradot\r\n#paliecm\u0101j\u0101s<\/p>\r\n<img class=\"wp-image-89984 alignleft\" src=\"https:\/\/m50.lv\/wp-content\/uploads\/2020\/03\/vairaviksne-organiska-kokvilna.png\" alt=\"Vaira V\u012bksne\" width=\"109\" height=\"109\" \/>","short_description":"<p style=\"text-align: center;\">Gribas kaut ko saldu? \u0160is krekls rad\u012bts tev! B\u0113rn\u012bbas gar\u0161as kondens\u0113t\u0101 piena bund\u017ea pa visu tavu v\u0113deru. Gardumi\u0146\u0161!<\/p>\r\n<img class=\"wp-image-89984 aligncenter\" src=\"https:\/\/m50.lv\/wp-content\/uploads\/2020\/03\/vairaviksne-organiska-kokvilna.png\" alt=\"Vaira V\u012bksne\" width=\"88\" height=\"88\" \/>","status":"publish","sku":"m50-piens-t","original":76427},"wpml":{"translation_type":1,"has_translations":true,"original":76427,"duplicates":[],"translations":{"lv":76470,"en":76427}},"brands":[{"id":1261,"name":"Vaira V\u012bksne","slug":"vaira-viksne-lv"}],"_links":{"self":[{"href":"https:\/\/m50.lv\/lv\/wp-json\/wp\/v2\/product\/76470","targetHints":{"allow":["GET"]}}],"collection":[{"href":"https:\/\/m50.lv\/lv\/wp-json\/wp\/v2\/product"}],"about":[{"href":"https:\/\/m50.lv\/lv\/wp-json\/wp\/v2\/types\/product"}],"version-history":[{"count":0,"href":"https:\/\/m50.lv\/lv\/wp-json\/wp\/v2\/product\/76470\/revisions"}],"wp:featuredmedia":[{"embeddable":true,"href":"https:\/\/m50.lv\/lv\/wp-json\/wp\/v2\/media\/99239"}],"wp:attachment":[{"href":"https:\/\/m50.lv\/lv\/wp-json\/wp\/v2\/media?parent=76470"}],"wp:term":[{"taxonomy":"pwb-brand","embeddable":true,"href":"https:\/\/m50.lv\/lv\/wp-json\/wp\/v2\/pwb-brand?post=76470"},{"taxonomy":"product_cat","embeddable":true,"href":"https:\/\/m50.lv\/lv\/wp-json\/wp\/v2\/product_cat?post=76470"},{"taxonomy":"product_tag","embeddable":true,"href":"https:\/\/m50.lv\/lv\/wp-json\/wp\/v2\/product_tag?post=76470"}],"curies":[{"name":"wp","href":"https:\/\/api.w.org\/{rel}","templated":true}]}}