{"id":88177,"date":"2020-06-16T12:23:06","date_gmt":"2020-06-16T10:23:06","guid":{"rendered":"https:\/\/m50.lv\/shop\/24bottles-clima-pudele-riace-500ml\/"},"modified":"2026-05-01T17:22:27","modified_gmt":"2026-05-01T15:22:27","slug":"24bottles-clima-pudele-riace-500ml","status":"publish","type":"product","link":"https:\/\/m50.lv\/lv\/product\/24bottles-clima-pudele-riace-500ml\/","title":{"rendered":"24Bottles Clima Pudele Riace 500ml"},"content":{"rendered":"<p style=\"text-align: left;\">Riace Clima pudele ar oksid\u0113to efektu un met\u0101liskajiem elementiem ir \u012bsta oda t\u0113lniec\u012bbas t\u0113lot\u0101jm\u0101kslas senajiem laikiem.<\/p>\n<p style=\"text-align: left;\">Glossy Finish paspilgtina mode\u013ca nokr\u0101sas un pigmentus, atspogu\u013cojot gaismu un pie\u0161\u0137irot elegantu piesk\u0101rienu.<\/p>\n<p style=\"text-align: left;\">Clima Bottle ir atk\u0101rtoti lietojama izol\u0113ta ner\u016bs\u0113jo\u0161\u0101 t\u0113rauda pudele, kas uztur dz\u0113rienus aukstus 24 stundas un karstu 12 stundas.<\/p>\n<h5 style=\"text-align: left;\">\u012apa\u0161\u012bbas:<\/h5>\n<ul style=\"text-align: left;\">\n<li>Sp\u012bd\u012bga apdare<\/li>\n<li>18\/8 p\u0101rtikas kvalit\u0101tes ner\u016bs\u0113jo\u0161ais t\u0113rauds<\/li>\n<li>Uztur \u0161\u0137idrumus karstus l\u012bdz 12 stund\u0101m un aukstus l\u012bdz 24 stund\u0101m<\/li>\n<li>100% bez BPA, nesatur toks\u012bnus<\/li>\n<li>Piem\u0113rots sk\u0101biem un g\u0101z\u0113tiem dz\u0113rieniem<\/li>\n<li>Saglab\u0101 un nepie\u0161\u0137ir arom\u0101tu<\/li>\n<li>Nesv\u012bsto\u0161s, nekondens\u0113jas<\/li>\n<li>Ner\u016bs\u0113jo\u0161\u0101 t\u0113rauda v\u0101ks ar herm\u0113tisku silikona bl\u012bv\u0113jumu<\/li>\n<li>Plats kakli\u0146\u0161 ledus piepild\u012b\u0161anai un \u0113rtai t\u012br\u012b\u0161anai<\/li>\n<li>Lidostas dro\u0161\u012bbai draudz\u012bga<\/li>\n<li>Ieteicams mazg\u0101t ar rok\u0101m<\/li>\n<\/ul>\n<p style=\"text-align: left;\">Tilpums 500 ml \u2013 Diameters \u00f8 7.3 cm \u2013 Kakli\u0146\u0161 \u00f8 3.3 cm \u2013 Augstums 20.5 cm \u2013 Svars 274 g<\/p>\n","protected":false},"excerpt":{"rendered":"<p style=\"text-align: center;\">Riace Clima pudele ar oksid\u0113to efektu un met\u0101liskajiem elementiem ir \u012bsta oda t\u0113lniec\u012bbas t\u0113lot\u0101jm\u0101kslas senajiem laikiem.<\/p>\n<p style=\"text-align: center;\">Glossy Finish paspilgtina mode\u013ca nokr\u0101sas un pigmentus, atspogu\u013cojot gaismu un pie\u0161\u0137irot elegantu piesk\u0101rienu.<\/p>\n<p style=\"text-align: center;\">Clima Bottle ir atk\u0101rtoti lietojama izol\u0113ta ner\u016bs\u0113jo\u0161\u0101 t\u0113rauda pudele, kas uztur dz\u0113rienus aukstus 24 stundas un karstu 12 stundas.<\/p>\n","protected":false},"featured_media":88123,"template":"","meta":{"_jet_sm_ready_style":"","_jet_sm_style":"","_jet_sm_controls_values":"","_jet_sm_fonts_collection":"","_jet_sm_fonts_links":""},"pwb-brand":[1251],"product_cat":[202,708,238],"product_tag":[],"class_list":{"0":"post-88177","1":"product","2":"type-product","3":"status-publish","4":"has-post-thumbnail","6":"pwb-brand-24bottles-lv","7":"product_cat-24bottles-lv","8":"product_cat-clima","9":"product_cat-zerowaste-lv","11":"first","12":"instock","13":"taxable","14":"shipping-taxable","15":"purchasable","16":"product-type-simple"},"raw_content":{"name":"24Bottles Clima Pudele Riace 500ml","description":"<p style=\"text-align: left;\">Riace Clima pudele ar oksid\u0113to efektu un met\u0101liskajiem elementiem ir \u012bsta oda t\u0113lniec\u012bbas t\u0113lot\u0101jm\u0101kslas senajiem laikiem.<\/p>\r\n<p style=\"text-align: left;\">Glossy Finish paspilgtina mode\u013ca nokr\u0101sas un pigmentus, atspogu\u013cojot gaismu un pie\u0161\u0137irot elegantu piesk\u0101rienu.<\/p>\r\n<p style=\"text-align: left;\">Clima Bottle ir atk\u0101rtoti lietojama izol\u0113ta ner\u016bs\u0113jo\u0161\u0101 t\u0113rauda pudele, kas uztur dz\u0113rienus aukstus 24 stundas un karstu 12 stundas.<\/p>\r\n\r\n<h5 style=\"text-align: left;\">\u012apa\u0161\u012bbas:<\/h5>\r\n<ul style=\"text-align: left;\">\r\n \t<li>Sp\u012bd\u012bga apdare<\/li>\r\n \t<li>18\/8 p\u0101rtikas kvalit\u0101tes ner\u016bs\u0113jo\u0161ais t\u0113rauds<\/li>\r\n \t<li>Uztur \u0161\u0137idrumus karstus l\u012bdz 12 stund\u0101m un aukstus l\u012bdz 24 stund\u0101m<\/li>\r\n \t<li>100% bez BPA, nesatur toks\u012bnus<\/li>\r\n \t<li>Piem\u0113rots sk\u0101biem un g\u0101z\u0113tiem dz\u0113rieniem<\/li>\r\n \t<li>Saglab\u0101 un nepie\u0161\u0137ir arom\u0101tu<\/li>\r\n \t<li>Nesv\u012bsto\u0161s, nekondens\u0113jas<\/li>\r\n \t<li>Ner\u016bs\u0113jo\u0161\u0101 t\u0113rauda v\u0101ks ar herm\u0113tisku silikona bl\u012bv\u0113jumu<\/li>\r\n \t<li>Plats kakli\u0146\u0161 ledus piepild\u012b\u0161anai un \u0113rtai t\u012br\u012b\u0161anai<\/li>\r\n \t<li>Lidostas dro\u0161\u012bbai draudz\u012bga<\/li>\r\n \t<li>Ieteicams mazg\u0101t ar rok\u0101m<\/li>\r\n<\/ul>\r\n<p style=\"text-align: left;\">Tilpums 500 ml \u2013 Diameters \u00f8 7.3 cm \u2013 Kakli\u0146\u0161 \u00f8 3.3 cm \u2013 Augstums 20.5 cm \u2013 Svars 274 g<\/p>","short_description":"<p style=\"text-align: center;\">Riace Clima pudele ar oksid\u0113to efektu un met\u0101liskajiem elementiem ir \u012bsta oda t\u0113lniec\u012bbas t\u0113lot\u0101jm\u0101kslas senajiem laikiem.<\/p>\r\n<p style=\"text-align: center;\">Glossy Finish paspilgtina mode\u013ca nokr\u0101sas un pigmentus, atspogu\u013cojot gaismu un pie\u0161\u0137irot elegantu piesk\u0101rienu.<\/p>\r\n<p style=\"text-align: center;\">Clima Bottle ir atk\u0101rtoti lietojama izol\u0113ta ner\u016bs\u0113jo\u0161\u0101 t\u0113rauda pudele, kas uztur dz\u0113rienus aukstus 24 stundas un karstu 12 stundas.<\/p>","status":"publish","sku":"clima-riace-500","original":88166},"wpml":{"translation_type":1,"has_translations":true,"original":88166,"duplicates":[],"translations":{"lv":88177,"en":88166}},"brands":[{"id":1251,"name":"24Bottles","slug":"24bottles-lv"}],"_links":{"self":[{"href":"https:\/\/m50.lv\/lv\/wp-json\/wp\/v2\/product\/88177","targetHints":{"allow":["GET"]}}],"collection":[{"href":"https:\/\/m50.lv\/lv\/wp-json\/wp\/v2\/product"}],"about":[{"href":"https:\/\/m50.lv\/lv\/wp-json\/wp\/v2\/types\/product"}],"version-history":[{"count":0,"href":"https:\/\/m50.lv\/lv\/wp-json\/wp\/v2\/product\/88177\/revisions"}],"wp:featuredmedia":[{"embeddable":true,"href":"https:\/\/m50.lv\/lv\/wp-json\/wp\/v2\/media\/88123"}],"wp:attachment":[{"href":"https:\/\/m50.lv\/lv\/wp-json\/wp\/v2\/media?parent=88177"}],"wp:term":[{"taxonomy":"pwb-brand","embeddable":true,"href":"https:\/\/m50.lv\/lv\/wp-json\/wp\/v2\/pwb-brand?post=88177"},{"taxonomy":"product_cat","embeddable":true,"href":"https:\/\/m50.lv\/lv\/wp-json\/wp\/v2\/product_cat?post=88177"},{"taxonomy":"product_tag","embeddable":true,"href":"https:\/\/m50.lv\/lv\/wp-json\/wp\/v2\/product_tag?post=88177"}],"curies":[{"name":"wp","href":"https:\/\/api.w.org\/{rel}","templated":true}]}}