{"id":88182,"date":"2020-06-16T11:46:41","date_gmt":"2020-06-16T09:46:41","guid":{"rendered":"https:\/\/m50.lv\/shop\/24bottles-urban-pudele-cloud-blue-500ml\/"},"modified":"2022-05-13T16:09:38","modified_gmt":"2022-05-13T13:09:38","slug":"24bottles-urban-pudele-cloud-blue-500ml","status":"publish","type":"product","link":"https:\/\/m50.lv\/lv\/product\/24bottles-urban-pudele-cloud-blue-500ml\/","title":{"rendered":"24Bottles Urban Pudele Cloud Blue 500ml"},"content":{"rendered":"<p>M\u0101ko\u0146u zilaj\u0101 pils\u0113tas pudel\u0113 atrad\u012bsiet maigas un sap\u0146ainas pavasara dienas saj\u016btas, gais\u012bgu br\u012bvdabas pastaigu dab\u0101 un vilino\u0161u ideju pal\u0113kties prieka p\u0113c.<\/p>\n<p>Sat\u012bna apdare virsmai pie\u0161\u0137ir gludu, z\u012bdainu un maigu piesk\u0101rienu, savuk\u0101rt pusmat\u0113tais p\u0101rkl\u0101jums pastiprina pat\u012bkamo taustes saj\u016btu.<\/p>\n<p>Urban Bottle ir \u012bpa\u0161i viegla ner\u016bs\u0113jo\u0161a t\u0113rauda pudele, kas paredz\u0113ta \u0113rtai malko\u0161anai un atk\u0101rtotai uzpild\u012b\u0161anai, atrodoties ce\u013c\u0101!<\/p>\n<h5>\u012apa\u0161\u012bbas:<\/h5>\n<ul>\n<li>Sat\u012bna apdare<\/li>\n<li>18\/8 p\u0101rtikas kvalit\u0101tes ner\u016bs\u0113jo\u0161ais t\u0113rauds<\/li>\n<li>100% bez BPA, nesatur toks\u012bnus<\/li>\n<li>Saglab\u0101 un nepie\u0161\u0137ir arom\u0101tu<\/li>\n<li>Viens pagrieziens herm\u0113tisk\u0101 v\u0101ka atv\u0113r\u0161anai<\/li>\n<li>Plats kakli\u0146\u0161 ledus piepild\u012b\u0161anai un \u0113rtai t\u012br\u012b\u0161anai<\/li>\n<li>Viena sieni\u0146a<\/li>\n<li>Lidostas dro\u0161\u012bbai draudz\u012bga<\/li>\n<li>Ieteicams mazg\u0101t ar rok\u0101m<\/li>\n<\/ul>\n<p>Tilpums 500 ml \u2013 Diametrs \u00f8 6.5 cm \u2013 Kakli\u0146\u0161 \u00f8 3.3 cm \u2013 Augstums 21 cm \u2013 Svars 117 g<\/p>\n","protected":false},"excerpt":{"rendered":"<p style=\"text-align: center;\">M\u0101ko\u0146u zilaj\u0101 pils\u0113tas pudel\u0113 atrad\u012bsiet maigas un sap\u0146ainas pavasara dienas saj\u016btas, gais\u012bgu br\u012bvdabas pastaigu dab\u0101 un vilino\u0161u ideju pal\u0113kties prieka p\u0113c.<\/p>\n<p style=\"text-align: center;\">Sat\u012bna apdare virsmai pie\u0161\u0137ir gludu, z\u012bdainu un maigu piesk\u0101rienu, savuk\u0101rt pusmat\u0113tais p\u0101rkl\u0101jums pastiprina pat\u012bkamo taustes saj\u016btu.<\/p>\n<p style=\"text-align: center;\">Urban Bottle ir \u012bpa\u0161i viegla ner\u016bs\u0113jo\u0161a t\u0113rauda pudele, kas paredz\u0113ta \u0113rtai malko\u0161anai un atk\u0101rtotai uzpild\u012b\u0161anai, atrodoties ce\u013c\u0101!<\/p>\n","protected":false},"featured_media":88147,"template":"","meta":{"_jet_sm_ready_style":"","_jet_sm_style":"","_jet_sm_controls_values":"","_jet_sm_fonts_collection":"","_jet_sm_fonts_links":""},"pwb-brand":[1251],"product_cat":[202,710],"product_tag":[1396],"class_list":{"0":"post-88182","1":"product","2":"type-product","3":"status-publish","4":"has-post-thumbnail","6":"pwb-brand-24bottles-lv","7":"product_cat-24bottles-lv","8":"product_cat-urban","9":"product_tag-zem20-lv","11":"first","12":"outofstock","13":"taxable","14":"shipping-taxable","15":"purchasable","16":"product-type-simple"},"raw_content":{"name":"24Bottles Urban Pudele Cloud Blue 500ml","description":"M\u0101ko\u0146u zilaj\u0101 pils\u0113tas pudel\u0113 atrad\u012bsiet maigas un sap\u0146ainas pavasara dienas saj\u016btas, gais\u012bgu br\u012bvdabas pastaigu dab\u0101 un vilino\u0161u ideju pal\u0113kties prieka p\u0113c.\r\n\r\nSat\u012bna apdare virsmai pie\u0161\u0137ir gludu, z\u012bdainu un maigu piesk\u0101rienu, savuk\u0101rt pusmat\u0113tais p\u0101rkl\u0101jums pastiprina pat\u012bkamo taustes saj\u016btu.\r\n\r\nUrban Bottle ir \u012bpa\u0161i viegla ner\u016bs\u0113jo\u0161a t\u0113rauda pudele, kas paredz\u0113ta \u0113rtai malko\u0161anai un atk\u0101rtotai uzpild\u012b\u0161anai, atrodoties ce\u013c\u0101!\r\n<h5>\u012apa\u0161\u012bbas:<\/h5>\r\n<ul>\r\n \t<li>Sat\u012bna apdare<\/li>\r\n \t<li>18\/8 p\u0101rtikas kvalit\u0101tes ner\u016bs\u0113jo\u0161ais t\u0113rauds<\/li>\r\n \t<li>100% bez BPA, nesatur toks\u012bnus<\/li>\r\n \t<li>Saglab\u0101 un nepie\u0161\u0137ir arom\u0101tu<\/li>\r\n \t<li>Viens pagrieziens herm\u0113tisk\u0101 v\u0101ka atv\u0113r\u0161anai<\/li>\r\n \t<li>Plats kakli\u0146\u0161 ledus piepild\u012b\u0161anai un \u0113rtai t\u012br\u012b\u0161anai<\/li>\r\n \t<li>Viena sieni\u0146a<\/li>\r\n \t<li>Lidostas dro\u0161\u012bbai draudz\u012bga<\/li>\r\n \t<li>Ieteicams mazg\u0101t ar rok\u0101m<\/li>\r\n<\/ul>\r\nTilpums 500 ml \u2013 Diametrs \u00f8 6.5 cm \u2013 Kakli\u0146\u0161 \u00f8 3.3 cm \u2013 Augstums 21 cm \u2013 Svars 117 g","short_description":"<p style=\"text-align: center;\">M\u0101ko\u0146u zilaj\u0101 pils\u0113tas pudel\u0113 atrad\u012bsiet maigas un sap\u0146ainas pavasara dienas saj\u016btas, gais\u012bgu br\u012bvdabas pastaigu dab\u0101 un vilino\u0161u ideju pal\u0113kties prieka p\u0113c.<\/p>\r\n<p style=\"text-align: center;\">Sat\u012bna apdare virsmai pie\u0161\u0137ir gludu, z\u012bdainu un maigu piesk\u0101rienu, savuk\u0101rt pusmat\u0113tais p\u0101rkl\u0101jums pastiprina pat\u012bkamo taustes saj\u016btu.<\/p>\r\n<p style=\"text-align: center;\">Urban Bottle ir \u012bpa\u0161i viegla ner\u016bs\u0113jo\u0161a t\u0113rauda pudele, kas paredz\u0113ta \u0113rtai malko\u0161anai un atk\u0101rtotai uzpild\u012b\u0161anai, atrodoties ce\u013c\u0101!<\/p>","status":"publish","sku":"urban-cloud-500","original":88160},"wpml":{"translation_type":1,"has_translations":true,"original":88160,"duplicates":[],"translations":{"lv":88182,"en":88160}},"brands":[{"id":1251,"name":"24Bottles","slug":"24bottles-lv"}],"_links":{"self":[{"href":"https:\/\/m50.lv\/lv\/wp-json\/wp\/v2\/product\/88182","targetHints":{"allow":["GET"]}}],"collection":[{"href":"https:\/\/m50.lv\/lv\/wp-json\/wp\/v2\/product"}],"about":[{"href":"https:\/\/m50.lv\/lv\/wp-json\/wp\/v2\/types\/product"}],"version-history":[{"count":0,"href":"https:\/\/m50.lv\/lv\/wp-json\/wp\/v2\/product\/88182\/revisions"}],"wp:featuredmedia":[{"embeddable":true,"href":"https:\/\/m50.lv\/lv\/wp-json\/wp\/v2\/media\/88147"}],"wp:attachment":[{"href":"https:\/\/m50.lv\/lv\/wp-json\/wp\/v2\/media?parent=88182"}],"wp:term":[{"taxonomy":"pwb-brand","embeddable":true,"href":"https:\/\/m50.lv\/lv\/wp-json\/wp\/v2\/pwb-brand?post=88182"},{"taxonomy":"product_cat","embeddable":true,"href":"https:\/\/m50.lv\/lv\/wp-json\/wp\/v2\/product_cat?post=88182"},{"taxonomy":"product_tag","embeddable":true,"href":"https:\/\/m50.lv\/lv\/wp-json\/wp\/v2\/product_tag?post=88182"}],"curies":[{"name":"wp","href":"https:\/\/api.w.org\/{rel}","templated":true}]}}