{"id":89445,"date":"2020-09-14T16:19:15","date_gmt":"2020-09-14T13:19:15","guid":{"rendered":"https:\/\/m50.lv\/shop\/24bottles-clima-pudele-500ml-blocks\/"},"modified":"2022-02-01T00:00:58","modified_gmt":"2022-01-31T21:00:58","slug":"24bottles-clima-pudele-500ml-blocks","status":"publish","type":"product","link":"https:\/\/m50.lv\/lv\/product\/24bottles-clima-pudele-500ml-blocks\/","title":{"rendered":"24Bottles Clima Pudele 500ml Blocks"},"content":{"rendered":"<p>Morning Glory Clima Pudele j\u016bs aizved\u012bs uz sensacion\u0101lu promen\u0101di caur smalki uzzied\u0113ju\u0161\u0101m p\u013cav\u0101m, kur zied\u0113\u0161ana rada dabisku atmosf\u0113ru, un sniedz iesp\u0113ju piev\u0113rsties digit\u0101lajam detoksam, lai atkal savienotos ar dabu.<\/p>\n<p>Sp\u012bd\u012bg\u0101 apdare pastiprina raksta nokr\u0101sas un pigmentus, atspogu\u013cojot gaismu, un pievienojot elegantu piesk\u0101rienu.<\/p>\n<p>Clima Bottle ner\u016bs\u0113jo\u0161\u0101 t\u0113rauda pudele 24 stundas uztur\u0113s tavu dz\u0113rienu aukstu 12 stundas \u2013 karstu.<\/p>\n<h5>\u012apa\u0161\u012bbas:<\/h5>\n<ul>\n<li>Sp\u012bd\u012bga apdare<\/li>\n<li>18\/8 p\u0101rtikas kvalit\u0101tes ner\u016bs\u0113jo\u0161ais t\u0113rauds<\/li>\n<li>Uztur \u0161\u0137idrumus karstus l\u012bdz 12 stund\u0101m un aukstus l\u012bdz 24 stund\u0101m<\/li>\n<li>100% bez BPA, nesatur toks\u012bnus<\/li>\n<li>Piem\u0113rots sk\u0101biem un g\u0101z\u0113tiem dz\u0113rieniem<\/li>\n<li>Saglab\u0101 un nepie\u0161\u0137ir arom\u0101tu<\/li>\n<li>Nesv\u012bsto\u0161s, nekondens\u0113jas<\/li>\n<li>Ner\u016bs\u0113jo\u0161\u0101 t\u0113rauda v\u0101ks ar herm\u0113tisku silikona bl\u012bv\u0113jumu<\/li>\n<li>Plats kakli\u0146\u0161 ledus piepild\u012b\u0161anai un \u0113rtai t\u012br\u012b\u0161anai<\/li>\n<li>Lidostas dro\u0161\u012bbai draudz\u012bga<\/li>\n<li>Ieteicams mazg\u0101t ar rok\u0101m<\/li>\n<\/ul>\n<p>Tilpums 500 ml \u2013 Diameters \u00f8 7.3 cm \u2013 Kakli\u0146\u0161 \u00f8 3.3 cm \u2013 Augstums 20.5 cm \u2013 Svars 274 g<\/p>\n<p>.<\/p>\n","protected":false},"excerpt":{"rendered":"<p>Morning Glory Clima Pudele j\u016bs aizved\u012bs uz sensacion\u0101lu promen\u0101di caur smalki uzzied\u0113ju\u0161\u0101m p\u013cav\u0101m, kur zied\u0113\u0161ana rada dabisku atmosf\u0113ru, un sniedz iesp\u0113ju piev\u0113rsties digit\u0101lajam detoksam, lai atkal savienotos ar dabu.<\/p>\n<p>Sp\u012bd\u012bg\u0101 apdare pastiprina raksta nokr\u0101sas un pigmentus, atspogu\u013cojot gaismu, un pievienojot elegantu piesk\u0101rienu<\/p>\n<p>.<\/p>\n","protected":false},"featured_media":89396,"template":"","meta":{"_jet_sm_ready_style":"","_jet_sm_style":"","_jet_sm_controls_values":"","_jet_sm_fonts_collection":"","_jet_sm_fonts_links":""},"pwb-brand":[1251],"product_cat":[202,708,238],"product_tag":[],"class_list":{"0":"post-89445","1":"product","2":"type-product","3":"status-publish","4":"has-post-thumbnail","6":"pwb-brand-24bottles-lv","7":"product_cat-24bottles-lv","8":"product_cat-clima","9":"product_cat-zerowaste-lv","11":"first","12":"outofstock","13":"taxable","14":"shipping-taxable","15":"purchasable","16":"product-type-simple"},"raw_content":{"name":"24Bottles Clima Pudele 500ml Blocks","description":"Morning Glory Clima Pudele j\u016bs aizved\u012bs uz sensacion\u0101lu promen\u0101di caur smalki uzzied\u0113ju\u0161\u0101m p\u013cav\u0101m, kur zied\u0113\u0161ana rada dabisku atmosf\u0113ru, un sniedz iesp\u0113ju piev\u0113rsties digit\u0101lajam detoksam, lai atkal savienotos ar dabu.\r\n\r\nSp\u012bd\u012bg\u0101 apdare pastiprina raksta nokr\u0101sas un pigmentus, atspogu\u013cojot gaismu, un pievienojot elegantu piesk\u0101rienu.\r\n\r\nClima Bottle ner\u016bs\u0113jo\u0161\u0101 t\u0113rauda pudele 24 stundas uztur\u0113s tavu dz\u0113rienu aukstu 12 stundas \u2013 karstu.\r\n<h5>\u012apa\u0161\u012bbas:<\/h5>\r\n<ul>\r\n \t<li>Sp\u012bd\u012bga apdare<\/li>\r\n \t<li>18\/8 p\u0101rtikas kvalit\u0101tes ner\u016bs\u0113jo\u0161ais t\u0113rauds<\/li>\r\n \t<li>Uztur \u0161\u0137idrumus karstus l\u012bdz 12 stund\u0101m un aukstus l\u012bdz 24 stund\u0101m<\/li>\r\n \t<li>100% bez BPA, nesatur toks\u012bnus<\/li>\r\n \t<li>Piem\u0113rots sk\u0101biem un g\u0101z\u0113tiem dz\u0113rieniem<\/li>\r\n \t<li>Saglab\u0101 un nepie\u0161\u0137ir arom\u0101tu<\/li>\r\n \t<li>Nesv\u012bsto\u0161s, nekondens\u0113jas<\/li>\r\n \t<li>Ner\u016bs\u0113jo\u0161\u0101 t\u0113rauda v\u0101ks ar herm\u0113tisku silikona bl\u012bv\u0113jumu<\/li>\r\n \t<li>Plats kakli\u0146\u0161 ledus piepild\u012b\u0161anai un \u0113rtai t\u012br\u012b\u0161anai<\/li>\r\n \t<li>Lidostas dro\u0161\u012bbai draudz\u012bga<\/li>\r\n \t<li>Ieteicams mazg\u0101t ar rok\u0101m<\/li>\r\n<\/ul>\r\nTilpums 500 ml \u2013 Diameters \u00f8 7.3 cm \u2013 Kakli\u0146\u0161 \u00f8 3.3 cm \u2013 Augstums 20.5 cm \u2013 Svars 274 g\r\n\r\n.","short_description":"Morning Glory Clima Pudele j\u016bs aizved\u012bs uz sensacion\u0101lu promen\u0101di caur smalki uzzied\u0113ju\u0161\u0101m p\u013cav\u0101m, kur zied\u0113\u0161ana rada dabisku atmosf\u0113ru, un sniedz iesp\u0113ju piev\u0113rsties digit\u0101lajam detoksam, lai atkal savienotos ar dabu.\r\n\r\nSp\u012bd\u012bg\u0101 apdare pastiprina raksta nokr\u0101sas un pigmentus, atspogu\u013cojot gaismu, un pievienojot elegantu piesk\u0101rienu\r\n\r\n.","status":"publish","sku":"clima-block-500","original":89394},"wpml":{"translation_type":1,"has_translations":true,"original":89394,"duplicates":[],"translations":{"lv":89445,"en":89394}},"brands":[{"id":1251,"name":"24Bottles","slug":"24bottles-lv"}],"_links":{"self":[{"href":"https:\/\/m50.lv\/lv\/wp-json\/wp\/v2\/product\/89445","targetHints":{"allow":["GET"]}}],"collection":[{"href":"https:\/\/m50.lv\/lv\/wp-json\/wp\/v2\/product"}],"about":[{"href":"https:\/\/m50.lv\/lv\/wp-json\/wp\/v2\/types\/product"}],"version-history":[{"count":0,"href":"https:\/\/m50.lv\/lv\/wp-json\/wp\/v2\/product\/89445\/revisions"}],"wp:featuredmedia":[{"embeddable":true,"href":"https:\/\/m50.lv\/lv\/wp-json\/wp\/v2\/media\/89396"}],"wp:attachment":[{"href":"https:\/\/m50.lv\/lv\/wp-json\/wp\/v2\/media?parent=89445"}],"wp:term":[{"taxonomy":"pwb-brand","embeddable":true,"href":"https:\/\/m50.lv\/lv\/wp-json\/wp\/v2\/pwb-brand?post=89445"},{"taxonomy":"product_cat","embeddable":true,"href":"https:\/\/m50.lv\/lv\/wp-json\/wp\/v2\/product_cat?post=89445"},{"taxonomy":"product_tag","embeddable":true,"href":"https:\/\/m50.lv\/lv\/wp-json\/wp\/v2\/product_tag?post=89445"}],"curies":[{"name":"wp","href":"https:\/\/api.w.org\/{rel}","templated":true}]}}