{"id":89447,"date":"2020-09-14T16:59:02","date_gmt":"2020-09-14T14:59:02","guid":{"rendered":"https:\/\/m50.lv\/shop\/24bottles-pudeles-rokturis-oranzs\/"},"modified":"2021-12-11T18:12:54","modified_gmt":"2021-12-11T15:12:54","slug":"24bottles-pudeles-rokturis-oranzs","status":"publish","type":"product","link":"https:\/\/m50.lv\/lv\/product\/24bottles-pudeles-rokturis-oranzs\/","title":{"rendered":"24Bottles Pudeles Rokturis Oran\u017es"},"content":{"rendered":"<p>Pude\u013cu rokturis ir 24Bottles noder\u012bg\u0101kais aksesu\u0101rs \u2013 \u0113rt\u0101kais un stil\u012bg\u0101kais risin\u0101jums pude\u013cu p\u0101rvieto\u0161anai ikdien\u0101.<\/p>\n<p>Pateicoties \u0101rk\u0101rt\u012bgai elast\u012bbai, pude\u013cu stiprin\u0101jums nekad nedeform\u0113jas un neplais\u0101 neatkar\u012bgi no loc\u012b\u0161anas veida. Aplieciet to ap 24Bottles kaklu, lai to stingri tur\u0113tu un n\u0113s\u0101tu \u016bdens pudeli stil\u012bgi \u2013 piestiprin\u0101tu pie somas vai bik\u0161u cilpas.<\/p>\n<ul>\n<li>100% silikons<\/li>\n<li>Nedeform\u0113j\u0101s<\/li>\n<li>Dro\u0161s un iztur\u012bgs<\/li>\n<li>Paredz\u0113ts 24Bottles Clima un Urban pudel\u0113m<\/li>\n<\/ul>\n","protected":false},"excerpt":{"rendered":"<p>Pude\u013cu rokturis ir 24Bottles noder\u012bg\u0101kais aksesu\u0101rs \u2013 \u0113rt\u0101kais un stil\u012bg\u0101kais risin\u0101jums pude\u013cu p\u0101rvieto\u0161anai ikdien\u0101.<\/p>\n<p>Pateicoties \u0101rk\u0101rt\u012bgai elast\u012bbai, pude\u013cu stiprin\u0101jums nekad nedeform\u0113jas un neplais\u0101 neatkar\u012bgi no loc\u012b\u0161anas veida. Aplieciet to ap 24Bottles kaklu, lai to stingri tur\u0113tu un n\u0113s\u0101tu \u016bdens pudeli stil\u012bgi \u2013 piestiprin\u0101tu pie somas vai bik\u0161u cilpas.<\/p>\n","protected":false},"featured_media":89425,"template":"","meta":{"_jet_sm_ready_style":"","_jet_sm_style":"","_jet_sm_controls_values":"","_jet_sm_fonts_collection":"","_jet_sm_fonts_links":""},"pwb-brand":[1251],"product_cat":[202,707,238],"product_tag":[1474],"class_list":{"0":"post-89447","1":"product","2":"type-product","3":"status-publish","4":"has-post-thumbnail","6":"pwb-brand-24bottles-lv","7":"product_cat-24bottles-lv","8":"product_cat-aksesuari-lv","9":"product_cat-zerowaste-lv","10":"product_tag-gifts-under-20e","12":"first","13":"instock","14":"taxable","15":"shipping-taxable","16":"purchasable","17":"product-type-simple"},"raw_content":{"name":"24Bottles Pudeles Rokturis Oran\u017es","description":"Pude\u013cu rokturis ir 24Bottles noder\u012bg\u0101kais aksesu\u0101rs \u2013 \u0113rt\u0101kais un stil\u012bg\u0101kais risin\u0101jums pude\u013cu p\u0101rvieto\u0161anai ikdien\u0101.\r\n\r\nPateicoties \u0101rk\u0101rt\u012bgai elast\u012bbai, pude\u013cu stiprin\u0101jums nekad nedeform\u0113jas un neplais\u0101 neatkar\u012bgi no loc\u012b\u0161anas veida. Aplieciet to ap 24Bottles kaklu, lai to stingri tur\u0113tu un n\u0113s\u0101tu \u016bdens pudeli stil\u012bgi \u2013 piestiprin\u0101tu pie somas vai bik\u0161u cilpas.\r\n<ul>\r\n \t<li>100% silikons<\/li>\r\n \t<li>Nedeform\u0113j\u0101s<\/li>\r\n \t<li>Dro\u0161s un iztur\u012bgs<\/li>\r\n \t<li>Paredz\u0113ts 24Bottles Clima un Urban pudel\u0113m<\/li>\r\n<\/ul>","short_description":"Pude\u013cu rokturis ir 24Bottles noder\u012bg\u0101kais aksesu\u0101rs \u2013 \u0113rt\u0101kais un stil\u012bg\u0101kais risin\u0101jums pude\u013cu p\u0101rvieto\u0161anai ikdien\u0101.\r\n\r\nPateicoties \u0101rk\u0101rt\u012bgai elast\u012bbai, pude\u013cu stiprin\u0101jums nekad nedeform\u0113jas un neplais\u0101 neatkar\u012bgi no loc\u012b\u0161anas veida. Aplieciet to ap 24Bottles kaklu, lai to stingri tur\u0113tu un n\u0113s\u0101tu \u016bdens pudeli stil\u012bgi \u2013 piestiprin\u0101tu pie somas vai bik\u0161u cilpas.","status":"publish","sku":"bottle-tie-orange","original":89423},"wpml":{"translation_type":1,"has_translations":true,"original":89423,"duplicates":[],"translations":{"lv":89447,"en":89423}},"brands":[{"id":1251,"name":"24Bottles","slug":"24bottles-lv"}],"_links":{"self":[{"href":"https:\/\/m50.lv\/lv\/wp-json\/wp\/v2\/product\/89447","targetHints":{"allow":["GET"]}}],"collection":[{"href":"https:\/\/m50.lv\/lv\/wp-json\/wp\/v2\/product"}],"about":[{"href":"https:\/\/m50.lv\/lv\/wp-json\/wp\/v2\/types\/product"}],"version-history":[{"count":0,"href":"https:\/\/m50.lv\/lv\/wp-json\/wp\/v2\/product\/89447\/revisions"}],"wp:featuredmedia":[{"embeddable":true,"href":"https:\/\/m50.lv\/lv\/wp-json\/wp\/v2\/media\/89425"}],"wp:attachment":[{"href":"https:\/\/m50.lv\/lv\/wp-json\/wp\/v2\/media?parent=89447"}],"wp:term":[{"taxonomy":"pwb-brand","embeddable":true,"href":"https:\/\/m50.lv\/lv\/wp-json\/wp\/v2\/pwb-brand?post=89447"},{"taxonomy":"product_cat","embeddable":true,"href":"https:\/\/m50.lv\/lv\/wp-json\/wp\/v2\/product_cat?post=89447"},{"taxonomy":"product_tag","embeddable":true,"href":"https:\/\/m50.lv\/lv\/wp-json\/wp\/v2\/product_tag?post=89447"}],"curies":[{"name":"wp","href":"https:\/\/api.w.org\/{rel}","templated":true}]}}