{"id":89450,"date":"2020-09-14T17:09:32","date_gmt":"2020-09-14T15:09:32","guid":{"rendered":"https:\/\/m50.lv\/shop\/24bottles-clima-koka-korkis\/"},"modified":"2021-11-01T15:55:10","modified_gmt":"2021-11-01T12:55:10","slug":"24bottles-clima-koka-korkis","status":"publish","type":"product","link":"https:\/\/m50.lv\/lv\/product\/24bottles-clima-koka-korkis\/","title":{"rendered":"24Bottles Clima Koka Kor\u0137is"},"content":{"rendered":"<p>Personaliz\u0113jiet savu Clima pudeli ar m\u016bsu Clima V\u0101ci\u0146u izv\u0113li. Apvienojiet un saska\u0146ojiet to ar da\u017e\u0101diem stiliem, lai izveidotu savu \u012bpa\u0161o 24Bottles.<\/p>\n<p>Diametrs: \u00d8 4,7 cm Kakli\u0146\u0161: \u00d8 3,2 cm Augstums: 3,5 cm Svars: 28 g<\/p>\n","protected":false},"excerpt":{"rendered":"<p>Personaliz\u0113jiet savu Clima pudeli ar m\u016bsu Clima V\u0101ci\u0146u izv\u0113li. Apvienojiet un saska\u0146ojiet to ar da\u017e\u0101diem stiliem, lai izveidotu savu \u012bpa\u0161o 24Bottles.<\/p>\n","protected":false},"featured_media":89440,"template":"","meta":{"_jet_sm_ready_style":"","_jet_sm_style":"","_jet_sm_controls_values":"","_jet_sm_fonts_collection":"","_jet_sm_fonts_links":""},"pwb-brand":[1251],"product_cat":[202,707,238],"product_tag":[1396],"class_list":{"0":"post-89450","1":"product","2":"type-product","3":"status-publish","4":"has-post-thumbnail","6":"pwb-brand-24bottles-lv","7":"product_cat-24bottles-lv","8":"product_cat-aksesuari-lv","9":"product_cat-zerowaste-lv","10":"product_tag-zem20-lv","12":"first","13":"outofstock","14":"taxable","15":"shipping-taxable","16":"purchasable","17":"product-type-simple"},"raw_content":{"name":"24Bottles Clima Koka Kor\u0137is","description":"Personaliz\u0113jiet savu Clima pudeli ar m\u016bsu Clima V\u0101ci\u0146u izv\u0113li. Apvienojiet un saska\u0146ojiet to ar da\u017e\u0101diem stiliem, lai izveidotu savu \u012bpa\u0161o 24Bottles.\r\n\r\nDiametrs: \u00d8 4,7 cm Kakli\u0146\u0161: \u00d8 3,2 cm Augstums: 3,5 cm Svars: 28 g","short_description":"Personaliz\u0113jiet savu Clima pudeli ar m\u016bsu Clima V\u0101ci\u0146u izv\u0113li. Apvienojiet un saska\u0146ojiet to ar da\u017e\u0101diem stiliem, lai izveidotu savu \u012bpa\u0161o 24Bottles.","status":"publish","sku":"bottles-lid-wooden","original":89438},"wpml":{"translation_type":1,"has_translations":true,"original":89438,"duplicates":[],"translations":{"lv":89450,"en":89438}},"brands":[{"id":1251,"name":"24Bottles","slug":"24bottles-lv"}],"_links":{"self":[{"href":"https:\/\/m50.lv\/lv\/wp-json\/wp\/v2\/product\/89450","targetHints":{"allow":["GET"]}}],"collection":[{"href":"https:\/\/m50.lv\/lv\/wp-json\/wp\/v2\/product"}],"about":[{"href":"https:\/\/m50.lv\/lv\/wp-json\/wp\/v2\/types\/product"}],"version-history":[{"count":0,"href":"https:\/\/m50.lv\/lv\/wp-json\/wp\/v2\/product\/89450\/revisions"}],"wp:featuredmedia":[{"embeddable":true,"href":"https:\/\/m50.lv\/lv\/wp-json\/wp\/v2\/media\/89440"}],"wp:attachment":[{"href":"https:\/\/m50.lv\/lv\/wp-json\/wp\/v2\/media?parent=89450"}],"wp:term":[{"taxonomy":"pwb-brand","embeddable":true,"href":"https:\/\/m50.lv\/lv\/wp-json\/wp\/v2\/pwb-brand?post=89450"},{"taxonomy":"product_cat","embeddable":true,"href":"https:\/\/m50.lv\/lv\/wp-json\/wp\/v2\/product_cat?post=89450"},{"taxonomy":"product_tag","embeddable":true,"href":"https:\/\/m50.lv\/lv\/wp-json\/wp\/v2\/product_tag?post=89450"}],"curies":[{"name":"wp","href":"https:\/\/api.w.org\/{rel}","templated":true}]}}