{"id":89451,"date":"2020-09-14T17:14:04","date_gmt":"2020-09-14T15:14:04","guid":{"rendered":"https:\/\/m50.lv\/shop\/24bottles-clima-infuser-tejas-korkis\/"},"modified":"2026-04-15T13:42:43","modified_gmt":"2026-04-15T11:42:43","slug":"24bottles-clima-infuser-tejas-korkis","status":"publish","type":"product","link":"https:\/\/m50.lv\/lv\/product\/24bottles-clima-infuser-tejas-korkis\/","title":{"rendered":"24Bottles Clima Infuser T\u0113jas Kor\u0137is"},"content":{"rendered":"<p>Skaisti izstr\u0101d\u0101ts aksesu\u0101rs Clima pudelei, kas \u013cauj pagatavot gar\u0161\u012bgus, arom\u0101tiskus uzl\u0113jumus.<\/p>\n<p>Infuser Lid ir lieliski piem\u0113rots j\u016bsu t\u0113jai, br\u016bv\u0113jumiem, z\u0101\u013cu un ziedu t\u0113j\u0101m. Herm\u0113tisks un dro\u0161s ar karstumiztur\u012bgu sa\u0137eri.<\/p>\n<p>Diametrs: \u00d8 4,6 cm &#8211; Kakli\u0146\u0161: \u00d8 3,2 cm &#8211; Augstums: 6,0 cm &#8211; Svars: 46 g<\/p>\n","protected":false},"excerpt":{"rendered":"<p>Skaisti izstr\u0101d\u0101ts aksesu\u0101rs Clima pudelei, kas \u013cauj pagatavot gar\u0161\u012bgus, arom\u0101tiskus uzl\u0113jumus.<\/p>\n<p>Infuser Lid ir lieliski piem\u0113rots j\u016bsu t\u0113jai, br\u016bv\u0113jumiem, z\u0101\u013cu un ziedu t\u0113j\u0101m. Herm\u0113tisks un dro\u0161s ar karstumiztur\u012bgu sa\u0137eri.<\/p>\n","protected":false},"featured_media":89443,"template":"","meta":{"_jet_sm_ready_style":"","_jet_sm_style":"","_jet_sm_controls_values":"","_jet_sm_fonts_collection":"","_jet_sm_fonts_links":""},"pwb-brand":[1251],"product_cat":[202,707,238],"product_tag":[1474],"class_list":{"0":"post-89451","1":"product","2":"type-product","3":"status-publish","4":"has-post-thumbnail","6":"pwb-brand-24bottles-lv","7":"product_cat-24bottles-lv","8":"product_cat-aksesuari-lv","9":"product_cat-zerowaste-lv","10":"product_tag-gifts-under-20e","12":"first","13":"instock","14":"taxable","15":"shipping-taxable","16":"purchasable","17":"product-type-simple"},"raw_content":{"name":"24Bottles Clima Infuser T\u0113jas Kor\u0137is","description":"Skaisti izstr\u0101d\u0101ts aksesu\u0101rs Clima pudelei, kas \u013cauj pagatavot gar\u0161\u012bgus, arom\u0101tiskus uzl\u0113jumus.\r\n\r\nInfuser Lid ir lieliski piem\u0113rots j\u016bsu t\u0113jai, br\u016bv\u0113jumiem, z\u0101\u013cu un ziedu t\u0113j\u0101m. Herm\u0113tisks un dro\u0161s ar karstumiztur\u012bgu sa\u0137eri.\r\n\r\nDiametrs: \u00d8 4,6 cm - Kakli\u0146\u0161: \u00d8 3,2 cm - Augstums: 6,0 cm - Svars: 46 g","short_description":"Skaisti izstr\u0101d\u0101ts aksesu\u0101rs Clima pudelei, kas \u013cauj pagatavot gar\u0161\u012bgus, arom\u0101tiskus uzl\u0113jumus.\r\n\r\nInfuser Lid ir lieliski piem\u0113rots j\u016bsu t\u0113jai, br\u016bv\u0113jumiem, z\u0101\u013cu un ziedu t\u0113j\u0101m. Herm\u0113tisks un dro\u0161s ar karstumiztur\u012bgu sa\u0137eri.","status":"publish","sku":"bottles-lid-infuser","original":89441},"wpml":{"translation_type":1,"has_translations":true,"original":89441,"duplicates":[],"translations":{"lv":89451,"en":89441}},"brands":[{"id":1251,"name":"24Bottles","slug":"24bottles-lv"}],"_links":{"self":[{"href":"https:\/\/m50.lv\/lv\/wp-json\/wp\/v2\/product\/89451","targetHints":{"allow":["GET"]}}],"collection":[{"href":"https:\/\/m50.lv\/lv\/wp-json\/wp\/v2\/product"}],"about":[{"href":"https:\/\/m50.lv\/lv\/wp-json\/wp\/v2\/types\/product"}],"version-history":[{"count":0,"href":"https:\/\/m50.lv\/lv\/wp-json\/wp\/v2\/product\/89451\/revisions"}],"wp:featuredmedia":[{"embeddable":true,"href":"https:\/\/m50.lv\/lv\/wp-json\/wp\/v2\/media\/89443"}],"wp:attachment":[{"href":"https:\/\/m50.lv\/lv\/wp-json\/wp\/v2\/media?parent=89451"}],"wp:term":[{"taxonomy":"pwb-brand","embeddable":true,"href":"https:\/\/m50.lv\/lv\/wp-json\/wp\/v2\/pwb-brand?post=89451"},{"taxonomy":"product_cat","embeddable":true,"href":"https:\/\/m50.lv\/lv\/wp-json\/wp\/v2\/product_cat?post=89451"},{"taxonomy":"product_tag","embeddable":true,"href":"https:\/\/m50.lv\/lv\/wp-json\/wp\/v2\/product_tag?post=89451"}],"curies":[{"name":"wp","href":"https:\/\/api.w.org\/{rel}","templated":true}]}}