{"id":89814,"date":"2020-10-02T17:04:36","date_gmt":"2020-10-02T14:04:36","guid":{"rendered":"https:\/\/m50.lv\/shop\/24bottles-clima-pudele-camo-zone-500ml\/"},"modified":"2021-02-18T21:55:30","modified_gmt":"2021-02-18T18:55:30","slug":"24bottles-clima-pudele-camo-zone-500ml","status":"publish","type":"product","link":"https:\/\/m50.lv\/lv\/product\/24bottles-clima-pudele-camo-zone-500ml\/","title":{"rendered":"24Bottles Clima pudele Camo Zone 500ml"},"content":{"rendered":"<p style=\"text-align: left;\">Maigais un viegli digit\u0101lais Camo Zone raksta \u0113nojums veido kombin\u0101ciju ar p\u0101rsteidzo\u0161\u0101m tekst\u016br\u0101m, mudinot uz atkl\u0101jumiem un pat\u012bkami aicinot doties ce\u013cojumos.<\/p>\n<p style=\"text-align: left;\">Sat\u012bna apdare virsmai pie\u0161\u0137ir gludu, z\u012bdainu un smalku noska\u0146u, savuk\u0101rt da\u013c\u0113jais mat\u0113jums pastiprina pat\u012bkamo pieskar\u0161an\u0101s saj\u016btu.<\/p>\n<p style=\"text-align: left;\">Clima pudele uztur\u0113s j\u016bsu dz\u0113rienus aukstus 24 stundas, bet karstus \u2013 12 stundas. Nesv\u012bsto\u0161\u0101s pudeles teicamais izm\u0113rs nodro\u0161in\u0101s to, ka padzeraties ik dienas.<\/p>\n<ul>\n<li style=\"text-align: left;\">Sat\u012bna apdare<\/li>\n<li style=\"text-align: left;\">18\/8 p\u0101rtikai piem\u0113rots ner\u016bs\u0113jo\u0161ais t\u0113rauds<\/li>\n<li style=\"text-align: left;\">Saglab\u0101 dz\u0113rienus karstus l\u012bdz 12 stund\u0101m, bet aukstus \u2013 l\u012bdz 24 stund\u0101m<\/li>\n<li style=\"text-align: left;\">Nesatur BPA, ftal\u0101tus, toks\u012bnus<\/li>\n<li style=\"text-align: left;\">Piem\u0113rota sk\u0101biem un g\u0101z\u0113tiem dz\u0113rieniem<\/li>\n<li style=\"text-align: left;\">Nesaglab\u0101 un neizdala nek\u0101du arom\u0101tu<\/li>\n<li style=\"text-align: left;\">Neaizsv\u012bst, neizdala kondens\u0101tu<\/li>\n<li style=\"text-align: left;\">Ner\u016bs\u0113jo\u0161\u0101 t\u0113rauda v\u0101ci\u0146\u0161 ar necaurlaid\u012bgu silikona aizdari<\/li>\n<li style=\"text-align: left;\">Pla\u0161s kakli\u0146\u0161 ledus iepild\u012b\u0161anai un vieglai t\u012br\u012b\u0161anai<\/li>\n<li style=\"text-align: left;\">Atbilsto\u0161a lidostu dro\u0161\u012bbas noteikumiem<\/li>\n<li style=\"text-align: left;\">Ieteicams mazg\u0101t ar rok\u0101m<\/li>\n<li style=\"text-align: left;\">Clima pudele 500 ml: Tilpums 500 ml \u2013 Diametrs \u00f8 7.3 cm &#8211; Atvere \u00f8 3.3 cm &#8211; Augstums 20.5 cm &#8211; Svars 274 g<\/li>\n<\/ul>\n","protected":false},"excerpt":{"rendered":"<p style=\"text-align: center;\">Maigais un viegli digit\u0101lais Camo Zone raksta \u0113nojums veido kombin\u0101ciju ar p\u0101rsteidzo\u0161\u0101m tekst\u016br\u0101m, mudinot uz atkl\u0101jumiem un pat\u012bkami aicinot doties ce\u013cojumos.<\/p>\n","protected":false},"featured_media":89808,"template":"","meta":{"_jet_sm_ready_style":"","_jet_sm_style":"","_jet_sm_controls_values":"","_jet_sm_fonts_collection":"","_jet_sm_fonts_links":""},"pwb-brand":[1251],"product_cat":[202,708,238],"product_tag":[],"class_list":{"0":"post-89814","1":"product","2":"type-product","3":"status-publish","4":"has-post-thumbnail","6":"pwb-brand-24bottles-lv","7":"product_cat-24bottles-lv","8":"product_cat-clima","9":"product_cat-zerowaste-lv","11":"first","12":"outofstock","13":"taxable","14":"shipping-taxable","15":"purchasable","16":"product-type-simple"},"raw_content":{"name":"24Bottles Clima pudele Camo Zone 500ml","description":"<p style=\"text-align: left;\">Maigais un viegli digit\u0101lais Camo Zone raksta \u0113nojums veido kombin\u0101ciju ar p\u0101rsteidzo\u0161\u0101m tekst\u016br\u0101m, mudinot uz atkl\u0101jumiem un pat\u012bkami aicinot doties ce\u013cojumos.<\/p>\r\n<p style=\"text-align: left;\">Sat\u012bna apdare virsmai pie\u0161\u0137ir gludu, z\u012bdainu un smalku noska\u0146u, savuk\u0101rt da\u013c\u0113jais mat\u0113jums pastiprina pat\u012bkamo pieskar\u0161an\u0101s saj\u016btu.<\/p>\r\n<p style=\"text-align: left;\">Clima pudele uztur\u0113s j\u016bsu dz\u0113rienus aukstus 24 stundas, bet karstus \u2013 12 stundas. Nesv\u012bsto\u0161\u0101s pudeles teicamais izm\u0113rs nodro\u0161in\u0101s to, ka padzeraties ik dienas.<\/p>\r\n\r\n<ul>\r\n \t<li style=\"text-align: left;\">Sat\u012bna apdare<\/li>\r\n \t<li style=\"text-align: left;\">18\/8 p\u0101rtikai piem\u0113rots ner\u016bs\u0113jo\u0161ais t\u0113rauds<\/li>\r\n \t<li style=\"text-align: left;\">Saglab\u0101 dz\u0113rienus karstus l\u012bdz 12 stund\u0101m, bet aukstus \u2013 l\u012bdz 24 stund\u0101m<\/li>\r\n \t<li style=\"text-align: left;\">Nesatur BPA, ftal\u0101tus, toks\u012bnus<\/li>\r\n \t<li style=\"text-align: left;\">Piem\u0113rota sk\u0101biem un g\u0101z\u0113tiem dz\u0113rieniem<\/li>\r\n \t<li style=\"text-align: left;\">Nesaglab\u0101 un neizdala nek\u0101du arom\u0101tu<\/li>\r\n \t<li style=\"text-align: left;\">Neaizsv\u012bst, neizdala kondens\u0101tu<\/li>\r\n \t<li style=\"text-align: left;\">Ner\u016bs\u0113jo\u0161\u0101 t\u0113rauda v\u0101ci\u0146\u0161 ar necaurlaid\u012bgu silikona aizdari<\/li>\r\n \t<li style=\"text-align: left;\">Pla\u0161s kakli\u0146\u0161 ledus iepild\u012b\u0161anai un vieglai t\u012br\u012b\u0161anai<\/li>\r\n \t<li style=\"text-align: left;\">Atbilsto\u0161a lidostu dro\u0161\u012bbas noteikumiem<\/li>\r\n \t<li style=\"text-align: left;\">Ieteicams mazg\u0101t ar rok\u0101m<\/li>\r\n \t<li style=\"text-align: left;\">Clima pudele 500 ml: Tilpums 500 ml \u2013 Diametrs \u00f8 7.3 cm - Atvere \u00f8 3.3 cm - Augstums 20.5 cm - Svars 274 g<\/li>\r\n<\/ul>","short_description":"<p style=\"text-align: center;\">Maigais un viegli digit\u0101lais Camo Zone raksta \u0113nojums veido kombin\u0101ciju ar p\u0101rsteidzo\u0161\u0101m tekst\u016br\u0101m, mudinot uz atkl\u0101jumiem un pat\u012bkami aicinot doties ce\u013cojumos.<\/p>","status":"publish","sku":"clima-camo-500","original":89806},"wpml":{"translation_type":1,"has_translations":true,"original":89806,"duplicates":[],"translations":{"lv":89814,"en":89806}},"brands":[{"id":1251,"name":"24Bottles","slug":"24bottles-lv"}],"_links":{"self":[{"href":"https:\/\/m50.lv\/lv\/wp-json\/wp\/v2\/product\/89814","targetHints":{"allow":["GET"]}}],"collection":[{"href":"https:\/\/m50.lv\/lv\/wp-json\/wp\/v2\/product"}],"about":[{"href":"https:\/\/m50.lv\/lv\/wp-json\/wp\/v2\/types\/product"}],"version-history":[{"count":0,"href":"https:\/\/m50.lv\/lv\/wp-json\/wp\/v2\/product\/89814\/revisions"}],"wp:featuredmedia":[{"embeddable":true,"href":"https:\/\/m50.lv\/lv\/wp-json\/wp\/v2\/media\/89808"}],"wp:attachment":[{"href":"https:\/\/m50.lv\/lv\/wp-json\/wp\/v2\/media?parent=89814"}],"wp:term":[{"taxonomy":"pwb-brand","embeddable":true,"href":"https:\/\/m50.lv\/lv\/wp-json\/wp\/v2\/pwb-brand?post=89814"},{"taxonomy":"product_cat","embeddable":true,"href":"https:\/\/m50.lv\/lv\/wp-json\/wp\/v2\/product_cat?post=89814"},{"taxonomy":"product_tag","embeddable":true,"href":"https:\/\/m50.lv\/lv\/wp-json\/wp\/v2\/product_tag?post=89814"}],"curies":[{"name":"wp","href":"https:\/\/api.w.org\/{rel}","templated":true}]}}