{"id":89864,"date":"2020-10-02T16:49:38","date_gmt":"2020-10-02T14:49:38","guid":{"rendered":"https:\/\/m50.lv\/shop\/24bottles-urban-pudele-formal-grey-500ml\/"},"modified":"2021-04-27T16:56:33","modified_gmt":"2021-04-27T13:56:33","slug":"24bottles-urban-pudele-formal-grey-500ml","status":"publish","type":"product","link":"https:\/\/m50.lv\/lv\/product\/24bottles-urban-pudele-formal-grey-500ml\/","title":{"rendered":"24Bottles Urban Pudele Formal Grey 500ml"},"content":{"rendered":"<p style=\"text-align: left;\">Izsmalcin\u0101tajai, vienlaikus m\u016bsdien\u012bgajai Formal Grey pudelei piem\u012bt nenovecojo\u0161a elegance, to padarot par oblig\u0101tu aksesu\u0101ru, kas teicami iek\u013causies jebkur\u0101 vid\u0113.<\/p>\n<p style=\"text-align: left;\">\u012apa\u0161i nel\u012bdzen\u0101, necaurredzam\u0101 akmens apdare ir \u0101rk\u0101rt\u012bgi notur\u012bga un viegli satverama, t\u0101d\u0113j\u0101di pie\u0161\u0137irot konsistenci un \u013coti prec\u012bzu, akmenim l\u012bdz\u012bgu tekst\u016bru.<\/p>\n<p style=\"text-align: left;\">Urban pudele ir viegl\u0101k\u0101 ner\u016bs\u0113jo\u0161\u0101 t\u0113rauda pudele, kuru jebkad tur\u0113sit rok\u0101s, t\u0101 ir teicami paredz\u0113ta p\u0113d\u0113jiem malkiem un atk\u0101rtotai uzpildei, lai dotos ce\u013c\u0101!<\/p>\n<ul>\n<li style=\"text-align: left;\">Akmens apdare<\/li>\n<li style=\"text-align: left;\">18\/8 p\u0101rtikai piem\u0113rots ner\u016bs\u0113jo\u0161ais t\u0113rauds<\/li>\n<li style=\"text-align: left;\">Nesatur BPA, ftal\u0101tus, toks\u012bnus<\/li>\n<li style=\"text-align: left;\">Nesaglab\u0101 un neizdala nek\u0101du arom\u0101tu<\/li>\n<li style=\"text-align: left;\">Atverama ar vienu griezienu, necaurlaid\u012bgs v\u0101ci\u0146\u0161<\/li>\n<li style=\"text-align: left;\">Plata atvere ledus iepild\u012b\u0161anai un vienk\u0101r\u0161ai t\u012br\u012b\u0161anai<\/li>\n<li style=\"text-align: left;\">Viena sieni\u0146a<\/li>\n<li style=\"text-align: left;\">Atbilst lidostu dro\u0161\u012bbas noteikumiem<\/li>\n<li style=\"text-align: left;\">Ieteicams mazg\u0101t ar rok\u0101m<\/li>\n<\/ul>\n","protected":false},"excerpt":{"rendered":"<p style=\"text-align: center;\">Izsmalcin\u0101tajai, vienlaikus m\u016bsdien\u012bgajai Formal Grey pudelei piem\u012bt nenovecojo\u0161a elegance, to padarot par oblig\u0101tu aksesu\u0101ru, kas teicami iek\u013causies jebkur\u0101 vid\u0113.<\/p>\n","protected":false},"featured_media":89846,"template":"","meta":{"_jet_sm_ready_style":"","_jet_sm_style":"","_jet_sm_controls_values":"","_jet_sm_fonts_collection":"","_jet_sm_fonts_links":""},"pwb-brand":[1251],"product_cat":[202,710,238],"product_tag":[1396],"class_list":{"0":"post-89864","1":"product","2":"type-product","3":"status-publish","4":"has-post-thumbnail","6":"pwb-brand-24bottles-lv","7":"product_cat-24bottles-lv","8":"product_cat-urban","9":"product_cat-zerowaste-lv","10":"product_tag-zem20-lv","12":"first","13":"outofstock","14":"taxable","15":"shipping-taxable","16":"purchasable","17":"product-type-simple"},"raw_content":{"name":"24Bottles Urban Pudele Formal Grey 500ml","description":"<p style=\"text-align: left;\">Izsmalcin\u0101tajai, vienlaikus m\u016bsdien\u012bgajai Formal Grey pudelei piem\u012bt nenovecojo\u0161a elegance, to padarot par oblig\u0101tu aksesu\u0101ru, kas teicami iek\u013causies jebkur\u0101 vid\u0113.<\/p>\r\n<p style=\"text-align: left;\">\u012apa\u0161i nel\u012bdzen\u0101, necaurredzam\u0101 akmens apdare ir \u0101rk\u0101rt\u012bgi notur\u012bga un viegli satverama, t\u0101d\u0113j\u0101di pie\u0161\u0137irot konsistenci un \u013coti prec\u012bzu, akmenim l\u012bdz\u012bgu tekst\u016bru.<\/p>\r\n<p style=\"text-align: left;\">Urban pudele ir viegl\u0101k\u0101 ner\u016bs\u0113jo\u0161\u0101 t\u0113rauda pudele, kuru jebkad tur\u0113sit rok\u0101s, t\u0101 ir teicami paredz\u0113ta p\u0113d\u0113jiem malkiem un atk\u0101rtotai uzpildei, lai dotos ce\u013c\u0101!<\/p>\r\n\r\n<ul>\r\n \t<li style=\"text-align: left;\">Akmens apdare<\/li>\r\n \t<li style=\"text-align: left;\">18\/8 p\u0101rtikai piem\u0113rots ner\u016bs\u0113jo\u0161ais t\u0113rauds<\/li>\r\n \t<li style=\"text-align: left;\">Nesatur BPA, ftal\u0101tus, toks\u012bnus<\/li>\r\n \t<li style=\"text-align: left;\">Nesaglab\u0101 un neizdala nek\u0101du arom\u0101tu<\/li>\r\n \t<li style=\"text-align: left;\">Atverama ar vienu griezienu, necaurlaid\u012bgs v\u0101ci\u0146\u0161<\/li>\r\n \t<li style=\"text-align: left;\">Plata atvere ledus iepild\u012b\u0161anai un vienk\u0101r\u0161ai t\u012br\u012b\u0161anai<\/li>\r\n \t<li style=\"text-align: left;\">Viena sieni\u0146a<\/li>\r\n \t<li style=\"text-align: left;\">Atbilst lidostu dro\u0161\u012bbas noteikumiem<\/li>\r\n \t<li style=\"text-align: left;\">Ieteicams mazg\u0101t ar rok\u0101m<\/li>\r\n<\/ul>","short_description":"<p style=\"text-align: center;\">Izsmalcin\u0101tajai, vienlaikus m\u016bsdien\u012bgajai Formal Grey pudelei piem\u012bt nenovecojo\u0161a elegance, to padarot par oblig\u0101tu aksesu\u0101ru, kas teicami iek\u013causies jebkur\u0101 vid\u0113.<\/p>","status":"publish","sku":"urban-grey-500","original":89844},"wpml":{"translation_type":1,"has_translations":true,"original":89844,"duplicates":[],"translations":{"lv":89864,"en":89844}},"brands":[{"id":1251,"name":"24Bottles","slug":"24bottles-lv"}],"_links":{"self":[{"href":"https:\/\/m50.lv\/lv\/wp-json\/wp\/v2\/product\/89864","targetHints":{"allow":["GET"]}}],"collection":[{"href":"https:\/\/m50.lv\/lv\/wp-json\/wp\/v2\/product"}],"about":[{"href":"https:\/\/m50.lv\/lv\/wp-json\/wp\/v2\/types\/product"}],"version-history":[{"count":0,"href":"https:\/\/m50.lv\/lv\/wp-json\/wp\/v2\/product\/89864\/revisions"}],"wp:featuredmedia":[{"embeddable":true,"href":"https:\/\/m50.lv\/lv\/wp-json\/wp\/v2\/media\/89846"}],"wp:attachment":[{"href":"https:\/\/m50.lv\/lv\/wp-json\/wp\/v2\/media?parent=89864"}],"wp:term":[{"taxonomy":"pwb-brand","embeddable":true,"href":"https:\/\/m50.lv\/lv\/wp-json\/wp\/v2\/pwb-brand?post=89864"},{"taxonomy":"product_cat","embeddable":true,"href":"https:\/\/m50.lv\/lv\/wp-json\/wp\/v2\/product_cat?post=89864"},{"taxonomy":"product_tag","embeddable":true,"href":"https:\/\/m50.lv\/lv\/wp-json\/wp\/v2\/product_tag?post=89864"}],"curies":[{"name":"wp","href":"https:\/\/api.w.org\/{rel}","templated":true}]}}