{"id":90098,"date":"2020-10-18T20:41:26","date_gmt":"2020-10-18T17:41:26","guid":{"rendered":"https:\/\/m50.lv\/shop\/rains-mugursoma-melna\/"},"modified":"2022-07-05T11:00:39","modified_gmt":"2022-07-05T08:00:39","slug":"rains-mugursoma-melna","status":"publish","type":"product","link":"https:\/\/m50.lv\/lv\/product\/rains-mugursoma-melna\/","title":{"rendered":"RAINS Mugursoma Melna"},"content":{"rendered":"<p style=\"text-align: left;\">\u0160\u012b mugursoma ir \u012bsta Rains klasika, kas izgatavota no mat\u0113ta, \u016bdensnecaurlaid\u012bga auduma. \u0160ai minim\u0101listiskajai un modernajai mugursomai ir kl\u0113pjdatora iek\u0161\u0113j\u0101 kabata, ietilp\u012bgs galvenais nodal\u012bjums un sl\u0113pta kabata aizmugur\u0113 t\u0101lrunim. Magn\u0113tiska aizdare, karab\u012bne un regul\u0113jamas siksnas.<\/p>\n<p style=\"text-align: left;\">Nodal\u012bjumi \/ kabatas: Viens galvenais nodal\u012bjums, viens 13 &#8221; iek\u0161\u0113j\u0101 kl\u0113pjdatora kabata, viena iek\u0161kabata ar r\u0101v\u0113jsl\u0113dz\u0113ju un viena \u0101r\u0113j\u0101 telefona kabata<br \/>\nIzm\u0113ri: 28,5 x 47 cm x 10 cm<br \/>\nTilpums: 13 litri \/ 3,4 galoni<br \/>\n50% poliuret\u0101ns, 50% poliesters<br \/>\nAuduma kolonnas spiediens: 8000 mm<br \/>\nKarab\u012bne un magn\u0113tiskie aizv\u0113r\u0113ji<br \/>\nPiel\u0101gojamas siksnas<br \/>\n\u016adensiztur\u012bgs r\u0101v\u0113jsl\u0113dz\u0113js<\/p>\n","protected":false},"excerpt":{"rendered":"<p style=\"text-align: center;\">\u0160\u012b mugursoma ir \u012bsta Rains klasika, kas izgatavota no mat\u0113ta, \u016bdensnecaurlaid\u012bga auduma.<\/p>\n","protected":false},"featured_media":90082,"template":"","meta":{"_jet_sm_ready_style":"","_jet_sm_style":"","_jet_sm_controls_values":"","_jet_sm_fonts_collection":"","_jet_sm_fonts_links":""},"pwb-brand":[1252],"product_cat":[101,195],"product_tag":[],"class_list":{"0":"post-90098","1":"product","2":"type-product","3":"status-publish","4":"has-post-thumbnail","6":"pwb-brand-rains-lv","7":"product_cat-aksesuari","8":"product_cat-somas","10":"first","11":"outofstock","12":"taxable","13":"shipping-taxable","14":"purchasable","15":"product-type-simple"},"raw_content":{"name":"RAINS Mugursoma Melna","description":"<p style=\"text-align: left;\">\u0160\u012b mugursoma ir \u012bsta Rains klasika, kas izgatavota no mat\u0113ta, \u016bdensnecaurlaid\u012bga auduma. \u0160ai minim\u0101listiskajai un modernajai mugursomai ir kl\u0113pjdatora iek\u0161\u0113j\u0101 kabata, ietilp\u012bgs galvenais nodal\u012bjums un sl\u0113pta kabata aizmugur\u0113 t\u0101lrunim. Magn\u0113tiska aizdare, karab\u012bne un regul\u0113jamas siksnas.<\/p>\r\n<p style=\"text-align: left;\">Nodal\u012bjumi \/ kabatas: Viens galvenais nodal\u012bjums, viens 13 \" iek\u0161\u0113j\u0101 kl\u0113pjdatora kabata, viena iek\u0161kabata ar r\u0101v\u0113jsl\u0113dz\u0113ju un viena \u0101r\u0113j\u0101 telefona kabata\r\nIzm\u0113ri: 28,5 x 47 cm x 10 cm\r\nTilpums: 13 litri \/ 3,4 galoni\r\n50% poliuret\u0101ns, 50% poliesters\r\nAuduma kolonnas spiediens: 8000 mm\r\nKarab\u012bne un magn\u0113tiskie aizv\u0113r\u0113ji\r\nPiel\u0101gojamas siksnas\r\n\u016adensiztur\u012bgs r\u0101v\u0113jsl\u0113dz\u0113js<\/p>","short_description":"<p style=\"text-align: center;\">\u0160\u012b mugursoma ir \u012bsta Rains klasika, kas izgatavota no mat\u0113ta, \u016bdensnecaurlaid\u012bga auduma.<\/p>","status":"publish","sku":"rains-1220-black","original":90080},"wpml":{"translation_type":1,"has_translations":true,"original":90080,"duplicates":[],"translations":{"lv":90098,"en":90080}},"brands":[{"id":1252,"name":"Rains","slug":"rains-lv"}],"_links":{"self":[{"href":"https:\/\/m50.lv\/lv\/wp-json\/wp\/v2\/product\/90098","targetHints":{"allow":["GET"]}}],"collection":[{"href":"https:\/\/m50.lv\/lv\/wp-json\/wp\/v2\/product"}],"about":[{"href":"https:\/\/m50.lv\/lv\/wp-json\/wp\/v2\/types\/product"}],"version-history":[{"count":0,"href":"https:\/\/m50.lv\/lv\/wp-json\/wp\/v2\/product\/90098\/revisions"}],"wp:featuredmedia":[{"embeddable":true,"href":"https:\/\/m50.lv\/lv\/wp-json\/wp\/v2\/media\/90082"}],"wp:attachment":[{"href":"https:\/\/m50.lv\/lv\/wp-json\/wp\/v2\/media?parent=90098"}],"wp:term":[{"taxonomy":"pwb-brand","embeddable":true,"href":"https:\/\/m50.lv\/lv\/wp-json\/wp\/v2\/pwb-brand?post=90098"},{"taxonomy":"product_cat","embeddable":true,"href":"https:\/\/m50.lv\/lv\/wp-json\/wp\/v2\/product_cat?post=90098"},{"taxonomy":"product_tag","embeddable":true,"href":"https:\/\/m50.lv\/lv\/wp-json\/wp\/v2\/product_tag?post=90098"}],"curies":[{"name":"wp","href":"https:\/\/api.w.org\/{rel}","templated":true}]}}