{"id":90665,"date":"2020-10-26T20:14:29","date_gmt":"2020-10-26T18:14:29","guid":{"rendered":"https:\/\/m50.lv\/shop\/iidziiba-unisex-dzemperis-never-ending-sorry\/"},"modified":"2021-11-16T17:01:35","modified_gmt":"2021-11-16T14:01:35","slug":"iidziiba-unisex-dzemperis-never-ending-sorry","status":"publish","type":"product","link":"https:\/\/m50.lv\/lv\/product\/iidziiba-unisex-dzemperis-never-ending-sorry\/","title":{"rendered":"iidziiba Unisex D\u017eemperis &#8220;Never Ending Sorry&#8221;"},"content":{"rendered":"<p style=\"text-align: left;\">iidziiba ir rado\u0161a smieklpilna apvien\u012bba ar \u012bgnu redz\u0113jumu un draudz\u012bgu misiju. Tekstu kr\u0101jum\u0101 atrodami joki, nev\u0101rdi, neteicieni p\u0101rteicieni, p\u0101rraksti un pa ausu galam saklaus\u012btas p\u0113rles.<\/p>\n<p>Never Ending Sorry Unisex d\u017eempera sast\u0101v\u0101 70% kokvilna, 30% poliesters.<br \/>\nD\u017eempera iek\u0161puse m\u012bksta, uzk\u0101rsta.<\/p>\n","protected":false},"excerpt":{"rendered":"<p style=\"text-align: center;\">iidziiba ir rado\u0161a smieklpilna apvien\u012bba ar \u012bgnu redz\u0113jumu un draudz\u012bgu misiju.<\/p>\n","protected":false},"featured_media":90654,"template":"","meta":{"_jet_sm_ready_style":"","_jet_sm_style":"","_jet_sm_controls_values":"","_jet_sm_fonts_collection":"","_jet_sm_fonts_links":""},"pwb-brand":[575],"product_cat":[102,193,199,201,105,103,240],"product_tag":[],"class_list":{"0":"post-90665","1":"product","2":"type-product","3":"status-publish","4":"has-post-thumbnail","6":"pwb-brand-iidziiba","7":"product_cat-apgerbs","8":"product_cat-davanas","9":"product_cat-dzemperi","10":"product_cat-dzemperi-lv","11":"product_cat-sievietem","12":"product_cat-viriesiem","13":"product_cat-ziemai","15":"first","16":"instock","17":"taxable","18":"shipping-taxable","19":"purchasable","20":"product-type-variable"},"raw_content":{"name":"iidziiba Unisex D\u017eemperis \"Never Ending Sorry\"","description":"<p style=\"text-align: left;\">iidziiba ir rado\u0161a smieklpilna apvien\u012bba ar \u012bgnu redz\u0113jumu un draudz\u012bgu misiju. Tekstu kr\u0101jum\u0101 atrodami joki, nev\u0101rdi, neteicieni p\u0101rteicieni, p\u0101rraksti un pa ausu galam saklaus\u012btas p\u0113rles.\r\n\r\nNever Ending Sorry Unisex d\u017eempera sast\u0101v\u0101 70% kokvilna, 30% poliesters.\r\nD\u017eempera iek\u0161puse m\u012bksta, uzk\u0101rsta.<\/p>","short_description":"<p style=\"text-align: center;\">iidziiba ir rado\u0161a smieklpilna apvien\u012bba ar \u012bgnu redz\u0113jumu un draudz\u012bgu misiju.<\/p>","status":"publish","sku":"iidziiba-sweater","original":90650},"wpml":{"translation_type":1,"has_translations":true,"original":90650,"duplicates":[],"translations":{"lv":90665,"en":90650}},"brands":[{"id":1257,"name":"iidziiba","slug":"iidziiba-lv"}],"_links":{"self":[{"href":"https:\/\/m50.lv\/lv\/wp-json\/wp\/v2\/product\/90665","targetHints":{"allow":["GET"]}}],"collection":[{"href":"https:\/\/m50.lv\/lv\/wp-json\/wp\/v2\/product"}],"about":[{"href":"https:\/\/m50.lv\/lv\/wp-json\/wp\/v2\/types\/product"}],"version-history":[{"count":0,"href":"https:\/\/m50.lv\/lv\/wp-json\/wp\/v2\/product\/90665\/revisions"}],"wp:featuredmedia":[{"embeddable":true,"href":"https:\/\/m50.lv\/lv\/wp-json\/wp\/v2\/media\/90654"}],"wp:attachment":[{"href":"https:\/\/m50.lv\/lv\/wp-json\/wp\/v2\/media?parent=90665"}],"wp:term":[{"taxonomy":"pwb-brand","embeddable":true,"href":"https:\/\/m50.lv\/lv\/wp-json\/wp\/v2\/pwb-brand?post=90665"},{"taxonomy":"product_cat","embeddable":true,"href":"https:\/\/m50.lv\/lv\/wp-json\/wp\/v2\/product_cat?post=90665"},{"taxonomy":"product_tag","embeddable":true,"href":"https:\/\/m50.lv\/lv\/wp-json\/wp\/v2\/product_tag?post=90665"}],"curies":[{"name":"wp","href":"https:\/\/api.w.org\/{rel}","templated":true}]}}