{"id":90734,"date":"2020-10-26T21:18:32","date_gmt":"2020-10-26T19:18:32","guid":{"rendered":"https:\/\/m50.lv\/shop\/schastia-zdorovja-piespraude-blondine\/"},"modified":"2021-05-17T19:03:50","modified_gmt":"2021-05-17T16:03:50","slug":"schastia-zdorovja-piespraude-blondine","status":"publish","type":"product","link":"https:\/\/m50.lv\/lv\/product\/schastia-zdorovja-piespraude-blondine\/","title":{"rendered":"Schastia Zdorovja Piespraude Blond\u012bne"},"content":{"rendered":"<p style=\"text-align: left;\">&#8220;Tev vajadz\u0113tu bie\u017e\u0101k smaid\u012bt&#8221; &#8211; un vi\u0146a smaida, eleganti pace\u013cot l\u016bpu kakti\u0146us ar vid\u0113jo pirkstu pal\u012bdz\u012bbu. Emalj\u0113ta piespraude. Aiz Unicorn Valley sl\u0113pjas Latvij\u0101 iem\u012bl\u0113jies un apprec\u0113jies p\u0101ris, kur mei\u010da ir no Ukrainas un \u010dalis &#8211; no Krievzemes.<\/p>\n","protected":false},"excerpt":{"rendered":"<p style=\"text-align: center;\">&#8220;Tev vajadz\u0113tu bie\u017e\u0101k smaid\u012bt&#8221; &#8211; un vi\u0146a smaida, eleganti pace\u013cot l\u016bpu kakti\u0146us ar vid\u0113jo pirkstu pal\u012bdz\u012bbu.<\/p>\n","protected":false},"featured_media":90700,"template":"","meta":{"_jet_sm_ready_style":"","_jet_sm_style":"","_jet_sm_controls_values":"","_jet_sm_fonts_collection":"","_jet_sm_fonts_links":""},"pwb-brand":[1256],"product_cat":[101,204,105,103],"product_tag":[1474],"class_list":{"0":"post-90734","1":"product","2":"type-product","3":"status-publish","4":"has-post-thumbnail","6":"pwb-brand-schastia-zdorovia-lv","7":"product_cat-aksesuari","8":"product_cat-piespraudes","9":"product_cat-sievietem","10":"product_cat-viriesiem","11":"product_tag-gifts-under-20e","13":"first","14":"instock","15":"taxable","16":"shipping-taxable","17":"purchasable","18":"product-type-simple"},"raw_content":{"name":"Schastia Zdorovja Piespraude Blond\u012bne","description":"<p style=\"text-align: left;\">\"Tev vajadz\u0113tu bie\u017e\u0101k smaid\u012bt\" - un vi\u0146a smaida, eleganti pace\u013cot l\u016bpu kakti\u0146us ar vid\u0113jo pirkstu pal\u012bdz\u012bbu. Emalj\u0113ta piespraude. Aiz Unicorn Valley sl\u0113pjas Latvij\u0101 iem\u012bl\u0113jies un apprec\u0113jies p\u0101ris, kur mei\u010da ir no Ukrainas un \u010dalis - no Krievzemes.<\/p>","short_description":"<p style=\"text-align: center;\">\"Tev vajadz\u0113tu bie\u017e\u0101k smaid\u012bt\" - un vi\u0146a smaida, eleganti pace\u013cot l\u016bpu kakti\u0146us ar vid\u0113jo pirkstu pal\u012bdz\u012bbu.<\/p>","status":"publish","sku":"unicornvalley-blonde","original":90732},"wpml":{"translation_type":1,"has_translations":true,"original":90732,"duplicates":[],"translations":{"lv":90734,"en":90732}},"brands":[{"id":1256,"name":"Schastia Zdorovia","slug":"schastia-zdorovia-lv"}],"_links":{"self":[{"href":"https:\/\/m50.lv\/lv\/wp-json\/wp\/v2\/product\/90734","targetHints":{"allow":["GET"]}}],"collection":[{"href":"https:\/\/m50.lv\/lv\/wp-json\/wp\/v2\/product"}],"about":[{"href":"https:\/\/m50.lv\/lv\/wp-json\/wp\/v2\/types\/product"}],"version-history":[{"count":0,"href":"https:\/\/m50.lv\/lv\/wp-json\/wp\/v2\/product\/90734\/revisions"}],"wp:featuredmedia":[{"embeddable":true,"href":"https:\/\/m50.lv\/lv\/wp-json\/wp\/v2\/media\/90700"}],"wp:attachment":[{"href":"https:\/\/m50.lv\/lv\/wp-json\/wp\/v2\/media?parent=90734"}],"wp:term":[{"taxonomy":"pwb-brand","embeddable":true,"href":"https:\/\/m50.lv\/lv\/wp-json\/wp\/v2\/pwb-brand?post=90734"},{"taxonomy":"product_cat","embeddable":true,"href":"https:\/\/m50.lv\/lv\/wp-json\/wp\/v2\/product_cat?post=90734"},{"taxonomy":"product_tag","embeddable":true,"href":"https:\/\/m50.lv\/lv\/wp-json\/wp\/v2\/product_tag?post=90734"}],"curies":[{"name":"wp","href":"https:\/\/api.w.org\/{rel}","templated":true}]}}