{"id":90743,"date":"2020-10-26T21:40:14","date_gmt":"2020-10-26T19:40:14","guid":{"rendered":"https:\/\/m50.lv\/shop\/schastia-zdorovja-piespraude-skiltavas\/"},"modified":"2025-10-28T14:02:39","modified_gmt":"2025-10-28T12:02:39","slug":"schastia-zdorovja-piespraude-skiltavas","status":"publish","type":"product","link":"https:\/\/m50.lv\/lv\/product\/schastia-zdorovja-piespraude-skiltavas\/","title":{"rendered":"Schastia Zdorovja Piespraude \u0160\u0137iltavas"},"content":{"rendered":"<p style=\"text-align: left;\">Emaljas piespraude ar \u0161\u0137iltav\u0101m, uz kur\u0101m rakst\u012bts &#8220;Maz uguns&#8221; krievu valod\u0101.<\/p>\n","protected":false},"excerpt":{"rendered":"<p style=\"text-align: center;\">Emaljas piespraude ar \u0161\u0137iltav\u0101m, uz kur\u0101m rakst\u012bts &#8220;Maz uguns&#8221; krievu valod\u0101.<\/p>\n","protected":false},"featured_media":90724,"template":"","meta":{"_jet_sm_ready_style":"","_jet_sm_style":"","_jet_sm_controls_values":"","_jet_sm_fonts_collection":"","_jet_sm_fonts_links":""},"pwb-brand":[1256],"product_cat":[101,204,105,103],"product_tag":[1474],"class_list":{"0":"post-90743","1":"product","2":"type-product","3":"status-publish","4":"has-post-thumbnail","6":"pwb-brand-schastia-zdorovia-lv","7":"product_cat-aksesuari","8":"product_cat-piespraudes","9":"product_cat-sievietem","10":"product_cat-viriesiem","11":"product_tag-gifts-under-20e","13":"first","14":"instock","15":"taxable","16":"shipping-taxable","17":"purchasable","18":"product-type-simple"},"raw_content":{"name":"Schastia Zdorovja Piespraude \u0160\u0137iltavas","description":"<p style=\"text-align: left;\">Emaljas piespraude ar \u0161\u0137iltav\u0101m, uz kur\u0101m rakst\u012bts \"Maz uguns\" krievu valod\u0101.<\/p>","short_description":"<p style=\"text-align: center;\">Emaljas piespraude ar \u0161\u0137iltav\u0101m, uz kur\u0101m rakst\u012bts \"Maz uguns\" krievu valod\u0101.<\/p>","status":"publish","sku":"unicornvalley-skil","original":90735},"wpml":{"translation_type":1,"has_translations":true,"original":90735,"duplicates":[],"translations":{"lv":90743,"en":90735}},"brands":[{"id":1256,"name":"Schastia Zdorovia","slug":"schastia-zdorovia-lv"}],"_links":{"self":[{"href":"https:\/\/m50.lv\/lv\/wp-json\/wp\/v2\/product\/90743","targetHints":{"allow":["GET"]}}],"collection":[{"href":"https:\/\/m50.lv\/lv\/wp-json\/wp\/v2\/product"}],"about":[{"href":"https:\/\/m50.lv\/lv\/wp-json\/wp\/v2\/types\/product"}],"version-history":[{"count":0,"href":"https:\/\/m50.lv\/lv\/wp-json\/wp\/v2\/product\/90743\/revisions"}],"wp:featuredmedia":[{"embeddable":true,"href":"https:\/\/m50.lv\/lv\/wp-json\/wp\/v2\/media\/90724"}],"wp:attachment":[{"href":"https:\/\/m50.lv\/lv\/wp-json\/wp\/v2\/media?parent=90743"}],"wp:term":[{"taxonomy":"pwb-brand","embeddable":true,"href":"https:\/\/m50.lv\/lv\/wp-json\/wp\/v2\/pwb-brand?post=90743"},{"taxonomy":"product_cat","embeddable":true,"href":"https:\/\/m50.lv\/lv\/wp-json\/wp\/v2\/product_cat?post=90743"},{"taxonomy":"product_tag","embeddable":true,"href":"https:\/\/m50.lv\/lv\/wp-json\/wp\/v2\/product_tag?post=90743"}],"curies":[{"name":"wp","href":"https:\/\/api.w.org\/{rel}","templated":true}]}}