{"id":90748,"date":"2020-10-26T21:51:25","date_gmt":"2020-10-26T19:51:25","guid":{"rendered":"https:\/\/m50.lv\/shop\/schastia-zdorovja-piespraude-vienradzis-vemj\/"},"modified":"2022-12-23T21:06:27","modified_gmt":"2022-12-23T18:06:27","slug":"schastia-zdorovja-piespraude-vienradzis-vemj","status":"publish","type":"product","link":"https:\/\/m50.lv\/lv\/product\/schastia-zdorovja-piespraude-vienradzis-vemj\/","title":{"rendered":"Schastia Zdorovja Piespraude Vienradzis Vemj"},"content":{"rendered":"<p style=\"text-align: left;\">Emaljas piespraude ar varav\u012bksni vemjo\u0161u vienradzi. &#8220;Vairs nedzer\u0161u&#8221;<\/p>\n","protected":false},"excerpt":{"rendered":"<p style=\"text-align: center;\">Emaljas piespraude ar varav\u012bksni vemjo\u0161u vienradzi. &#8220;Vairs nedzer\u0161u&#8221;<\/p>\n","protected":false},"featured_media":90730,"template":"","meta":{"_jet_sm_ready_style":"","_jet_sm_style":"","_jet_sm_controls_values":"","_jet_sm_fonts_collection":"","_jet_sm_fonts_links":""},"pwb-brand":[1256],"product_cat":[75,187,60,61],"product_tag":[1395],"class_list":{"0":"post-90748","1":"product","2":"type-product","3":"status-publish","4":"has-post-thumbnail","6":"pwb-brand-schastia-zdorovia-lv","7":"product_cat-accessories","8":"product_cat-enamel-pins","9":"product_cat-womens","10":"product_cat-mens","11":"product_tag-zem20","13":"first","14":"instock","15":"taxable","16":"shipping-taxable","17":"purchasable","18":"product-type-simple"},"raw_content":{"name":"Schastia Zdorovja Piespraude Vienradzis Vemj","description":"<p style=\"text-align: left;\">Emaljas piespraude ar varav\u012bksni vemjo\u0161u vienradzi. \"Vairs nedzer\u0161u\"<\/p>","short_description":"<p style=\"text-align: center;\">Emaljas piespraude ar varav\u012bksni vemjo\u0161u vienradzi. \"Vairs nedzer\u0161u\"<\/p>","status":"publish","sku":"schastia-pin-no","original":90740},"wpml":{"translation_type":1,"has_translations":true,"original":90740,"duplicates":[],"translations":{"lv":90748,"en":90740}},"brands":[{"id":1256,"name":"Schastia Zdorovia","slug":"schastia-zdorovia-lv"}],"_links":{"self":[{"href":"https:\/\/m50.lv\/lv\/wp-json\/wp\/v2\/product\/90748","targetHints":{"allow":["GET"]}}],"collection":[{"href":"https:\/\/m50.lv\/lv\/wp-json\/wp\/v2\/product"}],"about":[{"href":"https:\/\/m50.lv\/lv\/wp-json\/wp\/v2\/types\/product"}],"version-history":[{"count":0,"href":"https:\/\/m50.lv\/lv\/wp-json\/wp\/v2\/product\/90748\/revisions"}],"wp:featuredmedia":[{"embeddable":true,"href":"https:\/\/m50.lv\/lv\/wp-json\/wp\/v2\/media\/90730"}],"wp:attachment":[{"href":"https:\/\/m50.lv\/lv\/wp-json\/wp\/v2\/media?parent=90748"}],"wp:term":[{"taxonomy":"pwb-brand","embeddable":true,"href":"https:\/\/m50.lv\/lv\/wp-json\/wp\/v2\/pwb-brand?post=90748"},{"taxonomy":"product_cat","embeddable":true,"href":"https:\/\/m50.lv\/lv\/wp-json\/wp\/v2\/product_cat?post=90748"},{"taxonomy":"product_tag","embeddable":true,"href":"https:\/\/m50.lv\/lv\/wp-json\/wp\/v2\/product_tag?post=90748"}],"curies":[{"name":"wp","href":"https:\/\/api.w.org\/{rel}","templated":true}]}}