{"id":90749,"date":"2020-10-26T21:53:39","date_gmt":"2020-10-26T19:53:39","guid":{"rendered":"https:\/\/m50.lv\/shop\/schastia-zdorovja-piespraude-jauniba\/"},"modified":"2021-11-05T10:31:01","modified_gmt":"2021-11-05T07:31:01","slug":"schastia-zdorovja-piespraude-jauniba","status":"publish","type":"product","link":"https:\/\/m50.lv\/lv\/product\/schastia-zdorovja-piespraude-jauniba\/","title":{"rendered":"Schastia Zdorovja Piespraude Jaun\u012bba"},"content":{"rendered":"<p style=\"text-align: left;\">Emaljas piespraude &#8220;Jaun\u012bba \u0160maun\u012bba.&#8221;<\/p>\n","protected":false},"excerpt":{"rendered":"<p style=\"text-align: center;\">Emaljas piespraude &#8220;Jaun\u012bba \u0160maun\u012bba.&#8221;<\/p>\n","protected":false},"featured_media":90708,"template":"","meta":{"_jet_sm_ready_style":"","_jet_sm_style":"","_jet_sm_controls_values":"","_jet_sm_fonts_collection":"","_jet_sm_fonts_links":""},"pwb-brand":[1256],"product_cat":[101,204,105,103],"product_tag":[1396],"class_list":{"0":"post-90749","1":"product","2":"type-product","3":"status-publish","4":"has-post-thumbnail","6":"pwb-brand-schastia-zdorovia-lv","7":"product_cat-aksesuari","8":"product_cat-piespraudes","9":"product_cat-sievietem","10":"product_cat-viriesiem","11":"product_tag-zem20-lv","13":"first","14":"instock","15":"taxable","16":"shipping-taxable","17":"purchasable","18":"product-type-simple"},"raw_content":{"name":"Schastia Zdorovja Piespraude Jaun\u012bba","description":"<p style=\"text-align: left;\">Emaljas piespraude \"Jaun\u012bba \u0160maun\u012bba.\"<\/p>","short_description":"<p style=\"text-align: center;\">Emaljas piespraude \"Jaun\u012bba \u0160maun\u012bba.\"<\/p>","status":"publish","sku":"schastia-pin-youth","original":90741},"wpml":{"translation_type":1,"has_translations":true,"original":90741,"duplicates":[],"translations":{"lv":90749,"en":90741}},"brands":[{"id":1256,"name":"Schastia Zdorovia","slug":"schastia-zdorovia-lv"}],"_links":{"self":[{"href":"https:\/\/m50.lv\/lv\/wp-json\/wp\/v2\/product\/90749","targetHints":{"allow":["GET"]}}],"collection":[{"href":"https:\/\/m50.lv\/lv\/wp-json\/wp\/v2\/product"}],"about":[{"href":"https:\/\/m50.lv\/lv\/wp-json\/wp\/v2\/types\/product"}],"version-history":[{"count":0,"href":"https:\/\/m50.lv\/lv\/wp-json\/wp\/v2\/product\/90749\/revisions"}],"wp:featuredmedia":[{"embeddable":true,"href":"https:\/\/m50.lv\/lv\/wp-json\/wp\/v2\/media\/90708"}],"wp:attachment":[{"href":"https:\/\/m50.lv\/lv\/wp-json\/wp\/v2\/media?parent=90749"}],"wp:term":[{"taxonomy":"pwb-brand","embeddable":true,"href":"https:\/\/m50.lv\/lv\/wp-json\/wp\/v2\/pwb-brand?post=90749"},{"taxonomy":"product_cat","embeddable":true,"href":"https:\/\/m50.lv\/lv\/wp-json\/wp\/v2\/product_cat?post=90749"},{"taxonomy":"product_tag","embeddable":true,"href":"https:\/\/m50.lv\/lv\/wp-json\/wp\/v2\/product_tag?post=90749"}],"curies":[{"name":"wp","href":"https:\/\/api.w.org\/{rel}","templated":true}]}}