{"id":90761,"date":"2020-10-26T22:20:15","date_gmt":"2020-10-26T20:20:15","guid":{"rendered":"https:\/\/m50.lv\/shop\/schastia-zdorovja-zekes-ble-pile-pelekas\/"},"modified":"2025-12-14T21:58:35","modified_gmt":"2025-12-14T19:58:35","slug":"schastia-zdorovja-zekes-ble-pile-pelekas","status":"publish","type":"product","link":"https:\/\/m50.lv\/lv\/product\/schastia-zdorovja-zekes-ble-pile-pelekas\/","title":{"rendered":"Schastia Zdorovja Ze\u0137es B\u013c\u0113 P\u012ble Pel\u0113kas"},"content":{"rendered":"<p>Schastia Zdorovja ze\u0137es ar iem\u012b\u013coto p\u012bli, kas saka ko rupju. Der\u0113s un patiks tiem, kas saprot humorus, jokas un krieve\u0146us. Patiks ar\u012b tiem, kas n\u0113s\u0101 ze\u0137es. Patiks ar\u012b tiem, kas nesaprot krievu valodu. Patiks ar\u012b tiem, kas saprot krievu un citas valodas.<\/p>\n<p>97% kokvilna, 3% elast\u0101ns<br \/>\nPieejamie izm\u0113ri 35-39, 40-45.<\/p>\n","protected":false},"excerpt":{"rendered":"<p style=\"text-align: center;\">Schastia Zdorovja ze\u0137es ar iem\u012b\u013coto p\u012bli, kas saka ko rupju.<\/p>\n","protected":false},"featured_media":90684,"template":"","meta":{"_jet_sm_ready_style":"","_jet_sm_style":"","_jet_sm_controls_values":"","_jet_sm_fonts_collection":"","_jet_sm_fonts_links":""},"pwb-brand":[1256],"product_cat":[101,105,103,567],"product_tag":[1396,1474],"class_list":{"0":"post-90761","1":"product","2":"type-product","3":"status-publish","4":"has-post-thumbnail","6":"pwb-brand-schastia-zdorovia-lv","7":"product_cat-aksesuari","8":"product_cat-sievietem","9":"product_cat-viriesiem","10":"product_cat-zekes","11":"product_tag-zem20-lv","12":"product_tag-gifts-under-20e","14":"first","15":"instock","16":"taxable","17":"shipping-taxable","18":"purchasable","19":"product-type-variable"},"raw_content":{"name":"Schastia Zdorovja Ze\u0137es B\u013c\u0113 P\u012ble Pel\u0113kas","description":"Schastia Zdorovja ze\u0137es ar iem\u012b\u013coto p\u012bli, kas saka ko rupju. Der\u0113s un patiks tiem, kas saprot humorus, jokas un krieve\u0146us. Patiks ar\u012b tiem, kas n\u0113s\u0101 ze\u0137es. Patiks ar\u012b tiem, kas nesaprot krievu valodu. Patiks ar\u012b tiem, kas saprot krievu un citas valodas.\r\n\r\n97% kokvilna, 3% elast\u0101ns\r\nPieejamie izm\u0113ri 35-39, 40-45.","short_description":"<p style=\"text-align: center;\">Schastia Zdorovja ze\u0137es ar iem\u012b\u013coto p\u012bli, kas saka ko rupju.<\/p>","status":"publish","sku":"Socks-Schastia-Zdorovja-Duck-Gray","original":90755},"wpml":{"translation_type":1,"has_translations":true,"original":90755,"duplicates":[],"translations":{"lv":90761,"en":90755}},"brands":[{"id":1256,"name":"Schastia Zdorovia","slug":"schastia-zdorovia-lv"}],"_links":{"self":[{"href":"https:\/\/m50.lv\/lv\/wp-json\/wp\/v2\/product\/90761","targetHints":{"allow":["GET"]}}],"collection":[{"href":"https:\/\/m50.lv\/lv\/wp-json\/wp\/v2\/product"}],"about":[{"href":"https:\/\/m50.lv\/lv\/wp-json\/wp\/v2\/types\/product"}],"version-history":[{"count":0,"href":"https:\/\/m50.lv\/lv\/wp-json\/wp\/v2\/product\/90761\/revisions"}],"wp:featuredmedia":[{"embeddable":true,"href":"https:\/\/m50.lv\/lv\/wp-json\/wp\/v2\/media\/90684"}],"wp:attachment":[{"href":"https:\/\/m50.lv\/lv\/wp-json\/wp\/v2\/media?parent=90761"}],"wp:term":[{"taxonomy":"pwb-brand","embeddable":true,"href":"https:\/\/m50.lv\/lv\/wp-json\/wp\/v2\/pwb-brand?post=90761"},{"taxonomy":"product_cat","embeddable":true,"href":"https:\/\/m50.lv\/lv\/wp-json\/wp\/v2\/product_cat?post=90761"},{"taxonomy":"product_tag","embeddable":true,"href":"https:\/\/m50.lv\/lv\/wp-json\/wp\/v2\/product_tag?post=90761"}],"curies":[{"name":"wp","href":"https:\/\/api.w.org\/{rel}","templated":true}]}}