{"id":91124,"date":"2020-11-08T23:33:39","date_gmt":"2020-11-08T21:33:39","guid":{"rendered":"https:\/\/m50.lv\/shop\/24bottles-urban-500ml-aqua-green\/"},"modified":"2023-07-03T17:03:36","modified_gmt":"2023-07-03T15:03:36","slug":"24bottles-urban-500ml-aqua-green","status":"publish","type":"product","link":"https:\/\/m50.lv\/lv\/product\/24bottles-urban-500ml-aqua-green\/","title":{"rendered":"24Bottles Urban 500ml Aqua Green"},"content":{"rendered":"<p style=\"text-align: left;\">&#8220;Gremd\u0113jieties nomierino\u0161aj\u0101s kluso lag\u016bnu un caursp\u012bd\u012bg\u0101 \u016bdens kr\u0101s\u0101s, kuras rot\u0101 Aqua Green Urban pudeli. T\u0101 k\u013c\u016bs par mierpilnu papildin\u0101jumu j\u016bsu priv\u0101tajai, pozit\u012bvajai telpai.&#8221; 24 Bottles<\/p>\n<p>Sat\u012bna apdare<br \/>\n24 Bottles Urban pudeles 500ml specifik\u0101cija: diametrs: 6,5 cm, atv\u0113rums: 3,3cm, augstums 21 cm, svars 117g<br \/>\nNesatur BPA, ftal\u0101tus, toks\u012bnus<br \/>\nPiem\u0113rota sk\u0101biem un g\u0101z\u0113tiem dz\u0113rieniem<br \/>\nNesaglab\u0101 un neizdala arom\u0101tu<br \/>\nBPA nesaturo\u0161s v\u0101ci\u0146\u0161 ar necaurlaid\u012bgu silikona aizdari<br \/>\nAtverama ar vienu griezienu<br \/>\nPlats atv\u0113rums ledus iepild\u012b\u0161anai un vieglai t\u012br\u012b\u0161anai<br \/>\nPiem\u0113rota regul\u0113jamiem pude\u013cu tur\u0113t\u0101jiem<br \/>\nIeteicams mazg\u0101t ar rok\u0101m\u0101<\/p>\n","protected":false},"excerpt":{"rendered":"<p style=\"text-align: center;\">&#8220;Gremd\u0113jieties nomierino\u0161aj\u0101s kluso lag\u016bnu un caursp\u012bd\u012bg\u0101 \u016bdens kr\u0101s\u0101s, kuras rot\u0101 Aqua Green Urban pudeli. T\u0101 k\u013c\u016bs par mierpilnu papildin\u0101jumu j\u016bsu priv\u0101tajai, pozit\u012bvajai telpai.&#8221;<\/p>\n","protected":false},"featured_media":146609,"template":"","meta":{"_jet_sm_ready_style":"","_jet_sm_style":"","_jet_sm_controls_values":"","_jet_sm_fonts_collection":"","_jet_sm_fonts_links":""},"pwb-brand":[1251],"product_cat":[202,193,710,238],"product_tag":[1396],"class_list":{"0":"post-91124","1":"product","2":"type-product","3":"status-publish","4":"has-post-thumbnail","6":"pwb-brand-24bottles-lv","7":"product_cat-24bottles-lv","8":"product_cat-davanas","9":"product_cat-urban","10":"product_cat-zerowaste-lv","11":"product_tag-zem20-lv","13":"first","14":"outofstock","15":"taxable","16":"shipping-taxable","17":"purchasable","18":"product-type-simple"},"raw_content":{"name":"24Bottles Urban 500ml Aqua Green","description":"<p style=\"text-align: left;\">\"Gremd\u0113jieties nomierino\u0161aj\u0101s kluso lag\u016bnu un caursp\u012bd\u012bg\u0101 \u016bdens kr\u0101s\u0101s, kuras rot\u0101 Aqua Green Urban pudeli. T\u0101 k\u013c\u016bs par mierpilnu papildin\u0101jumu j\u016bsu priv\u0101tajai, pozit\u012bvajai telpai.\" 24 Bottles\r\n\r\nSat\u012bna apdare\r\n24 Bottles Urban pudeles 500ml specifik\u0101cija: diametrs: 6,5 cm, atv\u0113rums: 3,3cm, augstums 21 cm, svars 117g\r\nNesatur BPA, ftal\u0101tus, toks\u012bnus\r\nPiem\u0113rota sk\u0101biem un g\u0101z\u0113tiem dz\u0113rieniem\r\nNesaglab\u0101 un neizdala arom\u0101tu\r\nBPA nesaturo\u0161s v\u0101ci\u0146\u0161 ar necaurlaid\u012bgu silikona aizdari\r\nAtverama ar vienu griezienu\r\nPlats atv\u0113rums ledus iepild\u012b\u0161anai un vieglai t\u012br\u012b\u0161anai\r\nPiem\u0113rota regul\u0113jamiem pude\u013cu tur\u0113t\u0101jiem\r\nIeteicams mazg\u0101t ar rok\u0101m\u0101<\/p>","short_description":"<p style=\"text-align: center;\">\"Gremd\u0113jieties nomierino\u0161aj\u0101s kluso lag\u016bnu un caursp\u012bd\u012bg\u0101 \u016bdens kr\u0101s\u0101s, kuras rot\u0101 Aqua Green Urban pudeli. T\u0101 k\u013c\u016bs par mierpilnu papildin\u0101jumu j\u016bsu priv\u0101tajai, pozit\u012bvajai telpai.\"<\/p>","status":"publish","sku":"urban-aqua-500","original":91065},"wpml":{"translation_type":1,"has_translations":true,"original":91065,"duplicates":[],"translations":{"lv":91124,"en":91065}},"brands":[{"id":1251,"name":"24Bottles","slug":"24bottles-lv"}],"_links":{"self":[{"href":"https:\/\/m50.lv\/lv\/wp-json\/wp\/v2\/product\/91124","targetHints":{"allow":["GET"]}}],"collection":[{"href":"https:\/\/m50.lv\/lv\/wp-json\/wp\/v2\/product"}],"about":[{"href":"https:\/\/m50.lv\/lv\/wp-json\/wp\/v2\/types\/product"}],"version-history":[{"count":0,"href":"https:\/\/m50.lv\/lv\/wp-json\/wp\/v2\/product\/91124\/revisions"}],"wp:featuredmedia":[{"embeddable":true,"href":"https:\/\/m50.lv\/lv\/wp-json\/wp\/v2\/media\/146609"}],"wp:attachment":[{"href":"https:\/\/m50.lv\/lv\/wp-json\/wp\/v2\/media?parent=91124"}],"wp:term":[{"taxonomy":"pwb-brand","embeddable":true,"href":"https:\/\/m50.lv\/lv\/wp-json\/wp\/v2\/pwb-brand?post=91124"},{"taxonomy":"product_cat","embeddable":true,"href":"https:\/\/m50.lv\/lv\/wp-json\/wp\/v2\/product_cat?post=91124"},{"taxonomy":"product_tag","embeddable":true,"href":"https:\/\/m50.lv\/lv\/wp-json\/wp\/v2\/product_tag?post=91124"}],"curies":[{"name":"wp","href":"https:\/\/api.w.org\/{rel}","templated":true}]}}