{"id":91126,"date":"2020-11-08T23:46:08","date_gmt":"2020-11-08T21:46:08","guid":{"rendered":"https:\/\/m50.lv\/shop\/24bottles-urban-500ml-stone-erica\/"},"modified":"2022-09-07T18:43:27","modified_gmt":"2022-09-07T15:43:27","slug":"24bottles-urban-500ml-stone-erica","status":"publish","type":"product","link":"https:\/\/m50.lv\/lv\/product\/24bottles-urban-500ml-stone-erica\/","title":{"rendered":"24Bottles Urban 500ml Stone Erica"},"content":{"rendered":"<p style=\"text-align: left;\">Starp klin\u0161ain\u0101m smail\u0113m un ielej\u0101m \u2013 tur, miglas t\u012bts, ir atrodams m\u016b\u017eza\u013c\u0161 augs, kas var pie\u0161\u0137ilt k\u016bs\u0101jo\u0161u dz\u012bv\u012bbu par aukst\u0101kajai ziemas ainavai \u2013 Erica.<\/p>\n<p style=\"text-align: left;\">\u012apa\u0161i nel\u012bdzen\u0101, necaursp\u012bd\u012bg\u0101 akmens apdare ir \u0101rk\u0101rt\u012bgi notur\u012bga un viegli satverama, pie\u0161\u0137irot stingr\u012bbu un \u013coti smalku, akmenim l\u012bdz\u012bgu tekst\u016bru.<\/p>\n<p>Urban pudele ir viegl\u0101k\u0101 ner\u016bs\u0113jo\u0161\u0101 t\u0113rauda pudele, k\u0101du vien b\u016bsi redz\u0113ju\u0161i, ide\u0101li piem\u0113rota \u0101trai padzer\u0161anai un uzpild\u012b\u0161anai, lai dotos ce\u013c\u0101!<\/p>\n<p>Akmens apdare<br \/>\n18\/8 p\u0101rtikas klases ner\u016bs\u0113jo\u0161ais t\u0113rauds<br \/>\nNesatur BPA, ftal\u0101tus, toks\u012bnus<br \/>\nNesaglab\u0101 un neizdala arom\u0101tu<br \/>\nAtverama ar vienu griezienu, necaurlaid\u012bgs kor\u0137\u012btis<br \/>\nPla\u0161s atv\u0113rums ledus iepild\u012b\u0161anai un vienk\u0101r\u0161ai t\u012br\u012b\u0161anai<br \/>\nViena sieni\u0146a<br \/>\nAtbilst lidostu dro\u0161\u012bbas nosac\u012bjumiem<br \/>\nIeteicams mazg\u0101t ar rok\u0101m<\/p>\n","protected":false},"excerpt":{"rendered":"<p style=\"text-align: center;\">Starp klin\u0161ain\u0101m smail\u0113m un ielej\u0101m \u2013 tur, miglas t\u012bts, ir atrodams m\u016b\u017eza\u013c\u0161 augs, kas var pie\u0161\u0137ilt k\u016bs\u0101jo\u0161u dz\u012bv\u012bbu par aukst\u0101kajai ziemas ainavai \u2013 Erica.<\/p>\n","protected":false},"featured_media":91086,"template":"","meta":{"_jet_sm_ready_style":"","_jet_sm_style":"","_jet_sm_controls_values":"","_jet_sm_fonts_collection":"","_jet_sm_fonts_links":""},"pwb-brand":[1251],"product_cat":[202,193,710,238],"product_tag":[1396],"class_list":{"0":"post-91126","1":"product","2":"type-product","3":"status-publish","4":"has-post-thumbnail","6":"pwb-brand-24bottles-lv","7":"product_cat-24bottles-lv","8":"product_cat-davanas","9":"product_cat-urban","10":"product_cat-zerowaste-lv","11":"product_tag-zem20-lv","13":"first","14":"outofstock","15":"taxable","16":"shipping-taxable","17":"purchasable","18":"product-type-simple"},"raw_content":{"name":"24Bottles Urban 500ml Stone Erica","description":"<p style=\"text-align: left;\">Starp klin\u0161ain\u0101m smail\u0113m un ielej\u0101m \u2013 tur, miglas t\u012bts, ir atrodams m\u016b\u017eza\u013c\u0161 augs, kas var pie\u0161\u0137ilt k\u016bs\u0101jo\u0161u dz\u012bv\u012bbu par aukst\u0101kajai ziemas ainavai \u2013 Erica.<\/p>\r\n<p style=\"text-align: left;\">\u012apa\u0161i nel\u012bdzen\u0101, necaursp\u012bd\u012bg\u0101 akmens apdare ir \u0101rk\u0101rt\u012bgi notur\u012bga un viegli satverama, pie\u0161\u0137irot stingr\u012bbu un \u013coti smalku, akmenim l\u012bdz\u012bgu tekst\u016bru.\r\n\r\nUrban pudele ir viegl\u0101k\u0101 ner\u016bs\u0113jo\u0161\u0101 t\u0113rauda pudele, k\u0101du vien b\u016bsi redz\u0113ju\u0161i, ide\u0101li piem\u0113rota \u0101trai padzer\u0161anai un uzpild\u012b\u0161anai, lai dotos ce\u013c\u0101!\r\n\r\nAkmens apdare\r\n18\/8 p\u0101rtikas klases ner\u016bs\u0113jo\u0161ais t\u0113rauds\r\nNesatur BPA, ftal\u0101tus, toks\u012bnus\r\nNesaglab\u0101 un neizdala arom\u0101tu\r\nAtverama ar vienu griezienu, necaurlaid\u012bgs kor\u0137\u012btis\r\nPla\u0161s atv\u0113rums ledus iepild\u012b\u0161anai un vienk\u0101r\u0161ai t\u012br\u012b\u0161anai\r\nViena sieni\u0146a\r\nAtbilst lidostu dro\u0161\u012bbas nosac\u012bjumiem\r\nIeteicams mazg\u0101t ar rok\u0101m<\/p>","short_description":"<p style=\"text-align: center;\">Starp klin\u0161ain\u0101m smail\u0113m un ielej\u0101m \u2013 tur, miglas t\u012bts, ir atrodams m\u016b\u017eza\u013c\u0161 augs, kas var pie\u0161\u0137ilt k\u016bs\u0101jo\u0161u dz\u012bv\u012bbu par aukst\u0101kajai ziemas ainavai \u2013 Erica.<\/p>","status":"publish","sku":"urban-erica-500","original":91084},"wpml":{"translation_type":1,"has_translations":true,"original":91084,"duplicates":[],"translations":{"lv":91126,"en":91084}},"brands":[{"id":1251,"name":"24Bottles","slug":"24bottles-lv"}],"_links":{"self":[{"href":"https:\/\/m50.lv\/lv\/wp-json\/wp\/v2\/product\/91126","targetHints":{"allow":["GET"]}}],"collection":[{"href":"https:\/\/m50.lv\/lv\/wp-json\/wp\/v2\/product"}],"about":[{"href":"https:\/\/m50.lv\/lv\/wp-json\/wp\/v2\/types\/product"}],"version-history":[{"count":0,"href":"https:\/\/m50.lv\/lv\/wp-json\/wp\/v2\/product\/91126\/revisions"}],"wp:featuredmedia":[{"embeddable":true,"href":"https:\/\/m50.lv\/lv\/wp-json\/wp\/v2\/media\/91086"}],"wp:attachment":[{"href":"https:\/\/m50.lv\/lv\/wp-json\/wp\/v2\/media?parent=91126"}],"wp:term":[{"taxonomy":"pwb-brand","embeddable":true,"href":"https:\/\/m50.lv\/lv\/wp-json\/wp\/v2\/pwb-brand?post=91126"},{"taxonomy":"product_cat","embeddable":true,"href":"https:\/\/m50.lv\/lv\/wp-json\/wp\/v2\/product_cat?post=91126"},{"taxonomy":"product_tag","embeddable":true,"href":"https:\/\/m50.lv\/lv\/wp-json\/wp\/v2\/product_tag?post=91126"}],"curies":[{"name":"wp","href":"https:\/\/api.w.org\/{rel}","templated":true}]}}