{"id":91129,"date":"2020-11-09T00:54:36","date_gmt":"2020-11-08T21:54:36","guid":{"rendered":"https:\/\/m50.lv\/shop\/24bottles-clima-500ml-promenade\/"},"modified":"2021-02-18T21:54:33","modified_gmt":"2021-02-18T18:54:33","slug":"24bottles-clima-500ml-promenade","status":"publish","type":"product","link":"https:\/\/m50.lv\/lv\/product\/24bottles-clima-500ml-promenade\/","title":{"rendered":"24Bottles Clima 500ml Promenade"},"content":{"rendered":"<p style=\"text-align: left;\">Promenade ieved m\u016bsu ce\u013cojumu interjera dizaina pasaul\u0113, kur\u0101 industri\u0101l\u0101 stila noska\u0146as tiek smalki atspogu\u013cotas \u012bpa\u0161\u0101 tekst\u016br\u0101, kr\u0101sai un gaum\u012bgiem grafiskiem z\u012bm\u0113jumiem pie\u0161\u0137irot dizainaim unik\u0101lu valdzin\u0101jumu.<\/p>\n<p>\u012apa\u0161i nel\u012bdzen\u0101, necaursp\u012bd\u012bg\u0101 akmens apdare ir \u0101rk\u0101rt\u012bgi notur\u012bga un viegli satverama, pie\u0161\u0137irot stingr\u012bbu un \u013coti smalku, akmenim l\u012bdz\u012bgu tekst\u016bru.<\/p>\n<p>Clima pudele uztur\u0113s j\u016bsu dz\u0113rienu aukstu 24 stundas, bet karstu \u2013 12 stundas. T\u0101 ir nesv\u012bsto\u0161a, bet t\u0101s izm\u0113rs ir teicami piem\u0113rots j\u016bsu ikdienas vajadz\u012bb\u0101m.<\/p>\n<p>Akmens apdare<br \/>\n18\/8 p\u0101rtikas klases ner\u016bs\u0113jo\u0161ais t\u0113rauds<br \/>\nUztur \u0161\u0137idrumu karstu 12 stundas, bet aukstu \u2013 24 stundas<br \/>\nNesatur BPA, ftal\u0101tus, toks\u012bnus<br \/>\nPiem\u0113rota sk\u0101biem un g\u0101z\u0113tiem dz\u0113rieniem<br \/>\nNesaglab\u0101 un neizdala arom\u0101tu<br \/>\nNenosv\u012bst, nerada kondens\u0101tu<br \/>\nNer\u016bs\u0113jo\u0161\u0101 t\u0113rauda kor\u0137\u012btis ar necaurlaid\u012bgu silikona aizdari<br \/>\nPlats atv\u0113rums ledus iepild\u012b\u0161anai un vienk\u0101r\u0161ai t\u012br\u012b\u0161anai<br \/>\nAtbilst lidostu dro\u0161\u012bbas nosac\u012bjumiem<br \/>\nIeteicams mazg\u0101t ar rok\u0101m<\/p>\n","protected":false},"excerpt":{"rendered":"<p style=\"text-align: center;\">Promenade ieved m\u016bsu ce\u013cojumu interjera dizaina pasaul\u0113, kur\u0101 industri\u0101l\u0101 stila noska\u0146as tiek smalki atspogu\u013cotas \u012bpa\u0161\u0101 tekst\u016br\u0101, kr\u0101sai un gaum\u012bgiem grafiskiem z\u012bm\u0113jumiem pie\u0161\u0137irot dizainaim unik\u0101lu valdzin\u0101jumu.<\/p>\n","protected":false},"featured_media":91097,"template":"","meta":{"_jet_sm_ready_style":"","_jet_sm_style":"","_jet_sm_controls_values":"","_jet_sm_fonts_collection":"","_jet_sm_fonts_links":""},"pwb-brand":[1251],"product_cat":[202,708,193,238],"product_tag":[],"class_list":{"0":"post-91129","1":"product","2":"type-product","3":"status-publish","4":"has-post-thumbnail","6":"pwb-brand-24bottles-lv","7":"product_cat-24bottles-lv","8":"product_cat-clima","9":"product_cat-davanas","10":"product_cat-zerowaste-lv","12":"first","13":"outofstock","14":"taxable","15":"shipping-taxable","16":"purchasable","17":"product-type-simple"},"raw_content":{"name":"24Bottles Clima 500ml Promenade","description":"<p style=\"text-align: left;\">Promenade ieved m\u016bsu ce\u013cojumu interjera dizaina pasaul\u0113, kur\u0101 industri\u0101l\u0101 stila noska\u0146as tiek smalki atspogu\u013cotas \u012bpa\u0161\u0101 tekst\u016br\u0101, kr\u0101sai un gaum\u012bgiem grafiskiem z\u012bm\u0113jumiem pie\u0161\u0137irot dizainaim unik\u0101lu valdzin\u0101jumu.\r\n\r\n\u012apa\u0161i nel\u012bdzen\u0101, necaursp\u012bd\u012bg\u0101 akmens apdare ir \u0101rk\u0101rt\u012bgi notur\u012bga un viegli satverama, pie\u0161\u0137irot stingr\u012bbu un \u013coti smalku, akmenim l\u012bdz\u012bgu tekst\u016bru.\r\n\r\nClima pudele uztur\u0113s j\u016bsu dz\u0113rienu aukstu 24 stundas, bet karstu \u2013 12 stundas. T\u0101 ir nesv\u012bsto\u0161a, bet t\u0101s izm\u0113rs ir teicami piem\u0113rots j\u016bsu ikdienas vajadz\u012bb\u0101m.\r\n\r\nAkmens apdare\r\n18\/8 p\u0101rtikas klases ner\u016bs\u0113jo\u0161ais t\u0113rauds\r\nUztur \u0161\u0137idrumu karstu 12 stundas, bet aukstu \u2013 24 stundas\r\nNesatur BPA, ftal\u0101tus, toks\u012bnus\r\nPiem\u0113rota sk\u0101biem un g\u0101z\u0113tiem dz\u0113rieniem\r\nNesaglab\u0101 un neizdala arom\u0101tu\r\nNenosv\u012bst, nerada kondens\u0101tu\r\nNer\u016bs\u0113jo\u0161\u0101 t\u0113rauda kor\u0137\u012btis ar necaurlaid\u012bgu silikona aizdari\r\nPlats atv\u0113rums ledus iepild\u012b\u0161anai un vienk\u0101r\u0161ai t\u012br\u012b\u0161anai\r\nAtbilst lidostu dro\u0161\u012bbas nosac\u012bjumiem\r\nIeteicams mazg\u0101t ar rok\u0101m<\/p>","short_description":"<p style=\"text-align: center;\">Promenade ieved m\u016bsu ce\u013cojumu interjera dizaina pasaul\u0113, kur\u0101 industri\u0101l\u0101 stila noska\u0146as tiek smalki atspogu\u013cotas \u012bpa\u0161\u0101 tekst\u016br\u0101, kr\u0101sai un gaum\u012bgiem grafiskiem z\u012bm\u0113jumiem pie\u0161\u0137irot dizainaim unik\u0101lu valdzin\u0101jumu.<\/p>","status":"publish","sku":"clima-promenade-500","original":91095},"wpml":{"translation_type":1,"has_translations":true,"original":91095,"duplicates":[],"translations":{"lv":91129,"en":91095}},"brands":[{"id":1251,"name":"24Bottles","slug":"24bottles-lv"}],"_links":{"self":[{"href":"https:\/\/m50.lv\/lv\/wp-json\/wp\/v2\/product\/91129","targetHints":{"allow":["GET"]}}],"collection":[{"href":"https:\/\/m50.lv\/lv\/wp-json\/wp\/v2\/product"}],"about":[{"href":"https:\/\/m50.lv\/lv\/wp-json\/wp\/v2\/types\/product"}],"version-history":[{"count":0,"href":"https:\/\/m50.lv\/lv\/wp-json\/wp\/v2\/product\/91129\/revisions"}],"wp:featuredmedia":[{"embeddable":true,"href":"https:\/\/m50.lv\/lv\/wp-json\/wp\/v2\/media\/91097"}],"wp:attachment":[{"href":"https:\/\/m50.lv\/lv\/wp-json\/wp\/v2\/media?parent=91129"}],"wp:term":[{"taxonomy":"pwb-brand","embeddable":true,"href":"https:\/\/m50.lv\/lv\/wp-json\/wp\/v2\/pwb-brand?post=91129"},{"taxonomy":"product_cat","embeddable":true,"href":"https:\/\/m50.lv\/lv\/wp-json\/wp\/v2\/product_cat?post=91129"},{"taxonomy":"product_tag","embeddable":true,"href":"https:\/\/m50.lv\/lv\/wp-json\/wp\/v2\/product_tag?post=91129"}],"curies":[{"name":"wp","href":"https:\/\/api.w.org\/{rel}","templated":true}]}}