{"id":92454,"date":"2020-12-15T20:30:22","date_gmt":"2020-12-15T18:30:22","guid":{"rendered":"https:\/\/m50.lv\/shop\/anima-stars-auskari-ezis\/"},"modified":"2021-12-20T17:53:18","modified_gmt":"2021-12-20T14:53:18","slug":"anima-stars-auskari-ezis","status":"publish","type":"product","link":"https:\/\/m50.lv\/lv\/product\/anima-stars-auskari-ezis\/","title":{"rendered":"Anima Stars Auskari Ezis"},"content":{"rendered":"<p style=\"text-align: left;\">Anima Stars &#8211; rotas, kas rad\u012btas ar mirdzo\u0161\u0101m ac\u012bm, v\u0113r\u012bgu roku darbu un m\u012blest\u012bbu pret dabas skaistumu. Daudzveid\u012bgums un \u012bstums ir svar\u012bga Anima Stars rotu iez\u012bme. T\u0101s mirdz ar savu unikalit\u0101ti, kvalit\u0101ti un formu t\u012br\u012bbu. Apsudrabota furnit\u016bra.<\/p>\n","protected":false},"excerpt":{"rendered":"<p style=\"text-align: center;\">Anima Stars &#8211; rotas, kas rad\u012btas ar mirdzo\u0161\u0101m ac\u012bm, v\u0113r\u012bgu roku darbu un m\u012blest\u012bbu pret dabas skaistumu.<\/p>\n","protected":false},"featured_media":92427,"template":"","meta":{"_jet_sm_ready_style":"","_jet_sm_style":"","_jet_sm_controls_values":"","_jet_sm_fonts_collection":"","_jet_sm_fonts_links":""},"pwb-brand":[1263],"product_cat":[101,686,198,105],"product_tag":[1396],"class_list":{"0":"post-92454","1":"product","2":"type-product","3":"status-publish","4":"has-post-thumbnail","6":"pwb-brand-anima-stars-lv","7":"product_cat-aksesuari","8":"product_cat-auskari","9":"product_cat-rotas","10":"product_cat-sievietem","11":"product_tag-zem20-lv","13":"first","14":"outofstock","15":"taxable","16":"shipping-taxable","17":"purchasable","18":"product-type-simple"},"raw_content":{"name":"Anima Stars Auskari Ezis","description":"<p style=\"text-align: left;\">Anima Stars - rotas, kas rad\u012btas ar mirdzo\u0161\u0101m ac\u012bm, v\u0113r\u012bgu roku darbu un m\u012blest\u012bbu pret dabas skaistumu. Daudzveid\u012bgums un \u012bstums ir svar\u012bga Anima Stars rotu iez\u012bme. T\u0101s mirdz ar savu unikalit\u0101ti, kvalit\u0101ti un formu t\u012br\u012bbu. Apsudrabota furnit\u016bra.<\/p>","short_description":"<p style=\"text-align: center;\">Anima Stars - rotas, kas rad\u012btas ar mirdzo\u0161\u0101m ac\u012bm, v\u0113r\u012bgu roku darbu un m\u012blest\u012bbu pret dabas skaistumu.<\/p>","status":"publish","sku":"GALAKT-2000000061252","original":92447},"wpml":{"translation_type":1,"has_translations":true,"original":92447,"duplicates":[],"translations":{"lv":92454,"en":92447}},"brands":[{"id":1263,"name":"Anima Stars","slug":"anima-stars-lv"}],"_links":{"self":[{"href":"https:\/\/m50.lv\/lv\/wp-json\/wp\/v2\/product\/92454","targetHints":{"allow":["GET"]}}],"collection":[{"href":"https:\/\/m50.lv\/lv\/wp-json\/wp\/v2\/product"}],"about":[{"href":"https:\/\/m50.lv\/lv\/wp-json\/wp\/v2\/types\/product"}],"version-history":[{"count":0,"href":"https:\/\/m50.lv\/lv\/wp-json\/wp\/v2\/product\/92454\/revisions"}],"wp:featuredmedia":[{"embeddable":true,"href":"https:\/\/m50.lv\/lv\/wp-json\/wp\/v2\/media\/92427"}],"wp:attachment":[{"href":"https:\/\/m50.lv\/lv\/wp-json\/wp\/v2\/media?parent=92454"}],"wp:term":[{"taxonomy":"pwb-brand","embeddable":true,"href":"https:\/\/m50.lv\/lv\/wp-json\/wp\/v2\/pwb-brand?post=92454"},{"taxonomy":"product_cat","embeddable":true,"href":"https:\/\/m50.lv\/lv\/wp-json\/wp\/v2\/product_cat?post=92454"},{"taxonomy":"product_tag","embeddable":true,"href":"https:\/\/m50.lv\/lv\/wp-json\/wp\/v2\/product_tag?post=92454"}],"curies":[{"name":"wp","href":"https:\/\/api.w.org\/{rel}","templated":true}]}}