{"id":92587,"date":"2020-12-18T09:07:29","date_gmt":"2020-12-18T07:07:29","guid":{"rendered":"https:\/\/m50.lv\/shop\/didzis-jonovs-laimigas-kartis-zilas\/"},"modified":"2025-11-23T18:32:42","modified_gmt":"2025-11-23T16:32:42","slug":"didzis-jonovs-laimigas-kartis-zilas","status":"publish","type":"product","link":"https:\/\/m50.lv\/lv\/product\/didzis-jonovs-laimigas-kartis-zilas\/","title":{"rendered":"Didzis Jonovs LAIM\u012aG\u0100S K\u0100RTIS Zilas"},"content":{"rendered":"<p style=\"text-align: left;\">LAIM\u012aG\u0100S K\u0100RTIS.<\/p>\n<p style=\"text-align: left;\">Sarkanzilais izdevums.<\/p>\n<p style=\"text-align: left;\">\u0160aj\u0101 kav\u0101 ir 36 k\u0101rtis. Katra no t\u0101m ir k\u0101 labv\u0113l\u012bgs sarunbiedrs. Tas Tevi nev\u0113rt\u0113, neuzb\u0101\u017eas un izteiks savas domas tikai tad, ja Tu to v\u0113l\u0113sies.<\/p>\n<p style=\"text-align: left;\">Padom\u0101 par sev svar\u012bgo, izvelc k\u0101rti un pacenties saklaus\u012bt k\u0101rt\u012b rakst\u012bt\u0101 teksta b\u016bt\u012bbu. \u0160\u012bs k\u0101rtis \u013caus uz Tev aktu\u0101lajiem jaut\u0101jumiem pal\u016bkoties no cita, visnota\u013c pozit\u012bva skatpunkta, uzmundrin\u0101s vai sniegs ieteikumu, k\u0101 dz\u012bvot laim\u012bg\u0101k.<\/p>\n<p style=\"text-align: left;\">Katras k\u0101rts labv\u0113l\u012bg\u0101 j\u0113ga ir nostiprin\u0101ta ar seno ma\u0123isko z\u012bmju (r\u016bnu) kodu. \u0160is, zili sarkanaj\u0101s kr\u0101s\u0101s dizain\u0113tais, ir otrais \u201cLaim\u012bgo k\u0101r\u0161u\u201d izdevums.<\/p>\n<p style=\"text-align: left;\">To vari lietot kop\u0101 vai neatkar\u012bgi no pirm\u0101 (dzelteni za\u013c\u0101) izdevuma. Cie\u0146\u0101, Didzis.<\/p>\n","protected":false},"excerpt":{"rendered":"<p style=\"text-align: center;\">LAIM\u012aG\u0100S K\u0100RTIS.<\/p>\n","protected":false},"featured_media":92583,"template":"","meta":{"_jet_sm_ready_style":"","_jet_sm_style":"","_jet_sm_controls_values":"","_jet_sm_fonts_collection":"","_jet_sm_fonts_links":""},"pwb-brand":[1265],"product_cat":[193,109,105,1195,103],"product_tag":[],"class_list":{"0":"post-92587","1":"product","2":"type-product","3":"status-publish","4":"has-post-thumbnail","6":"pwb-brand-didzis-jonovs-lv","7":"product_cat-davanas","8":"product_cat-gramatas","9":"product_cat-sievietem","10":"product_cat-speles-un-kartis","11":"product_cat-viriesiem","13":"first","14":"instock","15":"taxable","16":"shipping-taxable","17":"purchasable","18":"product-type-simple"},"raw_content":{"name":"Didzis Jonovs LAIM\u012aG\u0100S K\u0100RTIS Zilas","description":"<p style=\"text-align: left;\">LAIM\u012aG\u0100S K\u0100RTIS.<\/p>\r\n<p style=\"text-align: left;\">Sarkanzilais izdevums.<\/p>\r\n<p style=\"text-align: left;\">\u0160aj\u0101 kav\u0101 ir 36 k\u0101rtis. Katra no t\u0101m ir k\u0101 labv\u0113l\u012bgs sarunbiedrs. Tas Tevi nev\u0113rt\u0113, neuzb\u0101\u017eas un izteiks savas domas tikai tad, ja Tu to v\u0113l\u0113sies.<\/p>\r\n<p style=\"text-align: left;\">Padom\u0101 par sev svar\u012bgo, izvelc k\u0101rti un pacenties saklaus\u012bt k\u0101rt\u012b rakst\u012bt\u0101 teksta b\u016bt\u012bbu. \u0160\u012bs k\u0101rtis \u013caus uz Tev aktu\u0101lajiem jaut\u0101jumiem pal\u016bkoties no cita, visnota\u013c pozit\u012bva skatpunkta, uzmundrin\u0101s vai sniegs ieteikumu, k\u0101 dz\u012bvot laim\u012bg\u0101k.<\/p>\r\n<p style=\"text-align: left;\">Katras k\u0101rts labv\u0113l\u012bg\u0101 j\u0113ga ir nostiprin\u0101ta ar seno ma\u0123isko z\u012bmju (r\u016bnu) kodu. \u0160is, zili sarkanaj\u0101s kr\u0101s\u0101s dizain\u0113tais, ir otrais \u201cLaim\u012bgo k\u0101r\u0161u\u201d izdevums.<\/p>\r\n<p style=\"text-align: left;\">To vari lietot kop\u0101 vai neatkar\u012bgi no pirm\u0101 (dzelteni za\u013c\u0101) izdevuma. Cie\u0146\u0101, Didzis.<\/p>","short_description":"<p style=\"text-align: center;\">LAIM\u012aG\u0100S K\u0100RTIS.<\/p>","status":"publish","sku":"laimigaskartis-zilas","original":92567},"wpml":{"translation_type":1,"has_translations":true,"original":92567,"duplicates":[],"translations":{"lv":92587,"en":92567}},"brands":[{"id":1265,"name":"Didzis Jonovs","slug":"didzis-jonovs-lv"}],"_links":{"self":[{"href":"https:\/\/m50.lv\/lv\/wp-json\/wp\/v2\/product\/92587","targetHints":{"allow":["GET"]}}],"collection":[{"href":"https:\/\/m50.lv\/lv\/wp-json\/wp\/v2\/product"}],"about":[{"href":"https:\/\/m50.lv\/lv\/wp-json\/wp\/v2\/types\/product"}],"version-history":[{"count":0,"href":"https:\/\/m50.lv\/lv\/wp-json\/wp\/v2\/product\/92587\/revisions"}],"wp:featuredmedia":[{"embeddable":true,"href":"https:\/\/m50.lv\/lv\/wp-json\/wp\/v2\/media\/92583"}],"wp:attachment":[{"href":"https:\/\/m50.lv\/lv\/wp-json\/wp\/v2\/media?parent=92587"}],"wp:term":[{"taxonomy":"pwb-brand","embeddable":true,"href":"https:\/\/m50.lv\/lv\/wp-json\/wp\/v2\/pwb-brand?post=92587"},{"taxonomy":"product_cat","embeddable":true,"href":"https:\/\/m50.lv\/lv\/wp-json\/wp\/v2\/product_cat?post=92587"},{"taxonomy":"product_tag","embeddable":true,"href":"https:\/\/m50.lv\/lv\/wp-json\/wp\/v2\/product_tag?post=92587"}],"curies":[{"name":"wp","href":"https:\/\/api.w.org\/{rel}","templated":true}]}}