{"id":92588,"date":"2020-12-18T09:11:16","date_gmt":"2020-12-18T07:11:16","guid":{"rendered":"https:\/\/m50.lv\/shop\/didzis-jonovs-laimigas-kartis-dzeltenas\/"},"modified":"2026-04-06T08:46:18","modified_gmt":"2026-04-06T06:46:18","slug":"didzis-jonovs-laimigas-kartis-dzeltenas","status":"publish","type":"product","link":"https:\/\/m50.lv\/lv\/product\/didzis-jonovs-laimigas-kartis-dzeltenas\/","title":{"rendered":"Didzis Jonovs LAIM\u012aG\u0100S K\u0100RTIS Dzeltenas"},"content":{"rendered":"<p style=\"text-align: left;\">\u0160aj\u0101 kav\u0101 ir 36 k\u0101rtis.<\/p>\n<p>Katr\u0101 no t\u0101m atrad\u012bsiet v\u0113rt\u012bgu, uzmundrino\u0161u un visnota\u013c pozit\u012bvu ieteikumu, k\u0101 dz\u012bvot t\u0101l\u0101k. K\u0101rtis noder\u0113s dz\u012bves pi\u0146\u0137er\u012bgaj\u0101s situ\u0101cij\u0101s, t\u0101s var las\u012bt k\u0101 domugraudu kr\u0101jumu vai lietot p\u0113c nejau\u0161\u012bbas principa, izvelkot no kavas k\u0101rti, lai uzzin\u0101tu atbildi uz jaut\u0101jumu &#8220;Ko dar\u012bt&#8221;?. Katras k\u0101rts ezoterisk\u0101 j\u0113ga ir iez\u012bm\u0113ta un nostiprin\u0101ta ar unik\u0101lu seno ma\u0123isko z\u012bmju (r\u016bnu) kodu. \u013boti iesp\u0113jams, ka k\u0101rt\u012bs rakst\u012btais jums liksies tr\u0101p\u012bgs un aspr\u0101t\u012bgs pamudin\u0101jums dz\u012bvot laim\u012bgi.<\/p>\n","protected":false},"excerpt":{"rendered":"<p style=\"text-align: center;\">\u0160aj\u0101 kav\u0101 ir 36 k\u0101rtis. Katr\u0101 no t\u0101m atrad\u012bsiet v\u0113rt\u012bgu, uzmundrino\u0161u un visnota\u013c pozit\u012bvu ieteikumu, k\u0101 dz\u012bvot t\u0101l\u0101k.<\/p>\n","protected":false},"featured_media":92579,"template":"","meta":{"_jet_sm_ready_style":"","_jet_sm_style":"","_jet_sm_controls_values":"","_jet_sm_fonts_collection":"","_jet_sm_fonts_links":""},"pwb-brand":[1265],"product_cat":[193,109,105,1195,103],"product_tag":[],"class_list":["post-92588","product","type-product","status-publish","has-post-thumbnail","pwb-brand-didzis-jonovs-lv","product_cat-davanas","product_cat-gramatas","product_cat-sievietem","product_cat-speles-un-kartis","product_cat-viriesiem","first","instock","taxable","shipping-taxable","purchasable","product-type-simple"],"raw_content":{"name":"Didzis Jonovs LAIM\u012aG\u0100S K\u0100RTIS Dzeltenas","description":"<p style=\"text-align: left;\">\u0160aj\u0101 kav\u0101 ir 36 k\u0101rtis.\r\n\r\nKatr\u0101 no t\u0101m atrad\u012bsiet v\u0113rt\u012bgu, uzmundrino\u0161u un visnota\u013c pozit\u012bvu ieteikumu, k\u0101 dz\u012bvot t\u0101l\u0101k. K\u0101rtis noder\u0113s dz\u012bves pi\u0146\u0137er\u012bgaj\u0101s situ\u0101cij\u0101s, t\u0101s var las\u012bt k\u0101 domugraudu kr\u0101jumu vai lietot p\u0113c nejau\u0161\u012bbas principa, izvelkot no kavas k\u0101rti, lai uzzin\u0101tu atbildi uz jaut\u0101jumu \"Ko dar\u012bt\"?. Katras k\u0101rts ezoterisk\u0101 j\u0113ga ir iez\u012bm\u0113ta un nostiprin\u0101ta ar unik\u0101lu seno ma\u0123isko z\u012bmju (r\u016bnu) kodu. \u013boti iesp\u0113jams, ka k\u0101rt\u012bs rakst\u012btais jums liksies tr\u0101p\u012bgs un aspr\u0101t\u012bgs pamudin\u0101jums dz\u012bvot laim\u012bgi.<\/p>","short_description":"<p style=\"text-align: center;\">\u0160aj\u0101 kav\u0101 ir 36 k\u0101rtis. Katr\u0101 no t\u0101m atrad\u012bsiet v\u0113rt\u012bgu, uzmundrino\u0161u un visnota\u013c pozit\u012bvu ieteikumu, k\u0101 dz\u012bvot t\u0101l\u0101k.<\/p>","status":"publish","sku":"LAIM\u012aG\u0100S-K\u0100RTIS","original":92586},"wpml":{"translation_type":1,"has_translations":true,"original":92586,"duplicates":[],"translations":{"lv":92588,"en":92586}},"brands":[{"id":1265,"name":"Didzis Jonovs","slug":"didzis-jonovs-lv"}],"_links":{"self":[{"href":"https:\/\/m50.lv\/lv\/wp-json\/wp\/v2\/product\/92588","targetHints":{"allow":["GET"]}}],"collection":[{"href":"https:\/\/m50.lv\/lv\/wp-json\/wp\/v2\/product"}],"about":[{"href":"https:\/\/m50.lv\/lv\/wp-json\/wp\/v2\/types\/product"}],"version-history":[{"count":0,"href":"https:\/\/m50.lv\/lv\/wp-json\/wp\/v2\/product\/92588\/revisions"}],"wp:featuredmedia":[{"embeddable":true,"href":"https:\/\/m50.lv\/lv\/wp-json\/wp\/v2\/media\/92579"}],"wp:attachment":[{"href":"https:\/\/m50.lv\/lv\/wp-json\/wp\/v2\/media?parent=92588"}],"wp:term":[{"taxonomy":"pwb-brand","embeddable":true,"href":"https:\/\/m50.lv\/lv\/wp-json\/wp\/v2\/pwb-brand?post=92588"},{"taxonomy":"product_cat","embeddable":true,"href":"https:\/\/m50.lv\/lv\/wp-json\/wp\/v2\/product_cat?post=92588"},{"taxonomy":"product_tag","embeddable":true,"href":"https:\/\/m50.lv\/lv\/wp-json\/wp\/v2\/product_tag?post=92588"}],"curies":[{"name":"wp","href":"https:\/\/api.w.org\/{rel}","templated":true}]}}