{"id":93217,"date":"2020-12-27T19:45:40","date_gmt":"2020-12-27T17:45:40","guid":{"rendered":"https:\/\/m50.lv\/shop\/m50-legingi-olivzali\/"},"modified":"2026-02-23T14:43:25","modified_gmt":"2026-02-23T12:43:25","slug":"m50-legingi-olivzali","status":"publish","type":"product","link":"https:\/\/m50.lv\/lv\/product\/m50-legingi-olivzali\/","title":{"rendered":"M50 Legingi Haki"},"content":{"rendered":"<p style=\"text-align: left;\">Skaista kr\u0101su gamma, saskan ar krekli\u0146iem no M50 Basic kolekcijas!<\/p>\n<p style=\"text-align: left;\">Dubulta josta, piegrieztne bez s\u0101nu v\u012bles.<br \/>\nMateri\u0101ls: 92% vikoze, 8% elast\u0101ns.<\/p>\n","protected":false},"excerpt":{"rendered":"<p style=\"text-align: center;\">Lieliski legingi ikdienai un sportam! Kombin\u0113 ar d\u017eemper\u012bti vai m\u012b\u013c\u0101ko kleitu! Pa\u0161as valk\u0101jam, un citiem Silti Iesak\u0101m!<\/p>\n","protected":false},"featured_media":186520,"template":"","meta":{"_jet_sm_ready_style":"","_jet_sm_style":"","_jet_sm_controls_values":"","_jet_sm_fonts_collection":"","_jet_sm_fonts_links":""},"pwb-brand":[1249],"product_cat":[102,664,736,733,1306,105],"product_tag":[1474,850],"class_list":["post-93217","product","type-product","status-publish","has-post-thumbnail","pwb-brand-m50-lv","product_cat-apgerbs","product_cat-bikses","product_cat-legingi","product_cat-m50","product_cat-second-skin-lv","product_cat-sievietem","product_tag-gifts-under-20e","product_tag-second-skin-lv","first","instock","taxable","shipping-taxable","purchasable","product-type-variable"],"raw_content":{"name":"M50 Legingi Haki","description":"<p style=\"text-align: left;\">Skaista kr\u0101su gamma, saskan ar krekli\u0146iem no M50 Basic kolekcijas!<\/p>\r\n<p style=\"text-align: left;\">Dubulta josta, piegrieztne bez s\u0101nu v\u012bles.\r\nMateri\u0101ls: 92% vikoze, 8% elast\u0101ns.<\/p>","short_description":"<p style=\"text-align: center;\">Lieliski legingi ikdienai un sportam! Kombin\u0113 ar d\u017eemper\u012bti vai m\u012b\u013c\u0101ko kleitu! Pa\u0161as valk\u0101jam, un citiem Silti Iesak\u0101m!<\/p>","status":"publish","sku":"M50KokvilnasLegingiOlivzali","original":93201},"wpml":{"translation_type":1,"has_translations":true,"original":93201,"duplicates":[],"translations":{"lv":93217,"en":93201}},"brands":[{"id":1249,"name":"M50","slug":"m50-lv"}],"_links":{"self":[{"href":"https:\/\/m50.lv\/lv\/wp-json\/wp\/v2\/product\/93217","targetHints":{"allow":["GET"]}}],"collection":[{"href":"https:\/\/m50.lv\/lv\/wp-json\/wp\/v2\/product"}],"about":[{"href":"https:\/\/m50.lv\/lv\/wp-json\/wp\/v2\/types\/product"}],"version-history":[{"count":0,"href":"https:\/\/m50.lv\/lv\/wp-json\/wp\/v2\/product\/93217\/revisions"}],"wp:featuredmedia":[{"embeddable":true,"href":"https:\/\/m50.lv\/lv\/wp-json\/wp\/v2\/media\/186520"}],"wp:attachment":[{"href":"https:\/\/m50.lv\/lv\/wp-json\/wp\/v2\/media?parent=93217"}],"wp:term":[{"taxonomy":"pwb-brand","embeddable":true,"href":"https:\/\/m50.lv\/lv\/wp-json\/wp\/v2\/pwb-brand?post=93217"},{"taxonomy":"product_cat","embeddable":true,"href":"https:\/\/m50.lv\/lv\/wp-json\/wp\/v2\/product_cat?post=93217"},{"taxonomy":"product_tag","embeddable":true,"href":"https:\/\/m50.lv\/lv\/wp-json\/wp\/v2\/product_tag?post=93217"}],"curies":[{"name":"wp","href":"https:\/\/api.w.org\/{rel}","templated":true}]}}