{"id":93525,"date":"2021-01-04T21:31:41","date_gmt":"2021-01-04T19:31:41","guid":{"rendered":"https:\/\/m50.lv\/shop\/24bottles-pudelu-rokturis-gaisi-zils\/"},"modified":"2021-02-22T13:32:58","modified_gmt":"2021-02-22T10:32:58","slug":"24bottles-pudelu-rokturis-gaisi-zils","status":"publish","type":"product","link":"https:\/\/m50.lv\/lv\/product\/24bottles-pudelu-rokturis-gaisi-zils\/","title":{"rendered":"24Bottles Pude\u013cu Rokturis Gai\u0161i Zils"},"content":{"rendered":"<p>Pude\u013cu rokturis ir 24Bottles noder\u012bg\u0101kais aksesu\u0101rs &#8211; \u0113rt\u0101kais un stil\u012bg\u0101kais risin\u0101jums pude\u013cu p\u0101rvieto\u0161anai ikdien\u0101.<\/p>\n<p>Pateicoties \u0101rk\u0101rt\u012bgai elast\u012bbai, pude\u013cu stiprin\u0101jums nekad nedeform\u0113jas un neplais\u0101 neatkar\u012bgi no loc\u012b\u0161anas veida.<br \/>\nAplieciet to ap 24Bottles kaklu, lai to stingri tur\u0113tu un n\u0113s\u0101tu \u016bdens pudeli stil\u012bgi &#8211; piestiprin\u0101tu pie somas vai bik\u0161u cilpas.<\/p>\n","protected":false},"excerpt":{"rendered":"<p style=\"text-align: center;\">Pude\u013cu rokturis ir 24Bottles noder\u012bg\u0101kais aksesu\u0101rs &#8211; \u0113rt\u0101kais un stil\u012bg\u0101kais risin\u0101jums pude\u013cu p\u0101rvieto\u0161anai ikdien\u0101.<\/p>\n","protected":false},"featured_media":93466,"template":"","meta":{"_jet_sm_ready_style":"","_jet_sm_style":"","_jet_sm_controls_values":"","_jet_sm_fonts_collection":"","_jet_sm_fonts_links":""},"pwb-brand":[1251],"product_cat":[202,193,707,105,103,238],"product_tag":[1474],"class_list":{"0":"post-93525","1":"product","2":"type-product","3":"status-publish","4":"has-post-thumbnail","6":"pwb-brand-24bottles-lv","7":"product_cat-24bottles-lv","8":"product_cat-davanas","9":"product_cat-aksesuari-lv","10":"product_cat-sievietem","11":"product_cat-viriesiem","12":"product_cat-zerowaste-lv","13":"product_tag-gifts-under-20e","15":"first","16":"outofstock","17":"taxable","18":"shipping-taxable","19":"purchasable","20":"product-type-simple"},"raw_content":{"name":"24Bottles Pude\u013cu Rokturis Gai\u0161i Zils","description":"Pude\u013cu rokturis ir 24Bottles noder\u012bg\u0101kais aksesu\u0101rs - \u0113rt\u0101kais un stil\u012bg\u0101kais risin\u0101jums pude\u013cu p\u0101rvieto\u0161anai ikdien\u0101.\r\n\r\nPateicoties \u0101rk\u0101rt\u012bgai elast\u012bbai, pude\u013cu stiprin\u0101jums nekad nedeform\u0113jas un neplais\u0101 neatkar\u012bgi no loc\u012b\u0161anas veida.\r\nAplieciet to ap 24Bottles kaklu, lai to stingri tur\u0113tu un n\u0113s\u0101tu \u016bdens pudeli stil\u012bgi - piestiprin\u0101tu pie somas vai bik\u0161u cilpas.","short_description":"<p style=\"text-align: center;\">Pude\u013cu rokturis ir 24Bottles noder\u012bg\u0101kais aksesu\u0101rs - \u0113rt\u0101kais un stil\u012bg\u0101kais risin\u0101jums pude\u013cu p\u0101rvieto\u0161anai ikdien\u0101.<\/p>","status":"publish","sku":"24bottle-tie-blue","original":93508},"wpml":{"translation_type":1,"has_translations":true,"original":93508,"duplicates":[],"translations":{"lv":93525,"en":93508}},"brands":[{"id":1251,"name":"24Bottles","slug":"24bottles-lv"}],"_links":{"self":[{"href":"https:\/\/m50.lv\/lv\/wp-json\/wp\/v2\/product\/93525","targetHints":{"allow":["GET"]}}],"collection":[{"href":"https:\/\/m50.lv\/lv\/wp-json\/wp\/v2\/product"}],"about":[{"href":"https:\/\/m50.lv\/lv\/wp-json\/wp\/v2\/types\/product"}],"version-history":[{"count":0,"href":"https:\/\/m50.lv\/lv\/wp-json\/wp\/v2\/product\/93525\/revisions"}],"wp:featuredmedia":[{"embeddable":true,"href":"https:\/\/m50.lv\/lv\/wp-json\/wp\/v2\/media\/93466"}],"wp:attachment":[{"href":"https:\/\/m50.lv\/lv\/wp-json\/wp\/v2\/media?parent=93525"}],"wp:term":[{"taxonomy":"pwb-brand","embeddable":true,"href":"https:\/\/m50.lv\/lv\/wp-json\/wp\/v2\/pwb-brand?post=93525"},{"taxonomy":"product_cat","embeddable":true,"href":"https:\/\/m50.lv\/lv\/wp-json\/wp\/v2\/product_cat?post=93525"},{"taxonomy":"product_tag","embeddable":true,"href":"https:\/\/m50.lv\/lv\/wp-json\/wp\/v2\/product_tag?post=93525"}],"curies":[{"name":"wp","href":"https:\/\/api.w.org\/{rel}","templated":true}]}}