{"id":93587,"date":"2021-01-05T16:18:52","date_gmt":"2021-01-05T14:18:52","guid":{"rendered":"https:\/\/m50.lv\/shop\/24bottles-clima-vacins-uzlejumiem-dzeltens\/"},"modified":"2021-04-27T20:52:11","modified_gmt":"2021-04-27T17:52:11","slug":"24bottles-clima-vacins-uzlejumiem-dzeltens","status":"publish","type":"product","link":"https:\/\/m50.lv\/lv\/product\/24bottles-clima-vacins-uzlejumiem-dzeltens\/","title":{"rendered":"24Bottles Clima V\u0101ci\u0146\u0161 uzl\u0113jumiem Dzeltens"},"content":{"rendered":"<p>Skaisti izstr\u0101d\u0101ts Clima pudeles piederums, kas \u013caus pagatavot gardus, bag\u0101t\u012bgus uzl\u0113jumus l\u012bdz\u0146em\u0161anai.<\/p>\n<p>Uzl\u0113juma v\u0101ci\u0146\u0161 ir teicami piem\u0113rots t\u0113jai, \u016bdens uzl\u0113jumiem, nov\u0101r\u012bjumiem, z\u0101\u013cu un augu t\u0113j\u0101m.<\/p>\n<p>Necaurlaid\u012bgs un dro\u0161s ar karsumiztur\u012bgu satver\u0161anas vietu.<br \/>\n\u2022 Necaurlaid\u012bga silikona aizdare<br \/>\n\u2022 Karstumiztur\u012bga satver\u0161anas vieta<br \/>\n\u2022 Ner\u016bs\u0113jo\u0161a t\u0113rauda korpuss<br \/>\n\u2022 Atverams ar vienu griezienu<br \/>\n\u2022 Uzl\u0113juma tvertne un sieti\u0146\u0161<br \/>\n\u2022 Aukstiem un karstiem uzl\u0113jumiem<br \/>\n\u2022 Der visu izm\u0113ru Clima un Urban pudel\u0113m<br \/>\n\u2022 Plats atv\u0113rums vieglai uzpildei<\/p>\n","protected":false},"excerpt":{"rendered":"<p style=\"text-align: center;\">Skaisti izstr\u0101d\u0101ts Clima pudeles piederums, kas \u013caus pagatavot gardus, bag\u0101t\u012bgus uzl\u0113jumus l\u012bdz\u0146em\u0161anai.<\/p>\n","protected":false},"featured_media":93500,"template":"","meta":{"_jet_sm_ready_style":"","_jet_sm_style":"","_jet_sm_controls_values":"","_jet_sm_fonts_collection":"","_jet_sm_fonts_links":""},"pwb-brand":[1251],"product_cat":[202,193,707,105,103,238],"product_tag":[1396],"class_list":{"0":"post-93587","1":"product","2":"type-product","3":"status-publish","4":"has-post-thumbnail","6":"pwb-brand-24bottles-lv","7":"product_cat-24bottles-lv","8":"product_cat-davanas","9":"product_cat-aksesuari-lv","10":"product_cat-sievietem","11":"product_cat-viriesiem","12":"product_cat-zerowaste-lv","13":"product_tag-zem20-lv","15":"first","16":"outofstock","17":"taxable","18":"shipping-taxable","19":"purchasable","20":"product-type-simple"},"raw_content":{"name":"24Bottles Clima V\u0101ci\u0146\u0161 uzl\u0113jumiem Dzeltens","description":"Skaisti izstr\u0101d\u0101ts Clima pudeles piederums, kas \u013caus pagatavot gardus, bag\u0101t\u012bgus uzl\u0113jumus l\u012bdz\u0146em\u0161anai.\r\n\r\nUzl\u0113juma v\u0101ci\u0146\u0161 ir teicami piem\u0113rots t\u0113jai, \u016bdens uzl\u0113jumiem, nov\u0101r\u012bjumiem, z\u0101\u013cu un augu t\u0113j\u0101m.\r\n\r\nNecaurlaid\u012bgs un dro\u0161s ar karsumiztur\u012bgu satver\u0161anas vietu.\r\n\u2022 Necaurlaid\u012bga silikona aizdare\r\n\u2022 Karstumiztur\u012bga satver\u0161anas vieta\r\n\u2022 Ner\u016bs\u0113jo\u0161a t\u0113rauda korpuss\r\n\u2022 Atverams ar vienu griezienu\r\n\u2022 Uzl\u0113juma tvertne un sieti\u0146\u0161\r\n\u2022 Aukstiem un karstiem uzl\u0113jumiem\r\n\u2022 Der visu izm\u0113ru Clima un Urban pudel\u0113m\r\n\u2022 Plats atv\u0113rums vieglai uzpildei","short_description":"<p style=\"text-align: center;\">Skaisti izstr\u0101d\u0101ts Clima pudeles piederums, kas \u013caus pagatavot gardus, bag\u0101t\u012bgus uzl\u0113jumus l\u012bdz\u0146em\u0161anai.<\/p>","status":"publish","sku":"infuser-lid-yellow","original":93574},"wpml":{"translation_type":1,"has_translations":true,"original":93574,"duplicates":[],"translations":{"lv":93587,"en":93574}},"brands":[{"id":1251,"name":"24Bottles","slug":"24bottles-lv"}],"_links":{"self":[{"href":"https:\/\/m50.lv\/lv\/wp-json\/wp\/v2\/product\/93587","targetHints":{"allow":["GET"]}}],"collection":[{"href":"https:\/\/m50.lv\/lv\/wp-json\/wp\/v2\/product"}],"about":[{"href":"https:\/\/m50.lv\/lv\/wp-json\/wp\/v2\/types\/product"}],"version-history":[{"count":0,"href":"https:\/\/m50.lv\/lv\/wp-json\/wp\/v2\/product\/93587\/revisions"}],"wp:featuredmedia":[{"embeddable":true,"href":"https:\/\/m50.lv\/lv\/wp-json\/wp\/v2\/media\/93500"}],"wp:attachment":[{"href":"https:\/\/m50.lv\/lv\/wp-json\/wp\/v2\/media?parent=93587"}],"wp:term":[{"taxonomy":"pwb-brand","embeddable":true,"href":"https:\/\/m50.lv\/lv\/wp-json\/wp\/v2\/pwb-brand?post=93587"},{"taxonomy":"product_cat","embeddable":true,"href":"https:\/\/m50.lv\/lv\/wp-json\/wp\/v2\/product_cat?post=93587"},{"taxonomy":"product_tag","embeddable":true,"href":"https:\/\/m50.lv\/lv\/wp-json\/wp\/v2\/product_tag?post=93587"}],"curies":[{"name":"wp","href":"https:\/\/api.w.org\/{rel}","templated":true}]}}