{"id":93862,"date":"2021-01-10T21:19:01","date_gmt":"2021-01-10T19:19:01","guid":{"rendered":"https:\/\/m50.lv\/shop\/penalis-ar-zimuliem-varoniem-zils\/"},"modified":"2021-04-27T20:54:59","modified_gmt":"2021-04-27T17:54:59","slug":"penalis-ar-zimuliem-varoniem-zils","status":"publish","type":"product","link":"https:\/\/m50.lv\/lv\/product\/penalis-ar-zimuliem-varoniem-zils\/","title":{"rendered":"Pen\u0101lis ar z\u012bmu\u013ciem Varo\u0146iem Zils"},"content":{"rendered":"<p style=\"text-align: left;\">M\u016bsu jauki noform\u0113tais z\u012bmu\u013cu pen\u0101lis ir no augstas kvalit\u0101tes m\u0101ksl\u012bg\u0101s \u0101das. Tas ietver 10 kr\u0101su z\u012bmu\u013cus, vienu graf\u012bta z\u012bmuli, line\u0101lu, dz\u0113\u0161gumiju un z\u012bmu\u013cu asin\u0101taju.<\/p>\n","protected":false},"excerpt":{"rendered":"<p style=\"text-align: center;\">M\u016bsu jauki noform\u0113tais z\u012bmu\u013cu pen\u0101lis ir no augstas kvalit\u0101tes m\u0101ksl\u012bg\u0101s \u0101das. Tas ietver 10 kr\u0101su z\u012bmu\u013cus, vienu graf\u012bta z\u012bmuli, line\u0101lu, dz\u0113\u0161gumiju un z\u012bmu\u013cu asin\u0101taju.<\/p>\n","protected":false},"featured_media":169244,"template":"","meta":{"_jet_sm_ready_style":"","_jet_sm_style":"","_jet_sm_controls_values":"","_jet_sm_fonts_collection":"","_jet_sm_fonts_links":""},"pwb-brand":[1262],"product_cat":[193,105,103],"product_tag":[1415],"class_list":{"0":"post-93862","1":"product","2":"type-product","3":"status-publish","4":"has-post-thumbnail","6":"pwb-brand-printworks-lv","7":"product_cat-davanas","8":"product_cat-sievietem","9":"product_cat-viriesiem","10":"product_tag-atlaides","12":"first","13":"instock","14":"sale","15":"taxable","16":"shipping-taxable","17":"purchasable","18":"product-type-simple"},"raw_content":{"name":"Pen\u0101lis ar z\u012bmu\u013ciem Varo\u0146iem Zils","description":"<p style=\"text-align: left;\">M\u016bsu jauki noform\u0113tais z\u012bmu\u013cu pen\u0101lis ir no augstas kvalit\u0101tes m\u0101ksl\u012bg\u0101s \u0101das. Tas ietver 10 kr\u0101su z\u012bmu\u013cus, vienu graf\u012bta z\u012bmuli, line\u0101lu, dz\u0113\u0161gumiju un z\u012bmu\u013cu asin\u0101taju.<\/p>","short_description":"<p style=\"text-align: center;\">M\u016bsu jauki noform\u0113tais z\u012bmu\u013cu pen\u0101lis ir no augstas kvalit\u0101tes m\u0101ksl\u012bg\u0101s \u0101das. Tas ietver 10 kr\u0101su z\u012bmu\u013cus, vienu graf\u012bta z\u012bmuli, line\u0101lu, dz\u0113\u0161gumiju un z\u012bmu\u013cu asin\u0101taju.<\/p>","status":"publish","sku":"PW00092","original":93853},"wpml":{"translation_type":1,"has_translations":true,"original":93853,"duplicates":[],"translations":{"lv":93862,"en":93853}},"brands":[{"id":1262,"name":"PRINTWORKS","slug":"printworks-lv"}],"_links":{"self":[{"href":"https:\/\/m50.lv\/lv\/wp-json\/wp\/v2\/product\/93862","targetHints":{"allow":["GET"]}}],"collection":[{"href":"https:\/\/m50.lv\/lv\/wp-json\/wp\/v2\/product"}],"about":[{"href":"https:\/\/m50.lv\/lv\/wp-json\/wp\/v2\/types\/product"}],"version-history":[{"count":0,"href":"https:\/\/m50.lv\/lv\/wp-json\/wp\/v2\/product\/93862\/revisions"}],"wp:featuredmedia":[{"embeddable":true,"href":"https:\/\/m50.lv\/lv\/wp-json\/wp\/v2\/media\/169244"}],"wp:attachment":[{"href":"https:\/\/m50.lv\/lv\/wp-json\/wp\/v2\/media?parent=93862"}],"wp:term":[{"taxonomy":"pwb-brand","embeddable":true,"href":"https:\/\/m50.lv\/lv\/wp-json\/wp\/v2\/pwb-brand?post=93862"},{"taxonomy":"product_cat","embeddable":true,"href":"https:\/\/m50.lv\/lv\/wp-json\/wp\/v2\/product_cat?post=93862"},{"taxonomy":"product_tag","embeddable":true,"href":"https:\/\/m50.lv\/lv\/wp-json\/wp\/v2\/product_tag?post=93862"}],"curies":[{"name":"wp","href":"https:\/\/api.w.org\/{rel}","templated":true}]}}