{"id":94561,"date":"2021-01-18T23:59:48","date_gmt":"2021-01-18T21:59:48","guid":{"rendered":"https:\/\/m50.lv\/shop\/seik-surstromming-konserveto-zivju-zekes-navzivju-izmeri-36-40-sieviesu\/"},"modified":"2023-10-19T14:26:55","modified_gmt":"2023-10-19T12:26:55","slug":"seik-surstromming-konserveto-zivju-zekes-navzivju-izmeri-36-40-sieviesu","status":"publish","type":"product","link":"https:\/\/m50.lv\/lv\/product\/seik-surstromming-konserveto-zivju-zekes-navzivju-izmeri-36-40-sieviesu\/","title":{"rendered":"Surstr\u00f6mming konserv\u0113to zivju ze\u0137es  (izm.36-40)"},"content":{"rendered":"<p style=\"text-align: left;\">T\u0101s ir OFICI\u0100L\u0100S Surstr\u00f6mming ze\u0137es. Lab\u0101k\u0101s un smird\u012bg\u0101k\u0101s ze\u0137es pasaul\u0113. Neuztraucieties, smakas l\u012bmenis ir atkar\u012bgs tikai no j\u016bsu izv\u0113les. No sk\u0101rda k\u0101rbas n\u0101kot, \u0161\u012bs ir svaigas un t\u012bras ze\u0137es, kuras gaida, lai ieg\u016btu savu smaku.<\/p>\n<p style=\"text-align: left;\">\u013baujiet ze\u0137\u0113m smird\u0113t, jo tie\u0161i to t\u0101m vajadz\u0113tu dar\u012bt.<\/p>\n","protected":false},"excerpt":{"rendered":"<p style=\"text-align: center;\">T\u0101s ir OFICI\u0100L\u0100S Surstr\u00f6mming ze\u0137es.<\/p>\n","protected":false},"featured_media":94534,"template":"","meta":{"_jet_sm_ready_style":"","_jet_sm_style":"","_jet_sm_controls_values":"","_jet_sm_fonts_collection":"","_jet_sm_fonts_links":""},"pwb-brand":[1266],"product_cat":[101,105,103,567],"product_tag":[1474,1510],"class_list":{"0":"post-94561","1":"product","2":"type-product","3":"status-publish","4":"has-post-thumbnail","6":"pwb-brand-seik-lv","7":"product_cat-aksesuari","8":"product_cat-sievietem","9":"product_cat-viriesiem","10":"product_cat-zekes","11":"product_tag-gifts-under-20e","12":"product_tag-janu-ligo-davanu-idejas","14":"first","15":"instock","16":"taxable","17":"shipping-taxable","18":"purchasable","19":"product-type-simple"},"raw_content":{"name":"Surstr\u00f6mming konserv\u0113to zivju ze\u0137es  (izm.36-40)","description":"<p style=\"text-align: left;\">T\u0101s ir OFICI\u0100L\u0100S Surstr\u00f6mming ze\u0137es. Lab\u0101k\u0101s un smird\u012bg\u0101k\u0101s ze\u0137es pasaul\u0113. Neuztraucieties, smakas l\u012bmenis ir atkar\u012bgs tikai no j\u016bsu izv\u0113les. No sk\u0101rda k\u0101rbas n\u0101kot, \u0161\u012bs ir svaigas un t\u012bras ze\u0137es, kuras gaida, lai ieg\u016btu savu smaku.<\/p>\r\n<p style=\"text-align: left;\">\u013baujiet ze\u0137\u0113m smird\u0113t, jo tie\u0161i to t\u0101m vajadz\u0113tu dar\u012bt.<\/p>","short_description":"<p style=\"text-align: center;\">T\u0101s ir OFICI\u0100L\u0100S Surstr\u00f6mming ze\u0137es.<\/p>","status":"publish","sku":"seik-4744716019586","original":94539},"wpml":{"translation_type":1,"has_translations":true,"original":94539,"duplicates":[],"translations":{"lv":94561,"en":94539}},"brands":[{"id":1266,"name":"SEIK","slug":"seik-lv"}],"_links":{"self":[{"href":"https:\/\/m50.lv\/lv\/wp-json\/wp\/v2\/product\/94561","targetHints":{"allow":["GET"]}}],"collection":[{"href":"https:\/\/m50.lv\/lv\/wp-json\/wp\/v2\/product"}],"about":[{"href":"https:\/\/m50.lv\/lv\/wp-json\/wp\/v2\/types\/product"}],"version-history":[{"count":0,"href":"https:\/\/m50.lv\/lv\/wp-json\/wp\/v2\/product\/94561\/revisions"}],"wp:featuredmedia":[{"embeddable":true,"href":"https:\/\/m50.lv\/lv\/wp-json\/wp\/v2\/media\/94534"}],"wp:attachment":[{"href":"https:\/\/m50.lv\/lv\/wp-json\/wp\/v2\/media?parent=94561"}],"wp:term":[{"taxonomy":"pwb-brand","embeddable":true,"href":"https:\/\/m50.lv\/lv\/wp-json\/wp\/v2\/pwb-brand?post=94561"},{"taxonomy":"product_cat","embeddable":true,"href":"https:\/\/m50.lv\/lv\/wp-json\/wp\/v2\/product_cat?post=94561"},{"taxonomy":"product_tag","embeddable":true,"href":"https:\/\/m50.lv\/lv\/wp-json\/wp\/v2\/product_tag?post=94561"}],"curies":[{"name":"wp","href":"https:\/\/api.w.org\/{rel}","templated":true}]}}