{"id":94562,"date":"2021-01-19T00:02:58","date_gmt":"2021-01-18T22:02:58","guid":{"rendered":"https:\/\/m50.lv\/shop\/seik-rigas-konserveto-zivju-zekes-navzivju-35-40-sieviete\/"},"modified":"2025-12-16T14:44:27","modified_gmt":"2025-12-16T12:44:27","slug":"seik-rigas-konserveto-zivju-zekes-navzivju-35-40-sieviete","status":"publish","type":"product","link":"https:\/\/m50.lv\/lv\/product\/seik-rigas-konserveto-zivju-zekes-navzivju-35-40-sieviete\/","title":{"rendered":"SEIK R\u012aGAS KONSERV\u0112TO ZIVJU ZE\u0136ES #NAVZIVJU (35 \u2013 40, SIEVIETE)"},"content":{"rendered":"<p style=\"text-align: left;\">Uz \u0161\u012bm ze\u0137\u0113m ir att\u0113lots R\u012bgas siluets no Daugavas. To saucam ar\u012b par \u201c\u0161protu bund\u017eas skatu\u201d, jo uz t\u0101m varam redz\u0113t t\u0101du pa\u0161u siluetu. \u0160\u012bs ze\u0137es ir veidojusi jaun\u0101 m\u0101ksliniece Anne Hanni. Izbaudi silto p\u0113du saj\u016btu ar atg\u0101din\u0101jumu par ma\u0123iskajiem piedz\u012bvojumiem skaistaj\u0101 R\u012bg\u0101.<\/p>\n<p>Lai lieliski piedz\u012bvojumi R\u012bg\u0101!<\/p>\n","protected":false},"excerpt":{"rendered":"<p style=\"text-align: center;\">Uz \u0161\u012bm ze\u0137\u0113m ir att\u0113lots R\u012bgas siluets no Daugavas.<\/p>\n","protected":false},"featured_media":94546,"template":"","meta":{"_jet_sm_ready_style":"","_jet_sm_style":"","_jet_sm_controls_values":"","_jet_sm_fonts_collection":"","_jet_sm_fonts_links":""},"pwb-brand":[1266],"product_cat":[101,105,103,567],"product_tag":[1474],"class_list":{"0":"post-94562","1":"product","2":"type-product","3":"status-publish","4":"has-post-thumbnail","6":"pwb-brand-seik-lv","7":"product_cat-aksesuari","8":"product_cat-sievietem","9":"product_cat-viriesiem","10":"product_cat-zekes","11":"product_tag-gifts-under-20e","13":"first","14":"outofstock","15":"taxable","16":"shipping-taxable","17":"purchasable","18":"product-type-simple"},"raw_content":{"name":"SEIK R\u012aGAS KONSERV\u0112TO ZIVJU ZE\u0136ES #NAVZIVJU (35 \u2013 40, SIEVIETE)","description":"<p style=\"text-align: left;\">Uz \u0161\u012bm ze\u0137\u0113m ir att\u0113lots R\u012bgas siluets no Daugavas. To saucam ar\u012b par \u201c\u0161protu bund\u017eas skatu\u201d, jo uz t\u0101m varam redz\u0113t t\u0101du pa\u0161u siluetu. \u0160\u012bs ze\u0137es ir veidojusi jaun\u0101 m\u0101ksliniece Anne Hanni. Izbaudi silto p\u0113du saj\u016btu ar atg\u0101din\u0101jumu par ma\u0123iskajiem piedz\u012bvojumiem skaistaj\u0101 R\u012bg\u0101.\r\n\r\nLai lieliski piedz\u012bvojumi R\u012bg\u0101!<\/p>","short_description":"<p style=\"text-align: center;\">Uz \u0161\u012bm ze\u0137\u0113m ir att\u0113lots R\u012bgas siluets no Daugavas.<\/p>","status":"publish","sku":"1000568","original":94540},"wpml":{"translation_type":1,"has_translations":true,"original":94540,"duplicates":[],"translations":{"lv":94562,"en":94540}},"brands":[{"id":1266,"name":"SEIK","slug":"seik-lv"}],"_links":{"self":[{"href":"https:\/\/m50.lv\/lv\/wp-json\/wp\/v2\/product\/94562","targetHints":{"allow":["GET"]}}],"collection":[{"href":"https:\/\/m50.lv\/lv\/wp-json\/wp\/v2\/product"}],"about":[{"href":"https:\/\/m50.lv\/lv\/wp-json\/wp\/v2\/types\/product"}],"version-history":[{"count":0,"href":"https:\/\/m50.lv\/lv\/wp-json\/wp\/v2\/product\/94562\/revisions"}],"wp:featuredmedia":[{"embeddable":true,"href":"https:\/\/m50.lv\/lv\/wp-json\/wp\/v2\/media\/94546"}],"wp:attachment":[{"href":"https:\/\/m50.lv\/lv\/wp-json\/wp\/v2\/media?parent=94562"}],"wp:term":[{"taxonomy":"pwb-brand","embeddable":true,"href":"https:\/\/m50.lv\/lv\/wp-json\/wp\/v2\/pwb-brand?post=94562"},{"taxonomy":"product_cat","embeddable":true,"href":"https:\/\/m50.lv\/lv\/wp-json\/wp\/v2\/product_cat?post=94562"},{"taxonomy":"product_tag","embeddable":true,"href":"https:\/\/m50.lv\/lv\/wp-json\/wp\/v2\/product_tag?post=94562"}],"curies":[{"name":"wp","href":"https:\/\/api.w.org\/{rel}","templated":true}]}}