{"id":94654,"date":"2021-01-19T00:22:28","date_gmt":"2021-01-18T22:22:28","guid":{"rendered":"https:\/\/m50.lv\/shop\/seik-punktinklade-sapnipunktinklade-sapni\/"},"modified":"2022-01-18T00:00:44","modified_gmt":"2022-01-17T21:00:44","slug":"seik-punktinklade-sapnipunktinklade-sapni","status":"publish","type":"product","link":"https:\/\/m50.lv\/lv\/product\/seik-punktinklade-sapnipunktinklade-sapni\/","title":{"rendered":"SEIK PUNKTI\u0145KLADE SAP\u0145I"},"content":{"rendered":"<p style=\"text-align: left;\">Punkti\u0146kladi nekl\u0101j ne l\u012bnijas, ne r\u016bti\u0146as, bet punkti\u0146i, kas \u013cauj t\u0101s \u012bpa\u0161niekam piln\u012bb\u0101 izpausties. To var izmantot z\u012bm\u0113\u0161anai, grafikiem, eseju rakst\u012b\u0161anai, matem\u0101tikas uzdevumu risin\u0101\u0161anai, sarakstu veido\u0161anai un pat savas dz\u012bves pl\u0101no\u0161anai.<\/p>\n<p>KOMPLEKT\u0100: 2 KLADES<br \/>\nIZM\u0112RS: 240 x 170 mm<br \/>\nV\u0100CI\u0145I: Pap\u012bra v\u0101ki<br \/>\nLAPPU\u0160U SKAITS: 80<\/p>\n","protected":false},"excerpt":{"rendered":"<p style=\"text-align: center;\">Punkti\u0146kladi nekl\u0101j ne l\u012bnijas, ne r\u016bti\u0146as, bet punkti\u0146i, kas \u013cauj t\u0101s \u012bpa\u0161niekam piln\u012bb\u0101 izpausties.<\/p>\n","protected":false},"featured_media":94588,"template":"","meta":{"_jet_sm_ready_style":"","_jet_sm_style":"","_jet_sm_controls_values":"","_jet_sm_fonts_collection":"","_jet_sm_fonts_links":""},"pwb-brand":[1266],"product_cat":[193,109,105,103],"product_tag":[1396],"class_list":{"0":"post-94654","1":"product","2":"type-product","3":"status-publish","4":"has-post-thumbnail","6":"pwb-brand-seik-lv","7":"product_cat-davanas","8":"product_cat-gramatas","9":"product_cat-sievietem","10":"product_cat-viriesiem","11":"product_tag-zem20-lv","13":"first","14":"outofstock","15":"taxable","16":"shipping-taxable","17":"purchasable","18":"product-type-simple"},"raw_content":{"name":"SEIK PUNKTI\u0145KLADE SAP\u0145I","description":"<p style=\"text-align: left;\">Punkti\u0146kladi nekl\u0101j ne l\u012bnijas, ne r\u016bti\u0146as, bet punkti\u0146i, kas \u013cauj t\u0101s \u012bpa\u0161niekam piln\u012bb\u0101 izpausties. To var izmantot z\u012bm\u0113\u0161anai, grafikiem, eseju rakst\u012b\u0161anai, matem\u0101tikas uzdevumu risin\u0101\u0161anai, sarakstu veido\u0161anai un pat savas dz\u012bves pl\u0101no\u0161anai.\r\n\r\nKOMPLEKT\u0100: 2 KLADES\r\nIZM\u0112RS: 240 x 170 mm\r\nV\u0100CI\u0145I: Pap\u012bra v\u0101ki\r\nLAPPU\u0160U SKAITS: 80<\/p>","short_description":"<p style=\"text-align: center;\">Punkti\u0146kladi nekl\u0101j ne l\u012bnijas, ne r\u016bti\u0146as, bet punkti\u0146i, kas \u013cauj t\u0101s \u012bpa\u0161niekam piln\u012bb\u0101 izpausties.<\/p>","status":"publish","sku":"1000557","original":94584},"wpml":{"translation_type":1,"has_translations":true,"original":94584,"duplicates":[],"translations":{"lv":94654,"en":94584}},"brands":[{"id":1266,"name":"SEIK","slug":"seik-lv"}],"_links":{"self":[{"href":"https:\/\/m50.lv\/lv\/wp-json\/wp\/v2\/product\/94654","targetHints":{"allow":["GET"]}}],"collection":[{"href":"https:\/\/m50.lv\/lv\/wp-json\/wp\/v2\/product"}],"about":[{"href":"https:\/\/m50.lv\/lv\/wp-json\/wp\/v2\/types\/product"}],"version-history":[{"count":0,"href":"https:\/\/m50.lv\/lv\/wp-json\/wp\/v2\/product\/94654\/revisions"}],"wp:featuredmedia":[{"embeddable":true,"href":"https:\/\/m50.lv\/lv\/wp-json\/wp\/v2\/media\/94588"}],"wp:attachment":[{"href":"https:\/\/m50.lv\/lv\/wp-json\/wp\/v2\/media?parent=94654"}],"wp:term":[{"taxonomy":"pwb-brand","embeddable":true,"href":"https:\/\/m50.lv\/lv\/wp-json\/wp\/v2\/pwb-brand?post=94654"},{"taxonomy":"product_cat","embeddable":true,"href":"https:\/\/m50.lv\/lv\/wp-json\/wp\/v2\/product_cat?post=94654"},{"taxonomy":"product_tag","embeddable":true,"href":"https:\/\/m50.lv\/lv\/wp-json\/wp\/v2\/product_tag?post=94654"}],"curies":[{"name":"wp","href":"https:\/\/api.w.org\/{rel}","templated":true}]}}