{"id":99377,"date":"2021-02-18T21:46:59","date_gmt":"2021-02-18T19:46:59","guid":{"rendered":"https:\/\/m50.lv\/shop\/24bottles-urban-pudele-500ml-sage\/"},"modified":"2026-04-15T13:42:44","modified_gmt":"2026-04-15T11:42:44","slug":"24bottles-urban-pudele-500ml-sage","status":"publish","type":"product","link":"https:\/\/m50.lv\/lv\/product\/24bottles-urban-pudele-500ml-sage\/","title":{"rendered":"24Bottles Urban Pudele 500ml Sage"},"content":{"rendered":"<p style=\"text-align: left;\">Gar akme\u0146ain\u0101s taci\u0146as malu, kas l\u012bkumo uz virsotnes pusi, kuplo salvija &#8211; t\u0101s smalkais arom\u0101ts pavada ce\u013cot\u0101jus, v\u0113l ilgi paliekot vi\u0146u atmi\u0146\u0101s. <\/p>\n<p>Urban tipa pudele ir viegla, ner\u016bs\u0113jo\u0161a t\u0113rauda pudele, kas ar prieku atg\u0101din\u0101s, cik svar\u012bgi ir padzerties \u016bdeni, ejot dienas gait\u0101s.<\/p>\n<p>24 Bottles Urban pudeles 500ml specifik\u0101cija:<\/p>\n<ul style=\"text-align: left;\">\n<li>diametrs: 6,5 cm, atv\u0113rums: 3,3cm, augstums 21 cm,<\/li>\n<li>svars 117g<\/li>\n<li>Nesatur BPA, ftal\u0101tus, toks\u012bnus<\/li>\n<li>Piem\u0113rota sk\u0101biem un g\u0101z\u0113tiem dz\u0113rieniem<\/li>\n<li>Nesaglab\u0101 un neizdala arom\u0101tu<\/li>\n<li>BPA nesaturo\u0161s v\u0101ci\u0146\u0161 ar \u0161\u0137idrumu necaurlaid\u012bgu silikona aizdari<\/li>\n<li>Atverama ar vienu griezienu<\/li>\n<li>Plats atv\u0113rums ledus iepild\u012b\u0161anai un vieglai t\u012br\u012b\u0161anai Ieteicams mazg\u0101t ar rok\u0101m.<\/li>\n<li>Ilgtsp\u0113j\u012bgs risin\u0101jums plastmasas pude\u013cu alternat\u012bvai un liekas naudas \u0161\u0137ie\u0161anai veikalu \u016bdens ieg\u0101d\u0113.<\/li>\n<\/ul>\n<p style=\"text-align: left;\">Par 24 Bottles \u012bpa\u0161\u012bb\u0101m un z\u012bmola filosofiju vair\u0101k lasi \u0161eit:<\/p>\n<blockquote class=\"wp-embedded-content\" data-secret=\"fW03ILHfV7\"><p><a href=\"https:\/\/m50.lv\/lv\/2020\/02\/05\/dzivo-zalak-ar-24bottles\/\">Dz\u012bvo za\u013c\u0101k ar 24Bottles!<\/a><\/p><\/blockquote>\n<p><iframe class=\"wp-embedded-content\" sandbox=\"allow-scripts\" security=\"restricted\" style=\"position: absolute; clip: rect(1px, 1px, 1px, 1px);\" title=\"&#8220;Dz\u012bvo za\u013c\u0101k ar 24Bottles!&#8221; &#8212; m50.lv\" src=\"https:\/\/m50.lv\/lv\/2020\/02\/05\/dzivo-zalak-ar-24bottles\/embed\/#?secret=K41usTmqIV#?secret=fW03ILHfV7\" data-secret=\"fW03ILHfV7\" width=\"600\" height=\"338\" frameborder=\"0\" marginwidth=\"0\" marginheight=\"0\" scrolling=\"no\"><\/iframe><\/p>\n","protected":false},"excerpt":{"rendered":"<p>Gar akme\u0146ain\u0101s taci\u0146as malu, kas l\u012bkumo uz virsotnes pusi, kuplo salvija &#8211; t\u0101s smalkais arom\u0101ts pavada ce\u013cot\u0101jus, v\u0113l ilgi paliekot vi\u0146u atmi\u0146\u0101s.<br \/>\nUrban tipa pudele ir viegla, ner\u016bs\u0113jo\u0161a t\u0113rauda pudele, kas ar prieku atg\u0101din\u0101s, cik svar\u012bgi ir padzerties \u016bdeni, ejot dienas gait\u0101s.<\/p>\n","protected":false},"featured_media":99727,"template":"","meta":{"_jet_sm_ready_style":"","_jet_sm_style":"","_jet_sm_controls_values":"","_jet_sm_fonts_collection":"","_jet_sm_fonts_links":""},"pwb-brand":[1251],"product_cat":[202,710,238],"product_tag":[1474],"class_list":{"0":"post-99377","1":"product","2":"type-product","3":"status-publish","4":"has-post-thumbnail","6":"pwb-brand-24bottles-lv","7":"product_cat-24bottles-lv","8":"product_cat-urban","9":"product_cat-zerowaste-lv","10":"product_tag-gifts-under-20e","12":"first","13":"instock","14":"taxable","15":"shipping-taxable","16":"purchasable","17":"product-type-simple"},"raw_content":{"name":"24Bottles Urban Pudele 500ml Sage","description":"<p style=\"text-align: left;\">Gar akme\u0146ain\u0101s taci\u0146as malu, kas l\u012bkumo uz virsotnes pusi, kuplo salvija - t\u0101s smalkais arom\u0101ts pavada ce\u013cot\u0101jus, v\u0113l ilgi paliekot vi\u0146u atmi\u0146\u0101s. \r\n\r\nUrban tipa pudele ir viegla, ner\u016bs\u0113jo\u0161a t\u0113rauda pudele, kas ar prieku atg\u0101din\u0101s, cik svar\u012bgi ir padzerties \u016bdeni, ejot dienas gait\u0101s.\r\n\r\n24 Bottles Urban pudeles 500ml specifik\u0101cija:<\/p>\r\n\r\n<ul style=\"text-align: left;\">\r\n \t<li>diametrs: 6,5 cm, atv\u0113rums: 3,3cm, augstums 21 cm,<\/li>\r\n \t<li>svars 117g<\/li>\r\n \t<li>Nesatur BPA, ftal\u0101tus, toks\u012bnus<\/li>\r\n \t<li>Piem\u0113rota sk\u0101biem un g\u0101z\u0113tiem dz\u0113rieniem<\/li>\r\n \t<li>Nesaglab\u0101 un neizdala arom\u0101tu<\/li>\r\n \t<li>BPA nesaturo\u0161s v\u0101ci\u0146\u0161 ar \u0161\u0137idrumu necaurlaid\u012bgu silikona aizdari<\/li>\r\n \t<li>Atverama ar vienu griezienu<\/li>\r\n \t<li>Plats atv\u0113rums ledus iepild\u012b\u0161anai un vieglai t\u012br\u012b\u0161anai Ieteicams mazg\u0101t ar rok\u0101m.<\/li>\r\n \t<li>Ilgtsp\u0113j\u012bgs risin\u0101jums plastmasas pude\u013cu alternat\u012bvai un liekas naudas \u0161\u0137ie\u0161anai veikalu \u016bdens ieg\u0101d\u0113.<\/li>\r\n<\/ul>\r\n<p style=\"text-align: left;\">Par 24 Bottles \u012bpa\u0161\u012bb\u0101m un z\u012bmola filosofiju vair\u0101k lasi \u0161eit:<\/p>\r\n<p>https:\/\/m50.lv\/lv\/2020\/02\/05\/dzivo-zalak-ar-24bottles\/<\/p>","short_description":"Gar akme\u0146ain\u0101s taci\u0146as malu, kas l\u012bkumo uz virsotnes pusi, kuplo salvija - t\u0101s smalkais arom\u0101ts pavada ce\u013cot\u0101jus, v\u0113l ilgi paliekot vi\u0146u atmi\u0146\u0101s. \r\nUrban tipa pudele ir viegla, ner\u016bs\u0113jo\u0161a t\u0113rauda pudele, kas ar prieku atg\u0101din\u0101s, cik svar\u012bgi ir padzerties \u016bdeni, ejot dienas gait\u0101s.","status":"publish","sku":"urban-500-sage","original":99331},"wpml":{"translation_type":1,"has_translations":true,"original":99331,"duplicates":[],"translations":{"lv":99377,"en":99331}},"brands":[{"id":1251,"name":"24Bottles","slug":"24bottles-lv"}],"_links":{"self":[{"href":"https:\/\/m50.lv\/lv\/wp-json\/wp\/v2\/product\/99377","targetHints":{"allow":["GET"]}}],"collection":[{"href":"https:\/\/m50.lv\/lv\/wp-json\/wp\/v2\/product"}],"about":[{"href":"https:\/\/m50.lv\/lv\/wp-json\/wp\/v2\/types\/product"}],"version-history":[{"count":0,"href":"https:\/\/m50.lv\/lv\/wp-json\/wp\/v2\/product\/99377\/revisions"}],"wp:featuredmedia":[{"embeddable":true,"href":"https:\/\/m50.lv\/lv\/wp-json\/wp\/v2\/media\/99727"}],"wp:attachment":[{"href":"https:\/\/m50.lv\/lv\/wp-json\/wp\/v2\/media?parent=99377"}],"wp:term":[{"taxonomy":"pwb-brand","embeddable":true,"href":"https:\/\/m50.lv\/lv\/wp-json\/wp\/v2\/pwb-brand?post=99377"},{"taxonomy":"product_cat","embeddable":true,"href":"https:\/\/m50.lv\/lv\/wp-json\/wp\/v2\/product_cat?post=99377"},{"taxonomy":"product_tag","embeddable":true,"href":"https:\/\/m50.lv\/lv\/wp-json\/wp\/v2\/product_tag?post=99377"}],"curies":[{"name":"wp","href":"https:\/\/api.w.org\/{rel}","templated":true}]}}